{"id":23926,"date":"2023-10-19T15:40:15","date_gmt":"2023-10-19T12:40:15","guid":{"rendered":"https:\/\/nukon.ctemplate.com\/industry-4-0\/"},"modified":"2025-04-06T19:30:18","modified_gmt":"2025-04-06T16:30:18","slug":"industry-4-0","status":"publish","type":"page","link":"https:\/\/www.nukon.com.tr\/tr\/industry-4-0\/","title":{"rendered":"END\u00dcSTR\u0130 4.0\u200b"},"content":{"rendered":"\t\t<div data-elementor-type=\"wp-page\" data-elementor-id=\"23926\" class=\"elementor elementor-23926 elementor-17142\" data-elementor-settings=\"{&quot;ha_cmc_init_switcher&quot;:&quot;no&quot;}\" data-elementor-post-type=\"page\">\n\t\t\t\t\t\t<section class=\"elementor-section elementor-top-section elementor-element elementor-element-ae549b9 elementor-section-height-min-height elementor-section-stretched elementor-section-boxed elementor-section-height-default elementor-section-items-middle\" data-id=\"ae549b9\" data-element_type=\"section\" data-e-type=\"section\" data-settings=\"{&quot;jet_parallax_layout_list&quot;:[],&quot;background_background&quot;:&quot;classic&quot;,&quot;stretch_section&quot;:&quot;section-stretched&quot;}\">\n\t\t\t\t\t\t<div class=\"elementor-container elementor-column-gap-no\">\n\t\t\t\t\t<div class=\"elementor-column elementor-col-100 elementor-top-column elementor-element elementor-element-1aebc40\" data-id=\"1aebc40\" data-element_type=\"column\" data-e-type=\"column\">\n\t\t\t<div class=\"elementor-widget-wrap elementor-element-populated\">\n\t\t\t\t\t\t<div class=\"elementor-element elementor-element-08455fe elementor-widget elementor-widget-image\" data-id=\"08455fe\" data-element_type=\"widget\" data-e-type=\"widget\" data-widget_type=\"image.default\">\n\t\t\t\t<div class=\"elementor-widget-container\">\n\t\t\t\t\t\t\t\t\t\t\t\t\t\t\t<img fetchpriority=\"high\" decoding=\"async\" width=\"2560\" height=\"987\" src=\"https:\/\/www.nukon.com.tr\/wp-content\/uploads\/2023\/10\/industry4.0-nukon-scaled.webp\" class=\"attachment-full size-full wp-image-23298\" alt=\"\" srcset=\"https:\/\/www.nukon.com.tr\/wp-content\/uploads\/2023\/10\/industry4.0-nukon-scaled.webp 2560w, https:\/\/www.nukon.com.tr\/wp-content\/uploads\/2023\/10\/industry4.0-nukon-300x116.webp 300w, https:\/\/www.nukon.com.tr\/wp-content\/uploads\/2023\/10\/industry4.0-nukon-1024x395.webp 1024w, https:\/\/www.nukon.com.tr\/wp-content\/uploads\/2023\/10\/industry4.0-nukon-768x296.webp 768w, https:\/\/www.nukon.com.tr\/wp-content\/uploads\/2023\/10\/industry4.0-nukon-1536x592.webp 1536w, https:\/\/www.nukon.com.tr\/wp-content\/uploads\/2023\/10\/industry4.0-nukon-2048x790.webp 2048w, https:\/\/www.nukon.com.tr\/wp-content\/uploads\/2023\/10\/industry4.0-nukon-18x7.webp 18w\" sizes=\"(max-width: 2560px) 100vw, 2560px\" title=\"\">\t\t\t\t\t\t\t\t\t\t\t\t\t\t\t<\/div>\n\t\t\t\t<\/div>\n\t\t\t\t\t<\/div>\n\t\t<\/div>\n\t\t\t\t\t<\/div>\n\t\t<\/section>\n\t\t\t\t<section class=\"elementor-section elementor-top-section elementor-element elementor-element-fc7c9ee elementor-section-boxed elementor-section-height-default elementor-section-height-default\" data-id=\"fc7c9ee\" data-element_type=\"section\" data-e-type=\"section\" data-settings=\"{&quot;background_background&quot;:&quot;classic&quot;,&quot;jet_parallax_layout_list&quot;:[]}\">\n\t\t\t\t\t\t<div class=\"elementor-container elementor-column-gap-default\">\n\t\t\t\t\t<div class=\"elementor-column elementor-col-100 elementor-top-column elementor-element elementor-element-24437a2\" data-id=\"24437a2\" data-element_type=\"column\" data-e-type=\"column\" data-settings=\"{&quot;background_background&quot;:&quot;classic&quot;}\">\n\t\t\t<div class=\"elementor-widget-wrap elementor-element-populated\">\n\t\t\t\t\t\t<div class=\"elementor-element elementor-element-acf4c9d elementor-invisible elementor-widget elementor-widget-heading\" data-id=\"acf4c9d\" data-element_type=\"widget\" data-e-type=\"widget\" data-settings=\"{&quot;_animation&quot;:&quot;fadeInDown&quot;}\" data-widget_type=\"heading.default\">\n\t\t\t\t<div class=\"elementor-widget-container\">\n\t\t\t\t\t<h2 class=\"elementor-heading-title elementor-size-default\">END\u00dcSTR\u0130 4.0<\/h2>\t\t\t\t<\/div>\n\t\t\t\t<\/div>\n\t\t\t\t<div class=\"elementor-element elementor-element-0ce705c elementor-invisible elementor-widget elementor-widget-heading\" data-id=\"0ce705c\" data-element_type=\"widget\" data-e-type=\"widget\" data-settings=\"{&quot;_animation&quot;:&quot;fadeInDown&quot;}\" data-widget_type=\"heading.default\">\n\t\t\t\t<div class=\"elementor-widget-container\">\n\t\t\t\t\t<h2 class=\"elementor-heading-title elementor-size-default\">\u00dcretimde Dijital D\u00f6n\u00fc\u015f\u00fcm\u00fcn Y\u00fckseli\u015fi<\/h2>\t\t\t\t<\/div>\n\t\t\t\t<\/div>\n\t\t\t\t<div class=\"elementor-element elementor-element-bd93db4 elementor-invisible elementor-widget elementor-widget-icon-box\" data-id=\"bd93db4\" data-element_type=\"widget\" data-e-type=\"widget\" data-settings=\"{&quot;_animation&quot;:&quot;fadeInDown&quot;}\" data-widget_type=\"icon-box.default\">\n\t\t\t\t<div class=\"elementor-widget-container\">\n\t\t\t\t\t\t\t<div class=\"elementor-icon-box-wrapper\">\n\n\t\t\t\n\t\t\t\t\t\t<div class=\"elementor-icon-box-content\">\n\n\t\t\t\t\n\t\t\t\t\t\t\t\t\t<p class=\"elementor-icon-box-description\">\n\t\t\t\t\t\tEnd\u00fcstri 4.0, ak\u0131ll\u0131 teknolojilerin entegrasyonu ve modern \u00fcretim s\u00fcre\u00e7lerinin dijitalle\u015ftirilmesiyle ilgili bir kavramd\u0131r. Bu yeni end\u00fcstriyel devrim, \u00fcretim s\u00fcre\u00e7lerinde verimlili\u011fi art\u0131rmay\u0131, rekabet avantaj\u0131 elde etmeyi ve daha esnek \u00fcretim f\u0131rsatlar\u0131 sa\u011flamay\u0131 ama\u00e7lamaktad\u0131r. Bir fiber lazer kesim makinesi \u00fcreticisi olarak, End\u00fcstri 4.0'\u0131n sundu\u011fu f\u0131rsatlar\u0131 ve bu d\u00f6n\u00fc\u015f\u00fcmde fiber lazer teknolojisinin rol\u00fcn\u00fc yak\u0131ndan takip ediyoruz.\n<br><br>\nEnd\u00fcstri 4.0'\u0131n temel bile\u015fenlerinden biri, operasyonel verimlili\u011fi art\u0131r\u0131rken fiber lazer kesim makinelerimizin performans\u0131n\u0131 art\u0131ran ak\u0131ll\u0131 \u00fcretim sistemleridir. Makinelerimizin sa\u011flad\u0131\u011f\u0131 veri analizi ve otomasyon \u00f6zellikleri, \u00fcretim s\u00fcre\u00e7lerini daha \u00f6ng\u00f6r\u00fclebilir hale getirir, hatalar\u0131 en aza indirir ve \u00fcretim duru\u015f s\u00fcresini \u00f6nemli \u00f6l\u00e7\u00fcde azalt\u0131r.\n<br>\nFiber lazer kesim makinelerimizin End\u00fcstri 4.0 ile entegrasyonu, ger\u00e7ek zamanl\u0131 veri ak\u0131\u015f\u0131 ve kontrol\u00fc sa\u011flayarak \u00fcretim s\u00fcre\u00e7lerini daha verimli ve esnek hale getirir. Bu da, \u00fcr\u00fcnleri daha h\u0131zl\u0131 ve daha kaliteli teslim etmemize yard\u0131mc\u0131 olur. Ayr\u0131ca, uzaktan izleme ve bak\u0131m se\u00e7enekleri sayesinde, makine performans\u0131n\u0131n her zaman ger\u00e7ek zamanl\u0131 olarak izlenmesini sa\u011fl\u0131yoruz. <br><br>\nFiber lazer kesim makinelerimizin End\u00fcstri 4.0 ile entegre yap\u0131s\u0131, artan \u00fcretim verimlili\u011fi, enerji tasarrufu ve \u00fcretim s\u00fcre\u00e7lerinde azalt\u0131lm\u0131\u015f at\u0131k gibi \u00e7evresel faydalar sa\u011flar. Bu, s\u00fcrd\u00fcr\u00fclebilir \u00fcretim hedeflerimizi destekler ve karbon ayak izimizi azaltmaya yard\u0131mc\u0131 olur.\n<br><br>\nFiber lazer kesim makinesi teknolojisindeki End\u00fcstri 4.0 odakl\u0131 yakla\u015f\u0131m\u0131m\u0131z, m\u00fc\u015fterilerimize daha h\u0131zl\u0131 ve daha esnek \u00e7\u00f6z\u00fcmler sunmam\u0131z\u0131, sekt\u00f6rdeki rekabet avantaj\u0131m\u0131z\u0131 g\u00fc\u00e7lendirirken \u00fcretim verimlili\u011fini ve kalitesini iyile\u015ftirmemizi sa\u011flar.\n<br><br>\nEnd\u00fcstri 4.0'\u0131n getirdi\u011fi dijital d\u00f6n\u00fc\u015f\u00fcm\u00fc benimseyerek, fiber lazer kesim makinesi \u00fcretimi ve m\u00fc\u015fteri memnuniyetinde yeni bir standart belirliyoruz. Daha ak\u0131ll\u0131, daha esnek ve s\u00fcrd\u00fcr\u00fclebilir \u00fcretim i\u00e7in End\u00fcstri 4.0'\u0131n sa\u011flad\u0131\u011f\u0131 f\u0131rsatlardan en iyi \u015fekilde yararlanmaya devam edece\u011fiz.\"\t\t\t\t\t<\/p>\n\t\t\t\t\n\t\t\t<\/div>\n\t\t\t\n\t\t<\/div>\n\t\t\t\t\t\t<\/div>\n\t\t\t\t<\/div>\n\t\t\t\t\t<\/div>\n\t\t<\/div>\n\t\t\t\t\t<\/div>\n\t\t<\/section>\n\t\t\t\t<section class=\"jet-tricks-particles-section elementor-section elementor-top-section elementor-element elementor-element-0cab60c elementor-section-boxed elementor-section-height-default elementor-section-height-default\" data-id=\"0cab60c\" data-element_type=\"section\" data-e-type=\"section\" data-settings=\"{&quot;jet_parallax_layout_list&quot;:[],&quot;background_background&quot;:&quot;classic&quot;}\">\n\t\t\t\t\t\t<div class=\"elementor-container elementor-column-gap-default\">\n\t\t\t\t\t<div class=\"elementor-column elementor-col-100 elementor-top-column elementor-element elementor-element-2d18349\" data-id=\"2d18349\" data-element_type=\"column\" data-e-type=\"column\">\n\t\t\t<div class=\"elementor-widget-wrap elementor-element-populated\">\n\t\t\t\t\t\t<div class=\"elementor-element elementor-element-2248aa0 elementor-widget elementor-widget-heading\" data-id=\"2248aa0\" data-element_type=\"widget\" data-e-type=\"widget\" data-widget_type=\"heading.default\">\n\t\t\t\t<div class=\"elementor-widget-container\">\n\t\t\t\t\t<h3 class=\"elementor-heading-title elementor-size-default\">Uygun \u00fcr\u00fcn\u00fc bulman\u0131z i\u00e7in size yard\u0131mc\u0131 olmam\u0131z\u0131 ister misiniz ?\n<\/h3>\t\t\t\t<\/div>\n\t\t\t\t<\/div>\n\t\t\t\t<div class=\"elementor-element elementor-element-b426277 elementor-cta--valign-middle elementor-cta--skin-classic elementor-animated-content elementor-widget elementor-widget-call-to-action\" data-id=\"b426277\" data-element_type=\"widget\" data-e-type=\"widget\" data-widget_type=\"call-to-action.default\">\n\t\t\t\t<div class=\"elementor-widget-container\">\n\t\t\t\t\t\t\t<div class=\"elementor-cta\">\n\t\t\t\t\t\t\t<div class=\"elementor-cta__content\">\n\t\t\t\t\t\t\t\t\t<div class=\"elementor-content-item elementor-cta__content-item elementor-icon-wrapper elementor-cta__icon elementor-view-default\">\n\t\t\t\t\t\t<div class=\"elementor-icon\">\n\t\t\t\t\t\t\t\t\t\t\t\t\t<\/div>\n\t\t\t\t\t<\/div>\n\t\t\t\t\n\t\t\t\t\n\t\t\t\t\n\t\t\t\t\t\t\t\t\t<div class=\"elementor-cta__button-wrapper elementor-cta__content-item elementor-content-item \">\n\t\t\t\t\t<a class=\"elementor-cta__button elementor-button elementor-size-md\" href=\"#elementor-action%3Aaction%3Dpopup%3Aopen%26settings%3DeyJpZCI6MjUzMTcsInRvZ2dsZSI6ZmFsc2V9\">\n\t\t\t\t\t\tBize Ula\u015f\u0131n\t\t\t\t\t<\/a>\n\t\t\t\t\t<\/div>\n\t\t\t\t\t\t\t<\/div>\n\t\t\t\t\t\t<\/div>\n\t\t\t\t\t\t<\/div>\n\t\t\t\t<\/div>\n\t\t\t\t\t<\/div>\n\t\t<\/div>\n\t\t\t\t\t<\/div>\n\t\t<\/section>\n\t\t\t\t<\/div>\n\t\t","protected":false},"excerpt":{"rendered":"<p>END\u00dcSTR\u0130 4.0 \u00dcretimde Dijital D\u00f6n\u00fc\u015f\u00fcm\u00fcn Y\u00fckseli\u015fi End\u00fcstri 4.0, ak\u0131ll\u0131 teknolojilerin entegrasyonu ve modern \u00fcretim s\u00fcre\u00e7lerinin dijitalle\u015ftirilmesiyle ilgili bir kavramd\u0131r. Bu yeni end\u00fcstriyel devrim, \u00fcretim s\u00fcre\u00e7lerinde verimlili\u011fi art\u0131rmay\u0131, rekabet avantaj\u0131 elde etmeyi ve daha esnek \u00fcretim f\u0131rsatlar\u0131 sa\u011flamay\u0131 ama\u00e7lamaktad\u0131r. Bir fiber lazer kesim makinesi \u00fcreticisi olarak, End\u00fcstri 4.0&#8217;\u0131n sundu\u011fu f\u0131rsatlar\u0131 ve bu d\u00f6n\u00fc\u015f\u00fcmde fiber lazer teknolojisinin [&hellip;]<\/p>\n","protected":false},"author":3,"featured_media":0,"parent":0,"menu_order":0,"comment_status":"closed","ping_status":"closed","template":"","meta":{"footnotes":""},"class_list":["post-23926","page","type-page","status-publish","hentry"],"_links":{"self":[{"href":"https:\/\/www.nukon.com.tr\/tr\/wp-json\/wp\/v2\/pages\/23926","targetHints":{"allow":["GET"]}}],"collection":[{"href":"https:\/\/www.nukon.com.tr\/tr\/wp-json\/wp\/v2\/pages"}],"about":[{"href":"https:\/\/www.nukon.com.tr\/tr\/wp-json\/wp\/v2\/types\/page"}],"author":[{"embeddable":true,"href":"https:\/\/www.nukon.com.tr\/tr\/wp-json\/wp\/v2\/users\/3"}],"replies":[{"embeddable":true,"href":"https:\/\/www.nukon.com.tr\/tr\/wp-json\/wp\/v2\/comments?post=23926"}],"version-history":[{"count":10,"href":"https:\/\/www.nukon.com.tr\/tr\/wp-json\/wp\/v2\/pages\/23926\/revisions"}],"predecessor-version":[{"id":25108,"href":"https:\/\/www.nukon.com.tr\/tr\/wp-json\/wp\/v2\/pages\/23926\/revisions\/25108"}],"wp:attachment":[{"href":"https:\/\/www.nukon.com.tr\/tr\/wp-json\/wp\/v2\/media?parent=23926"}],"curies":[{"name":"wp","href":"https:\/\/api.w.org\/{rel}","templated":true}]}}