{"id":23865,"date":"2024-12-09T23:42:54","date_gmt":"2024-12-09T20:42:54","guid":{"rendered":"https:\/\/nukon.ctemplate.com\/plus-cut\/"},"modified":"2025-05-28T11:29:39","modified_gmt":"2025-05-28T08:29:39","slug":"plus-kesim","status":"publish","type":"page","link":"https:\/\/www.nukon.com.tr\/tr\/plus-kesim\/","title":{"rendered":"Plus Kesim"},"content":{"rendered":"\t\t<div data-elementor-type=\"wp-page\" data-elementor-id=\"23865\" class=\"elementor elementor-23865 elementor-20160\" data-elementor-settings=\"{&quot;ha_cmc_init_switcher&quot;:&quot;no&quot;}\" data-elementor-post-type=\"page\">\n\t\t\t\t\t\t<section class=\"elementor-section elementor-top-section elementor-element elementor-element-c4933c6 elementor-section-boxed elementor-section-height-default elementor-section-height-default\" data-id=\"c4933c6\" data-element_type=\"section\" data-e-type=\"section\" data-settings=\"{&quot;jet_parallax_layout_list&quot;:[],&quot;background_background&quot;:&quot;classic&quot;}\">\n\t\t\t\t\t\t<div class=\"elementor-container elementor-column-gap-no\">\n\t\t\t\t\t<div class=\"elementor-column elementor-col-100 elementor-top-column elementor-element elementor-element-282e967\" data-id=\"282e967\" data-element_type=\"column\" data-e-type=\"column\">\n\t\t\t<div class=\"elementor-widget-wrap elementor-element-populated\">\n\t\t\t\t\t\t<div class=\"elementor-element elementor-element-5dd0996 elementor-widget elementor-widget-video\" data-id=\"5dd0996\" data-element_type=\"widget\" data-e-type=\"widget\" data-settings=\"{&quot;video_type&quot;:&quot;hosted&quot;,&quot;autoplay&quot;:&quot;yes&quot;,&quot;play_on_mobile&quot;:&quot;yes&quot;,&quot;loop&quot;:&quot;yes&quot;,&quot;controls&quot;:&quot;yes&quot;}\" data-widget_type=\"video.default\">\n\t\t\t\t<div class=\"elementor-widget-container\">\n\t\t\t\t\t\t\t<div class=\"e-hosted-video elementor-wrapper elementor-open-inline\">\n\t\t\t\t\t<video class=\"elementor-video\" src=\"https:\/\/www.nukon.com.tr\/wp-content\/uploads\/2022\/10\/Filmim-10.mp4\" autoplay=\"\" loop=\"\" controls=\"\" playsinline=\"\" controlsList=\"nodownload\"><\/video>\n\t\t\t\t<\/div>\n\t\t\t\t\t\t<\/div>\n\t\t\t\t<\/div>\n\t\t\t\t\t<\/div>\n\t\t<\/div>\n\t\t\t\t\t<\/div>\n\t\t<\/section>\n\t\t\t\t<section class=\"elementor-section elementor-top-section elementor-element elementor-element-a8c6e88 elementor-section-boxed elementor-section-height-default elementor-section-height-default\" data-id=\"a8c6e88\" data-element_type=\"section\" data-e-type=\"section\" data-settings=\"{&quot;jet_parallax_layout_list&quot;:[]}\">\n\t\t\t\t\t\t<div class=\"elementor-container elementor-column-gap-default\">\n\t\t\t\t\t<div class=\"elementor-column elementor-col-100 elementor-top-column elementor-element elementor-element-5816df1\" data-id=\"5816df1\" data-element_type=\"column\" data-e-type=\"column\">\n\t\t\t<div class=\"elementor-widget-wrap elementor-element-populated\">\n\t\t\t\t\t\t<section class=\"elementor-section elementor-inner-section elementor-element elementor-element-d94a570 elementor-section-boxed elementor-section-height-default elementor-section-height-default\" data-id=\"d94a570\" data-element_type=\"section\" data-e-type=\"section\" data-settings=\"{&quot;jet_parallax_layout_list&quot;:[],&quot;background_background&quot;:&quot;classic&quot;}\">\n\t\t\t\t\t\t<div class=\"elementor-container elementor-column-gap-default\">\n\t\t\t\t\t<div class=\"elementor-column elementor-col-50 elementor-inner-column elementor-element elementor-element-d249a15\" data-id=\"d249a15\" data-element_type=\"column\" data-e-type=\"column\">\n\t\t\t<div class=\"elementor-widget-wrap\">\n\t\t\t\t\t\t\t<\/div>\n\t\t<\/div>\n\t\t\t\t<div class=\"elementor-column elementor-col-50 elementor-inner-column elementor-element elementor-element-c88df2d\" data-id=\"c88df2d\" data-element_type=\"column\" data-e-type=\"column\">\n\t\t\t<div class=\"elementor-widget-wrap elementor-element-populated\">\n\t\t\t\t\t\t<div class=\"elementor-element elementor-element-86d1cbb elementor-widget elementor-widget-heading\" data-id=\"86d1cbb\" data-element_type=\"widget\" data-e-type=\"widget\" data-widget_type=\"heading.default\">\n\t\t\t\t<div class=\"elementor-widget-container\">\n\t\t\t\t\t<h2 class=\"elementor-heading-title elementor-size-default\">Plus Cut<\/h2>\t\t\t\t<\/div>\n\t\t\t\t<\/div>\n\t\t\t\t\t<\/div>\n\t\t<\/div>\n\t\t\t\t\t<\/div>\n\t\t<\/section>\n\t\t\t\t<section class=\"elementor-section elementor-inner-section elementor-element elementor-element-edad319 elementor-section-boxed elementor-section-height-default elementor-section-height-default\" data-id=\"edad319\" data-element_type=\"section\" data-e-type=\"section\" data-settings=\"{&quot;jet_parallax_layout_list&quot;:[],&quot;background_background&quot;:&quot;classic&quot;}\">\n\t\t\t\t\t\t<div class=\"elementor-container elementor-column-gap-default\">\n\t\t\t\t\t<div class=\"elementor-column elementor-col-50 elementor-inner-column elementor-element elementor-element-2cd6b45\" data-id=\"2cd6b45\" data-element_type=\"column\" data-e-type=\"column\">\n\t\t\t<div class=\"elementor-widget-wrap elementor-element-populated\">\n\t\t\t\t\t\t<div class=\"elementor-element elementor-element-a821af5 elementor-widget__width-initial elementor-widget elementor-widget-image\" data-id=\"a821af5\" data-element_type=\"widget\" data-e-type=\"widget\" data-widget_type=\"image.default\">\n\t\t\t\t<div class=\"elementor-widget-container\">\n\t\t\t\t\t\t\t\t\t\t\t\t\t\t\t\t<a href=\"https:\/\/www.nukon.com.tr\/wp-content\/uploads\/2024\/12\/DSCF1082-kopya-min.png\" data-elementor-open-lightbox=\"yes\" data-elementor-lightbox-title=\"DSCF1082 kopya-min\" data-e-action-hash=\"#elementor-action%3Aaction%3Dlightbox%26settings%3DeyJpZCI6MjM3MzQsInVybCI6Imh0dHBzOlwvXC93d3cubnVrb24uY29tLnRyXC93cC1jb250ZW50XC91cGxvYWRzXC8yMDI0XC8xMlwvRFNDRjEwODIta29weWEtbWluLnBuZyJ9\">\n\t\t\t\t\t\t\t<img fetchpriority=\"high\" decoding=\"async\" width=\"1620\" height=\"1080\" src=\"https:\/\/www.nukon.com.tr\/wp-content\/uploads\/2024\/12\/DSCF1082-kopya-min.png\" class=\"attachment-full size-full wp-image-23734\" alt=\"\" srcset=\"https:\/\/www.nukon.com.tr\/wp-content\/uploads\/2024\/12\/DSCF1082-kopya-min.png 1620w, https:\/\/www.nukon.com.tr\/wp-content\/uploads\/2024\/12\/DSCF1082-kopya-min-300x200.png 300w, https:\/\/www.nukon.com.tr\/wp-content\/uploads\/2024\/12\/DSCF1082-kopya-min-1024x683.png 1024w, https:\/\/www.nukon.com.tr\/wp-content\/uploads\/2024\/12\/DSCF1082-kopya-min-768x512.png 768w, https:\/\/www.nukon.com.tr\/wp-content\/uploads\/2024\/12\/DSCF1082-kopya-min-1536x1024.png 1536w, https:\/\/www.nukon.com.tr\/wp-content\/uploads\/2024\/12\/DSCF1082-kopya-min-18x12.png 18w\" sizes=\"(max-width: 1620px) 100vw, 1620px\" title=\"\">\t\t\t\t\t\t\t\t<\/a>\n\t\t\t\t\t\t\t\t\t\t\t\t\t\t\t<\/div>\n\t\t\t\t<\/div>\n\t\t\t\t\t<\/div>\n\t\t<\/div>\n\t\t\t\t<div class=\"elementor-column elementor-col-50 elementor-inner-column elementor-element elementor-element-9943083\" data-id=\"9943083\" data-element_type=\"column\" data-e-type=\"column\">\n\t\t\t<div class=\"elementor-widget-wrap elementor-element-populated\">\n\t\t\t\t\t\t<div class=\"elementor-element elementor-element-d6a71fc elementor-mobile-position-inline-start elementor-view-default elementor-position-block-start elementor-widget elementor-widget-icon-box\" data-id=\"d6a71fc\" data-element_type=\"widget\" data-e-type=\"widget\" data-widget_type=\"icon-box.default\">\n\t\t\t\t<div class=\"elementor-widget-container\">\n\t\t\t\t\t\t\t<div class=\"elementor-icon-box-wrapper\">\n\n\t\t\t\t\t\t<div class=\"elementor-icon-box-icon\">\n\t\t\t\t<span  class=\"elementor-icon\">\n\t\t\t\t<i aria-hidden=\"true\" class=\"fas fa-square-full\"><\/i>\t\t\t\t<\/span>\n\t\t\t<\/div>\n\t\t\t\n\t\t\t\t\t\t<div class=\"elementor-icon-box-content\">\n\n\t\t\t\t\n\t\t\t\t\t\t\t\t\t<p class=\"elementor-icon-box-description\">\n\t\t\t\t\t\t<br>Nukon PlusCut kesme tekni\u011fi \u00f6zellikle kal\u0131n karbon \u00e7elik malzemeler i\u00e7in tasarlanm\u0131\u015ft\u0131r ve geli\u015fmi\u015f lazer g\u00fcc\u00fc ve optimize edilmi\u015f odaklama sistemleri kullan\u0131r. Bu yakla\u015f\u0131m, \u00f6zellikle standart kesme y\u00f6ntemleriyle genellikle zor olan kal\u0131n kesimlerde daha h\u0131zl\u0131, daha temiz ve daha y\u00fcksek kaliteli kesimler sa\u011flar.\t\t\t\t\t<\/p>\n\t\t\t\t\n\t\t\t<\/div>\n\t\t\t\n\t\t<\/div>\n\t\t\t\t\t\t<\/div>\n\t\t\t\t<\/div>\n\t\t\t\t\t<\/div>\n\t\t<\/div>\n\t\t\t\t\t<\/div>\n\t\t<\/section>\n\t\t\t\t\t<\/div>\n\t\t<\/div>\n\t\t\t\t\t<\/div>\n\t\t<\/section>\n\t\t\t\t<section class=\"elementor-section elementor-top-section elementor-element elementor-element-2e8f880 elementor-section-boxed elementor-section-height-default elementor-section-height-default\" data-id=\"2e8f880\" data-element_type=\"section\" data-e-type=\"section\" data-settings=\"{&quot;jet_parallax_layout_list&quot;:[]}\">\n\t\t\t\t\t\t<div class=\"elementor-container elementor-column-gap-default\">\n\t\t\t\t\t<div class=\"elementor-column elementor-col-50 elementor-top-column elementor-element elementor-element-870fc78\" data-id=\"870fc78\" data-element_type=\"column\" data-e-type=\"column\" data-settings=\"{&quot;background_background&quot;:&quot;classic&quot;}\">\n\t\t\t<div class=\"elementor-widget-wrap elementor-element-populated\">\n\t\t\t\t\t\t<div class=\"elementor-element elementor-element-b15c4d2 elementor-mobile-position-inline-start elementor-view-default elementor-position-block-start elementor-widget elementor-widget-icon-box\" data-id=\"b15c4d2\" data-element_type=\"widget\" data-e-type=\"widget\" data-widget_type=\"icon-box.default\">\n\t\t\t\t<div class=\"elementor-widget-container\">\n\t\t\t\t\t\t\t<div class=\"elementor-icon-box-wrapper\">\n\n\t\t\t\t\t\t<div class=\"elementor-icon-box-icon\">\n\t\t\t\t<span  class=\"elementor-icon\">\n\t\t\t\t<i aria-hidden=\"true\" class=\"fas fa-square-full\"><\/i>\t\t\t\t<\/span>\n\t\t\t<\/div>\n\t\t\t\n\t\t\t\n\t\t<\/div>\n\t\t\t\t\t\t<\/div>\n\t\t\t\t<\/div>\n\t\t\t\t<div class=\"elementor-element elementor-element-587a267 elementor-widget elementor-widget-text-editor\" data-id=\"587a267\" data-element_type=\"widget\" data-e-type=\"widget\" data-widget_type=\"text-editor.default\">\n\t\t\t\t<div class=\"elementor-widget-container\">\n\t\t\t\t\t\t\t\t\t<p><strong>Di\u011fer Kesim Tekniklerine G\u00f6re H\u0131z ve Maliyet Avantajlar\u0131: <\/strong>Bu yeni y\u00f6ntem, geleneksel oksijen kesme y\u00f6ntemine k\u0131yasla daha kal\u0131n karbonlu \u00e7elikleri kesme kabiliyetine sahip ve ayr\u0131ca daha kal\u0131n \u00e7eliklerde %20&#8217;ye kadar daha h\u0131zl\u0131 kesme olana\u011f\u0131 sunarak \u00fcretim s\u00fcresini k\u0131salt\u0131yor.<\/p><p><strong>Enerji Verimlili\u011fi: <\/strong>Y\u00fcksek g\u00fc\u00e7l\u00fc lazerlerin kullan\u0131m\u0131 enerji verimlili\u011fini art\u0131r\u0131yor ve genel i\u015fleme maliyetlerini d\u00fc\u015f\u00fcr\u00fcyor.<\/p><p><strong>Kesim Kalitesi: <\/strong>Pozitif odak noktas\u0131 ve k\u00fc\u00e7\u00fck nozul daha az \u00e7apak olu\u015fumu ve daha p\u00fcr\u00fczs\u00fcz y\u00fczeylerle sonu\u00e7lan\u0131r. Oksijen bas\u0131nc\u0131n\u0131 ayarlayarak daha temiz kesimler elde edilir ve par\u00e7alar\u0131n ek i\u015fleme gerek kalmadan kullan\u0131lmas\u0131na olanak tan\u0131r. Daha k\u00fc\u00e7\u00fck delikler ve daha keskin konturlar \u00fcretilir.<\/p><p>Bu avantajlar kal\u0131n \u00e7elik kesiminde pozitif odakl\u0131, verimli, kaliteli ve uygun maliyetli bir performansa olanak sa\u011flar.<\/p>\t\t\t\t\t\t\t\t<\/div>\n\t\t\t\t<\/div>\n\t\t\t\t\t<\/div>\n\t\t<\/div>\n\t\t\t\t<div class=\"elementor-column elementor-col-50 elementor-top-column elementor-element elementor-element-0737287\" data-id=\"0737287\" data-element_type=\"column\" data-e-type=\"column\">\n\t\t\t<div class=\"elementor-widget-wrap elementor-element-populated\">\n\t\t\t\t\t\t<div class=\"elementor-element elementor-element-0ca77ea elementor-widget elementor-widget-image\" data-id=\"0ca77ea\" data-element_type=\"widget\" data-e-type=\"widget\" data-widget_type=\"image.default\">\n\t\t\t\t<div class=\"elementor-widget-container\">\n\t\t\t\t\t\t\t\t\t\t\t\t\t\t\t\t<a href=\"https:\/\/www.nukon.com.tr\/wp-content\/uploads\/2024\/12\/DSCF1152-kopya-min.png\" data-elementor-open-lightbox=\"yes\" data-elementor-lightbox-title=\"DSCF1152 kopya-min\" data-e-action-hash=\"#elementor-action%3Aaction%3Dlightbox%26settings%3DeyJpZCI6MjM3NDIsInVybCI6Imh0dHBzOlwvXC93d3cubnVrb24uY29tLnRyXC93cC1jb250ZW50XC91cGxvYWRzXC8yMDI0XC8xMlwvRFNDRjExNTIta29weWEtbWluLnBuZyJ9\">\n\t\t\t\t\t\t\t<img decoding=\"async\" width=\"1620\" height=\"1080\" src=\"https:\/\/www.nukon.com.tr\/wp-content\/uploads\/2024\/12\/DSCF1152-kopya-min.png\" class=\"attachment-full size-full wp-image-23742\" alt=\"\" srcset=\"https:\/\/www.nukon.com.tr\/wp-content\/uploads\/2024\/12\/DSCF1152-kopya-min.png 1620w, https:\/\/www.nukon.com.tr\/wp-content\/uploads\/2024\/12\/DSCF1152-kopya-min-300x200.png 300w, https:\/\/www.nukon.com.tr\/wp-content\/uploads\/2024\/12\/DSCF1152-kopya-min-1024x683.png 1024w, https:\/\/www.nukon.com.tr\/wp-content\/uploads\/2024\/12\/DSCF1152-kopya-min-768x512.png 768w, https:\/\/www.nukon.com.tr\/wp-content\/uploads\/2024\/12\/DSCF1152-kopya-min-1536x1024.png 1536w, https:\/\/www.nukon.com.tr\/wp-content\/uploads\/2024\/12\/DSCF1152-kopya-min-18x12.png 18w\" sizes=\"(max-width: 1620px) 100vw, 1620px\" title=\"\">\t\t\t\t\t\t\t\t<\/a>\n\t\t\t\t\t\t\t\t\t\t\t\t\t\t\t<\/div>\n\t\t\t\t<\/div>\n\t\t\t\t\t<\/div>\n\t\t<\/div>\n\t\t\t\t\t<\/div>\n\t\t<\/section>\n\t\t\t\t<section class=\"elementor-section elementor-top-section elementor-element elementor-element-441d742 elementor-section-boxed elementor-section-height-default elementor-section-height-default\" data-id=\"441d742\" data-element_type=\"section\" data-e-type=\"section\" data-settings=\"{&quot;jet_parallax_layout_list&quot;:[]}\">\n\t\t\t\t\t\t<div class=\"elementor-container elementor-column-gap-no\">\n\t\t\t\t\t<div class=\"elementor-column elementor-col-100 elementor-top-column elementor-element elementor-element-ad678bf\" data-id=\"ad678bf\" data-element_type=\"column\" data-e-type=\"column\">\n\t\t\t<div class=\"elementor-widget-wrap elementor-element-populated\">\n\t\t\t\t\t\t<div class=\"elementor-element elementor-element-5a1be96 elementor-widget elementor-widget-heading\" data-id=\"5a1be96\" data-element_type=\"widget\" data-e-type=\"widget\" data-widget_type=\"heading.default\">\n\t\t\t\t<div class=\"elementor-widget-container\">\n\t\t\t\t\t<h2 class=\"elementor-heading-title elementor-size-default\">Nukon PlusCut Lazer Kesimin Avantajlar\u0131:<\/h2>\t\t\t\t<\/div>\n\t\t\t\t<\/div>\n\t\t\t\t<section class=\"elementor-section elementor-inner-section elementor-element elementor-element-21491ef elementor-section-boxed elementor-section-height-default elementor-section-height-default\" data-id=\"21491ef\" data-element_type=\"section\" data-e-type=\"section\" data-settings=\"{&quot;jet_parallax_layout_list&quot;:[]}\">\n\t\t\t\t\t\t<div class=\"elementor-container elementor-column-gap-no\">\n\t\t\t\t\t<div class=\"elementor-column elementor-col-33 elementor-inner-column elementor-element elementor-element-de25874\" data-id=\"de25874\" data-element_type=\"column\" data-e-type=\"column\">\n\t\t\t<div class=\"elementor-widget-wrap elementor-element-populated\">\n\t\t\t\t\t\t<div class=\"elementor-element elementor-element-cf66f97 elementor-mobile-position-inline-start elementor-view-default elementor-position-block-start elementor-widget elementor-widget-icon-box\" data-id=\"cf66f97\" data-element_type=\"widget\" data-e-type=\"widget\" data-widget_type=\"icon-box.default\">\n\t\t\t\t<div class=\"elementor-widget-container\">\n\t\t\t\t\t\t\t<div class=\"elementor-icon-box-wrapper\">\n\n\t\t\t\t\t\t<div class=\"elementor-icon-box-icon\">\n\t\t\t\t<span  class=\"elementor-icon\">\n\t\t\t\t<i aria-hidden=\"true\" class=\"fas fa-square-full\"><\/i>\t\t\t\t<\/span>\n\t\t\t<\/div>\n\t\t\t\n\t\t\t\t\t\t<div class=\"elementor-icon-box-content\">\n\n\t\t\t\t\t\t\t\t\t<h3 class=\"elementor-icon-box-title\">\n\t\t\t\t\t\t<span  >\n\t\t\t\t\t\t\t\u00dcr\u00fcn Hassasiyeti\t\t\t\t\t\t<\/span>\n\t\t\t\t\t<\/h3>\n\t\t\t\t\n\t\t\t\t\t\t\t\t\t<p class=\"elementor-icon-box-description\">\n\t\t\t\t\t\tMalzeme israf\u0131n\u0131 azaltarak maliyetlerinizi optimize edin. Nukon PlusCut, y\u00fcksek kaliteli par\u00e7alar i\u00e7in hassas ve do\u011fru kesimler sunar.\t\t\t\t\t<\/p>\n\t\t\t\t\n\t\t\t<\/div>\n\t\t\t\n\t\t<\/div>\n\t\t\t\t\t\t<\/div>\n\t\t\t\t<\/div>\n\t\t\t\t\t<\/div>\n\t\t<\/div>\n\t\t\t\t<div class=\"elementor-column elementor-col-33 elementor-inner-column elementor-element elementor-element-4f0e799\" data-id=\"4f0e799\" data-element_type=\"column\" data-e-type=\"column\">\n\t\t\t<div class=\"elementor-widget-wrap elementor-element-populated\">\n\t\t\t\t\t\t<div class=\"elementor-element elementor-element-7bdea9e elementor-mobile-position-inline-start elementor-view-default elementor-position-block-start elementor-widget elementor-widget-icon-box\" data-id=\"7bdea9e\" data-element_type=\"widget\" data-e-type=\"widget\" data-widget_type=\"icon-box.default\">\n\t\t\t\t<div class=\"elementor-widget-container\">\n\t\t\t\t\t\t\t<div class=\"elementor-icon-box-wrapper\">\n\n\t\t\t\t\t\t<div class=\"elementor-icon-box-icon\">\n\t\t\t\t<span  class=\"elementor-icon\">\n\t\t\t\t<i aria-hidden=\"true\" class=\"fas fa-square-full\"><\/i>\t\t\t\t<\/span>\n\t\t\t<\/div>\n\t\t\t\n\t\t\t\t\t\t<div class=\"elementor-icon-box-content\">\n\n\t\t\t\t\t\t\t\t\t<h3 class=\"elementor-icon-box-title\">\n\t\t\t\t\t\t<span  >\n\t\t\t\t\t\t\tMaliyet Avantaj\u0131\t\t\t\t\t\t<\/span>\n\t\t\t\t\t<\/h3>\n\t\t\t\t\n\t\t\t\t\t\t\t\t\t<p class=\"elementor-icon-box-description\">\n\t\t\t\t\t\tNukon PlusCut, pozitif odak noktas\u0131yla kal\u0131n \u00e7elik kesiminde verimli, kaliteli ve uygun maliyetli bir performans sa\u011fl\u0131yor.\n\n\t\t\t\t\t<\/p>\n\t\t\t\t\n\t\t\t<\/div>\n\t\t\t\n\t\t<\/div>\n\t\t\t\t\t\t<\/div>\n\t\t\t\t<\/div>\n\t\t\t\t\t<\/div>\n\t\t<\/div>\n\t\t\t\t<div class=\"elementor-column elementor-col-33 elementor-inner-column elementor-element elementor-element-70b6ab3\" data-id=\"70b6ab3\" data-element_type=\"column\" data-e-type=\"column\">\n\t\t\t<div class=\"elementor-widget-wrap elementor-element-populated\">\n\t\t\t\t\t\t<div class=\"elementor-element elementor-element-06a2b87 elementor-mobile-position-inline-start elementor-view-default elementor-position-block-start elementor-widget elementor-widget-icon-box\" data-id=\"06a2b87\" data-element_type=\"widget\" data-e-type=\"widget\" data-widget_type=\"icon-box.default\">\n\t\t\t\t<div class=\"elementor-widget-container\">\n\t\t\t\t\t\t\t<div class=\"elementor-icon-box-wrapper\">\n\n\t\t\t\t\t\t<div class=\"elementor-icon-box-icon\">\n\t\t\t\t<span  class=\"elementor-icon\">\n\t\t\t\t<i aria-hidden=\"true\" class=\"fas fa-square-full\"><\/i>\t\t\t\t<\/span>\n\t\t\t<\/div>\n\t\t\t\n\t\t\t\t\t\t<div class=\"elementor-icon-box-content\">\n\n\t\t\t\t\t\t\t\t\t<h3 class=\"elementor-icon-box-title\">\n\t\t\t\t\t\t<span  >\n\t\t\t\t\t\t\tArtt\u0131r\u0131lm\u0131\u015f Verimlilik\t\t\t\t\t\t<\/span>\n\t\t\t\t\t<\/h3>\n\t\t\t\t\n\t\t\t\t\t\t\t\t\t<p class=\"elementor-icon-box-description\">\n\t\t\t\t\t\t\nDaha kal\u0131n karbonlu \u00e7elikleri y\u00fcksek h\u0131z ve geli\u015fmi\u015f kesme kalitesiyle i\u015fleyin.\t\t\t\t\t<\/p>\n\t\t\t\t\n\t\t\t<\/div>\n\t\t\t\n\t\t<\/div>\n\t\t\t\t\t\t<\/div>\n\t\t\t\t<\/div>\n\t\t\t\t\t<\/div>\n\t\t<\/div>\n\t\t\t\t\t<\/div>\n\t\t<\/section>\n\t\t\t\t\t<\/div>\n\t\t<\/div>\n\t\t\t\t\t<\/div>\n\t\t<\/section>\n\t\t\t\t<section class=\"elementor-section elementor-top-section elementor-element elementor-element-c79eea7 elementor-section-boxed elementor-section-height-default elementor-section-height-default\" data-id=\"c79eea7\" data-element_type=\"section\" data-e-type=\"section\" data-settings=\"{&quot;jet_parallax_layout_list&quot;:[]}\">\n\t\t\t\t\t\t<div class=\"elementor-container elementor-column-gap-default\">\n\t\t\t\t\t<div class=\"elementor-column elementor-col-50 elementor-top-column elementor-element elementor-element-652bcab\" data-id=\"652bcab\" data-element_type=\"column\" data-e-type=\"column\" data-settings=\"{&quot;background_background&quot;:&quot;classic&quot;}\">\n\t\t\t<div class=\"elementor-widget-wrap elementor-element-populated\">\n\t\t\t\t\t\t<div class=\"elementor-element elementor-element-991401e elementor-mobile-position-inline-start elementor-view-default elementor-position-block-start elementor-widget elementor-widget-icon-box\" data-id=\"991401e\" data-element_type=\"widget\" data-e-type=\"widget\" data-widget_type=\"icon-box.default\">\n\t\t\t\t<div class=\"elementor-widget-container\">\n\t\t\t\t\t\t\t<div class=\"elementor-icon-box-wrapper\">\n\n\t\t\t\t\t\t<div class=\"elementor-icon-box-icon\">\n\t\t\t\t<span  class=\"elementor-icon\">\n\t\t\t\t<i aria-hidden=\"true\" class=\"fas fa-square-full\"><\/i>\t\t\t\t<\/span>\n\t\t\t<\/div>\n\t\t\t\n\t\t\t\t\t\t<div class=\"elementor-icon-box-content\">\n\n\t\t\t\t\t\t\t\t\t<h3 class=\"elementor-icon-box-title\">\n\t\t\t\t\t\t<span  >\n\t\t\t\t\t\t\tPlusCut Teknik Bilgileri\t\t\t\t\t\t<\/span>\n\t\t\t\t\t<\/h3>\n\t\t\t\t\n\t\t\t\t\n\t\t\t<\/div>\n\t\t\t\n\t\t<\/div>\n\t\t\t\t\t\t<\/div>\n\t\t\t\t<\/div>\n\t\t\t\t<div class=\"elementor-element elementor-element-f7953bd elementor-widget elementor-widget-text-editor\" data-id=\"f7953bd\" data-element_type=\"widget\" data-e-type=\"widget\" data-widget_type=\"text-editor.default\">\n\t\t\t\t<div class=\"elementor-widget-container\">\n\t\t\t\t\t\t\t\t\t<p><strong>Uygulama Alan\u0131:<\/strong> PlusCut teknolojisi \u00f6zellikle kal\u0131n karbonlu \u00e7elik malzemelerin kesimi i\u00e7in geli\u015ftirilmi\u015ftir.<br \/><strong>Kesme Performans\u0131:<\/strong> Standart lazer kesim y\u00f6ntemlerine g\u00f6re daha h\u0131zl\u0131 ve kaliteli kesim sa\u011flar.<br \/><strong>Odaklama Sistemi:<\/strong> Geli\u015fmi\u015f odaklama sistemleri ile kal\u0131n malzemelerde bile p\u00fcr\u00fczs\u00fcz ve temiz kenarlar elde edilir.<br \/><strong>Enerji Verimlili\u011fi:<\/strong> Y\u00fcksek lazer g\u00fcc\u00fc ve optimize edilmi\u015f kesim parametreleri ile enerji verimlili\u011fi art\u0131r\u0131lm\u0131\u015ft\u0131r.<br \/><strong>Malzeme Uyumlulu\u011fu:<\/strong> Malzeme Uyumlulu\u011fu: Yumu\u015fak \u00e7elik kategorisindeki daha kal\u0131n malzemelerle \u00e7al\u0131\u015fabilme, y\u00fcksek h\u0131z ve kalite sunma kabiliyetine sahiptir.<br \/><strong>Kesme H\u0131z\u0131:<\/strong> Geleneksel y\u00f6ntemlere g\u00f6re daha h\u0131zl\u0131 kesim sa\u011flarken, c\u00fcruf olu\u015fumunu da en aza indirir.<br \/><strong>Y\u00fcksek G\u00fc\u00e7 Seviyesi:<\/strong> \u00d6zellikle daha kal\u0131n malzemelerde verimlili\u011fi art\u0131r\u0131r. \u00d6rne\u011fin, 20kW lazer g\u00fcc\u00fc, 50mm kal\u0131nl\u0131\u011fa kadar karbon \u00e7elik malzemeleri etkili bir \u015fekilde kesebilir. G\u00fc\u00e7 seviyesi artt\u0131k\u00e7a, kesilebilen malzemelerin kal\u0131nl\u0131\u011f\u0131 da artar.<\/p>\t\t\t\t\t\t\t\t<\/div>\n\t\t\t\t<\/div>\n\t\t\t\t\t<\/div>\n\t\t<\/div>\n\t\t\t\t<div class=\"elementor-column elementor-col-50 elementor-top-column elementor-element elementor-element-a1fbbc2\" data-id=\"a1fbbc2\" data-element_type=\"column\" data-e-type=\"column\">\n\t\t\t<div class=\"elementor-widget-wrap elementor-element-populated\">\n\t\t\t\t\t\t<div class=\"elementor-element elementor-element-8a1ffff elementor-widget elementor-widget-image\" data-id=\"8a1ffff\" data-element_type=\"widget\" data-e-type=\"widget\" data-widget_type=\"image.default\">\n\t\t\t\t<div class=\"elementor-widget-container\">\n\t\t\t\t\t\t\t\t\t\t\t\t\t\t\t\t<a href=\"https:\/\/www.nukon.com.tr\/wp-content\/uploads\/2024\/12\/DSCF1158-kopya-min.png\" data-elementor-open-lightbox=\"yes\" data-elementor-lightbox-title=\"DSCF1158 kopya-min\" data-e-action-hash=\"#elementor-action%3Aaction%3Dlightbox%26settings%3DeyJpZCI6MjM3NDYsInVybCI6Imh0dHBzOlwvXC93d3cubnVrb24uY29tLnRyXC93cC1jb250ZW50XC91cGxvYWRzXC8yMDI0XC8xMlwvRFNDRjExNTgta29weWEtbWluLnBuZyJ9\">\n\t\t\t\t\t\t\t<img decoding=\"async\" width=\"1620\" height=\"1080\" src=\"https:\/\/www.nukon.com.tr\/wp-content\/uploads\/2024\/12\/DSCF1158-kopya-min.png\" class=\"attachment-full size-full wp-image-23746\" alt=\"\" srcset=\"https:\/\/www.nukon.com.tr\/wp-content\/uploads\/2024\/12\/DSCF1158-kopya-min.png 1620w, https:\/\/www.nukon.com.tr\/wp-content\/uploads\/2024\/12\/DSCF1158-kopya-min-300x200.png 300w, https:\/\/www.nukon.com.tr\/wp-content\/uploads\/2024\/12\/DSCF1158-kopya-min-1024x683.png 1024w, https:\/\/www.nukon.com.tr\/wp-content\/uploads\/2024\/12\/DSCF1158-kopya-min-768x512.png 768w, https:\/\/www.nukon.com.tr\/wp-content\/uploads\/2024\/12\/DSCF1158-kopya-min-1536x1024.png 1536w, https:\/\/www.nukon.com.tr\/wp-content\/uploads\/2024\/12\/DSCF1158-kopya-min-18x12.png 18w\" sizes=\"(max-width: 1620px) 100vw, 1620px\" title=\"\">\t\t\t\t\t\t\t\t<\/a>\n\t\t\t\t\t\t\t\t\t\t\t\t\t\t\t<\/div>\n\t\t\t\t<\/div>\n\t\t\t\t\t<\/div>\n\t\t<\/div>\n\t\t\t\t\t<\/div>\n\t\t<\/section>\n\t\t\t\t<\/div>\n\t\t","protected":false},"excerpt":{"rendered":"<p>https:\/\/www.nukon.com.tr\/wp-content\/uploads\/2022\/10\/Filmim-10.mp4 Plus Cut Nukon PlusCut kesme tekni\u011fi \u00f6zellikle kal\u0131n karbon \u00e7elik malzemeler i\u00e7in tasarlanm\u0131\u015ft\u0131r ve geli\u015fmi\u015f lazer g\u00fcc\u00fc ve optimize edilmi\u015f odaklama sistemleri kullan\u0131r. Bu yakla\u015f\u0131m, \u00f6zellikle standart kesme y\u00f6ntemleriyle genellikle zor olan kal\u0131n kesimlerde daha h\u0131zl\u0131, daha temiz ve daha y\u00fcksek kaliteli kesimler sa\u011flar. Di\u011fer Kesim Tekniklerine G\u00f6re H\u0131z ve Maliyet Avantajlar\u0131: Bu yeni [&hellip;]<\/p>\n","protected":false},"author":3,"featured_media":23750,"parent":0,"menu_order":0,"comment_status":"closed","ping_status":"closed","template":"elementor_header_footer","meta":{"footnotes":""},"class_list":["post-23865","page","type-page","status-publish","has-post-thumbnail","hentry"],"_links":{"self":[{"href":"https:\/\/www.nukon.com.tr\/tr\/wp-json\/wp\/v2\/pages\/23865","targetHints":{"allow":["GET"]}}],"collection":[{"href":"https:\/\/www.nukon.com.tr\/tr\/wp-json\/wp\/v2\/pages"}],"about":[{"href":"https:\/\/www.nukon.com.tr\/tr\/wp-json\/wp\/v2\/types\/page"}],"author":[{"embeddable":true,"href":"https:\/\/www.nukon.com.tr\/tr\/wp-json\/wp\/v2\/users\/3"}],"replies":[{"embeddable":true,"href":"https:\/\/www.nukon.com.tr\/tr\/wp-json\/wp\/v2\/comments?post=23865"}],"version-history":[{"count":22,"href":"https:\/\/www.nukon.com.tr\/tr\/wp-json\/wp\/v2\/pages\/23865\/revisions"}],"predecessor-version":[{"id":26101,"href":"https:\/\/www.nukon.com.tr\/tr\/wp-json\/wp\/v2\/pages\/23865\/revisions\/26101"}],"wp:featuredmedia":[{"embeddable":true,"href":"https:\/\/www.nukon.com.tr\/tr\/wp-json\/wp\/v2\/media\/23750"}],"wp:attachment":[{"href":"https:\/\/www.nukon.com.tr\/tr\/wp-json\/wp\/v2\/media?parent=23865"}],"curies":[{"name":"wp","href":"https:\/\/api.w.org\/{rel}","templated":true}]}}