{"id":23940,"date":"2023-10-05T11:50:28","date_gmt":"2023-10-05T08:50:28","guid":{"rendered":"https:\/\/nukon.ctemplate.com\/nukon-cutting-head-nlch\/"},"modified":"2025-03-14T12:31:56","modified_gmt":"2025-03-14T09:31:56","slug":"nukon-cutting-head-nlch","status":"publish","type":"page","link":"https:\/\/www.nukon.com.tr\/it\/nukon-cutting-head-nlch\/","title":{"rendered":"Cutting Head NLCH"},"content":{"rendered":"\t\t<div data-elementor-type=\"wp-page\" data-elementor-id=\"23940\" class=\"elementor elementor-23940 elementor-16361\" data-elementor-settings=\"{&quot;ha_cmc_init_switcher&quot;:&quot;no&quot;}\" data-elementor-post-type=\"page\">\n\t\t\t\t\t\t<section class=\"elementor-section elementor-top-section elementor-element elementor-element-ae549b9 elementor-section-boxed elementor-section-height-default elementor-section-height-default\" data-id=\"ae549b9\" data-element_type=\"section\" data-e-type=\"section\" data-settings=\"{&quot;jet_parallax_layout_list&quot;:[],&quot;background_background&quot;:&quot;classic&quot;}\">\n\t\t\t\t\t\t<div class=\"elementor-container elementor-column-gap-no\">\n\t\t\t\t\t<div class=\"elementor-column elementor-col-100 elementor-top-column elementor-element elementor-element-1aebc40\" data-id=\"1aebc40\" data-element_type=\"column\" data-e-type=\"column\">\n\t\t\t<div class=\"elementor-widget-wrap elementor-element-populated\">\n\t\t\t\t\t\t<div class=\"elementor-element elementor-element-38384f3 elementor-widget elementor-widget-video\" data-id=\"38384f3\" data-element_type=\"widget\" data-e-type=\"widget\" data-settings=\"{&quot;video_type&quot;:&quot;hosted&quot;,&quot;autoplay&quot;:&quot;yes&quot;,&quot;play_on_mobile&quot;:&quot;yes&quot;,&quot;loop&quot;:&quot;yes&quot;,&quot;controls&quot;:&quot;yes&quot;}\" data-widget_type=\"video.default\">\n\t\t\t\t<div class=\"elementor-widget-container\">\n\t\t\t\t\t\t\t<div class=\"e-hosted-video elementor-wrapper elementor-open-inline\">\n\t\t\t\t\t<video class=\"elementor-video\" src=\"https:\/\/www.nukon.com.tr\/wp-content\/uploads\/2023\/06\/Lazer-Kesim-Kafasi-NUKON-NLCH.mp4\" autoplay=\"\" loop=\"\" controls=\"\" playsinline=\"\" controlsList=\"nodownload\"><\/video>\n\t\t\t\t<\/div>\n\t\t\t\t\t\t<\/div>\n\t\t\t\t<\/div>\n\t\t\t\t\t<\/div>\n\t\t<\/div>\n\t\t\t\t\t<\/div>\n\t\t<\/section>\n\t\t\t\t<section class=\"elementor-section elementor-top-section elementor-element elementor-element-fc7c9ee elementor-section-full_width elementor-section-height-default elementor-section-height-default\" data-id=\"fc7c9ee\" data-element_type=\"section\" data-e-type=\"section\" data-settings=\"{&quot;background_background&quot;:&quot;classic&quot;,&quot;jet_parallax_layout_list&quot;:[]}\">\n\t\t\t\t\t\t<div class=\"elementor-container elementor-column-gap-default\">\n\t\t\t\t\t<div class=\"elementor-column elementor-col-100 elementor-top-column elementor-element elementor-element-24437a2\" data-id=\"24437a2\" data-element_type=\"column\" data-e-type=\"column\">\n\t\t\t<div class=\"elementor-widget-wrap elementor-element-populated\">\n\t\t\t\t\t\t<section class=\"elementor-section elementor-inner-section elementor-element elementor-element-7a8f842 elementor-section-boxed elementor-section-height-default elementor-section-height-default\" data-id=\"7a8f842\" data-element_type=\"section\" data-e-type=\"section\" data-settings=\"{&quot;jet_parallax_layout_list&quot;:[]}\">\n\t\t\t\t\t\t<div class=\"elementor-container elementor-column-gap-default\">\n\t\t\t\t\t<div class=\"elementor-column elementor-col-100 elementor-inner-column elementor-element elementor-element-66b63bb elementor-invisible\" data-id=\"66b63bb\" data-element_type=\"column\" data-e-type=\"column\" data-settings=\"{&quot;background_background&quot;:&quot;classic&quot;,&quot;animation&quot;:&quot;fadeInLeft&quot;}\">\n\t\t\t<div class=\"elementor-widget-wrap elementor-element-populated\">\n\t\t\t\t\t\t<div class=\"elementor-element elementor-element-bd93db4 elementor-invisible elementor-widget elementor-widget-icon-box\" data-id=\"bd93db4\" data-element_type=\"widget\" data-e-type=\"widget\" data-settings=\"{&quot;_animation&quot;:&quot;fadeInDown&quot;}\" data-widget_type=\"icon-box.default\">\n\t\t\t\t<div class=\"elementor-widget-container\">\n\t\t\t\t\t\t\t<div class=\"elementor-icon-box-wrapper\">\n\n\t\t\t\n\t\t\t\t\t\t<div class=\"elementor-icon-box-content\">\n\n\t\t\t\t\t\t\t\t\t<h3 class=\"elementor-icon-box-title\">\n\t\t\t\t\t\t<span  >\n\t\t\t\t\t\t\tNuove dimensioni pionieristiche nella tecnologia di taglio\t\t\t\t\t\t<\/span>\n\t\t\t\t\t<\/h3>\n\t\t\t\t\n\t\t\t\t\t\t\t\t\t<p class=\"elementor-icon-box-description\">\n\t\t\t\t\t\tStiamo assistendo a una svolta e a un'innovazione significative nelle odierne soluzioni di taglio industriale. Durante questo periodo, il leader del settore Nukon ha compiuto un passo significativo con la sua testa di taglio di nuova concezione, creata in collaborazione con i propri ingegneri. Nukon Fiber Laser combina la creativit\u00e0 ingegneristica con la tecnologia pi\u00f9 recente per fornire ai propri clienti prestazioni ed efficienza eccezionali nel taglio. Dopo anni di ricerca e sviluppo, questa testa di taglio, progettata dagli esperti Nukon, \u00e8 dotata di una gamma di caratteristiche uniche che soddisfano e superano le esigenze del settore. Alta precisione, taglio veloce, efficienza energetica e facilit\u00e0 d'uso sono le caratteristiche principali di questa testa di taglio.\t\t\t\t\t<\/p>\n\t\t\t\t\n\t\t\t<\/div>\n\t\t\t\n\t\t<\/div>\n\t\t\t\t\t\t<\/div>\n\t\t\t\t<\/div>\n\t\t\t\t\t<\/div>\n\t\t<\/div>\n\t\t\t\t\t<\/div>\n\t\t<\/section>\n\t\t\t\t\t<\/div>\n\t\t<\/div>\n\t\t\t\t\t<\/div>\n\t\t<\/section>\n\t\t\t\t<section class=\"elementor-section elementor-top-section elementor-element elementor-element-1cf9c7b elementor-section-boxed elementor-section-height-default elementor-section-height-default\" data-id=\"1cf9c7b\" data-element_type=\"section\" data-e-type=\"section\" data-settings=\"{&quot;jet_parallax_layout_list&quot;:[],&quot;background_background&quot;:&quot;classic&quot;}\">\n\t\t\t\t\t\t<div class=\"elementor-container elementor-column-gap-default\">\n\t\t\t\t\t<div class=\"elementor-column elementor-col-50 elementor-top-column elementor-element elementor-element-399e93c\" data-id=\"399e93c\" data-element_type=\"column\" data-e-type=\"column\">\n\t\t\t<div class=\"elementor-widget-wrap elementor-element-populated\">\n\t\t\t\t\t\t<div class=\"elementor-element elementor-element-dc6c05f elementor-invisible elementor-widget elementor-widget-heading\" data-id=\"dc6c05f\" data-element_type=\"widget\" data-e-type=\"widget\" data-settings=\"{&quot;_animation&quot;:&quot;fadeInDown&quot;}\" data-widget_type=\"heading.default\">\n\t\t\t\t<div class=\"elementor-widget-container\">\n\t\t\t\t\t<h2 class=\"elementor-heading-title elementor-size-default\">NUKON NLCH<\/h2>\t\t\t\t<\/div>\n\t\t\t\t<\/div>\n\t\t\t\t<div class=\"elementor-element elementor-element-b4957ca elementor-invisible elementor-widget elementor-widget-text-editor\" data-id=\"b4957ca\" data-element_type=\"widget\" data-e-type=\"widget\" data-settings=\"{&quot;_animation&quot;:&quot;fadeInDown&quot;}\" data-widget_type=\"text-editor.default\">\n\t\t\t\t<div class=\"elementor-widget-container\">\n\t\t\t\t\t\t\t\t\tDotato di ottica e hardware che supportano una potenza di risonatore fino a 30 kW, presenta una struttura rinnovabile e conserva tutte le sue apparecchiature in un unico corpo di alluminio. L&#8217;NLCH \u00e8 il risultato di estesi sforzi di ricerca e sviluppo a lungo termine, con l&#8217;obiettivo primario di consentire la manutenzione in loco e le modifiche ottiche.\n\nPrecisione e qualit\u00e0 di taglio: il laser in fibra Nukon offre la possibilit\u00e0 di tagliare anche i dettagli pi\u00f9 fini con notevole nitidezza, grazie alla sua eccellente tecnologia di messa a fuoco e al sistema ottico ad alta precisione. Ci\u00f2 fornisce ai clienti tagli precisi e di alta qualit\u00e0.\n\nVelocit\u00e0 ed efficienza: il laser a fibra Nukon migliora l&#8217;efficienza eseguendo tagli ad alta velocit\u00e0, grazie al suo design innovativo e alla potente sorgente laser. La sua capacit\u00e0 di taglio rapido consente ai clienti di risparmiare tempo e ottimizzare il flusso di lavoro.\n\nEfficienza energetica: gli ingegneri Nukon hanno sviluppato la testa di taglio concentrandosi sull&#8217;efficienza energetica, ottimizzando il consumo energetico e minimizzando i costi e l&#8217;impatto ambientale.\n\nFacile da usare: dotato di un&#8217;interfaccia intuitiva e di un pannello di controllo di facile comprensione, Nukon Fiber Laser offre facilit\u00e0 d&#8217;uso, consentendo agli operatori di adattarsi rapidamente e ottenere i migliori risultati.\n\nQuesta testa di taglio di nuova generazione \u00e8 stata progettata per superare gli standard di settore esistenti, soddisfacendo e superando le aspettative dei clienti. I risultati ingegneristici di Nukon rafforzano la sua leadership e innovazione nel settore, fornendo ai clienti una soluzione affidabile per superare le sfide nel processo di taglio. Con Nukon Fiber Laser facciamo un passo avanti verso il futuro della tecnologia di taglio.\t\t\t\t\t\t\t\t<\/div>\n\t\t\t\t<\/div>\n\t\t\t\t\t<\/div>\n\t\t<\/div>\n\t\t\t\t<div class=\"elementor-column elementor-col-50 elementor-top-column elementor-element elementor-element-d30f85b\" data-id=\"d30f85b\" data-element_type=\"column\" data-e-type=\"column\">\n\t\t\t<div class=\"elementor-widget-wrap elementor-element-populated\">\n\t\t\t\t\t\t<div class=\"elementor-element elementor-element-08c2c0b elementor-widget elementor-widget-image\" data-id=\"08c2c0b\" data-element_type=\"widget\" data-e-type=\"widget\" data-widget_type=\"image.default\">\n\t\t\t\t<div class=\"elementor-widget-container\">\n\t\t\t\t\t\t\t\t\t\t\t\t\t\t\t<img fetchpriority=\"high\" decoding=\"async\" width=\"560\" height=\"1024\" src=\"https:\/\/www.nukon.com.tr\/wp-content\/uploads\/2023\/10\/nkn-kafa-light-560x1024.webp\" class=\"attachment-large size-large wp-image-23313\" alt=\"\" srcset=\"https:\/\/www.nukon.com.tr\/wp-content\/uploads\/2023\/10\/nkn-kafa-light-560x1024.webp 560w, https:\/\/www.nukon.com.tr\/wp-content\/uploads\/2023\/10\/nkn-kafa-light-164x300.webp 164w, https:\/\/www.nukon.com.tr\/wp-content\/uploads\/2023\/10\/nkn-kafa-light-768x1403.webp 768w, https:\/\/www.nukon.com.tr\/wp-content\/uploads\/2023\/10\/nkn-kafa-light-841x1536.webp 841w, https:\/\/www.nukon.com.tr\/wp-content\/uploads\/2023\/10\/nkn-kafa-light-1121x2048.webp 1121w, https:\/\/www.nukon.com.tr\/wp-content\/uploads\/2023\/10\/nkn-kafa-light-7x12.webp 7w, https:\/\/www.nukon.com.tr\/wp-content\/uploads\/2023\/10\/nkn-kafa-light-scaled.webp 1401w\" sizes=\"(max-width: 560px) 100vw, 560px\" title=\"\">\t\t\t\t\t\t\t\t\t\t\t\t\t\t\t<\/div>\n\t\t\t\t<\/div>\n\t\t\t\t\t<\/div>\n\t\t<\/div>\n\t\t\t\t\t<\/div>\n\t\t<\/section>\n\t\t\t\t<section class=\"elementor-section elementor-top-section elementor-element elementor-element-420b6a3 elementor-section-full_width elementor-section-height-default elementor-section-height-default\" data-id=\"420b6a3\" data-element_type=\"section\" data-e-type=\"section\" data-settings=\"{&quot;background_background&quot;:&quot;classic&quot;,&quot;jet_parallax_layout_list&quot;:[]}\">\n\t\t\t\t\t\t<div class=\"elementor-container elementor-column-gap-default\">\n\t\t\t\t\t<div class=\"elementor-column elementor-col-100 elementor-top-column elementor-element elementor-element-2831d8f\" data-id=\"2831d8f\" data-element_type=\"column\" data-e-type=\"column\">\n\t\t\t<div class=\"elementor-widget-wrap elementor-element-populated\">\n\t\t\t\t\t\t<div class=\"elementor-element elementor-element-d5cc61b elementor-invisible elementor-widget elementor-widget-heading\" data-id=\"d5cc61b\" data-element_type=\"widget\" data-e-type=\"widget\" data-settings=\"{&quot;_animation&quot;:&quot;fadeInDown&quot;}\" data-widget_type=\"heading.default\">\n\t\t\t\t<div class=\"elementor-widget-container\">\n\t\t\t\t\t<h2 class=\"elementor-heading-title elementor-size-default\">Versioni e caratteristiche di Nukon NLCH<\/h2>\t\t\t\t<\/div>\n\t\t\t\t<\/div>\n\t\t\t\t<section class=\"elementor-section elementor-inner-section elementor-element elementor-element-bef029a elementor-section-boxed elementor-section-height-default elementor-section-height-default\" data-id=\"bef029a\" data-element_type=\"section\" data-e-type=\"section\" data-settings=\"{&quot;jet_parallax_layout_list&quot;:[]}\">\n\t\t\t\t\t\t<div class=\"elementor-container elementor-column-gap-default\">\n\t\t\t\t\t<div class=\"elementor-column elementor-col-33 elementor-inner-column elementor-element elementor-element-ee0cdcf elementor-invisible\" data-id=\"ee0cdcf\" data-element_type=\"column\" data-e-type=\"column\" data-settings=\"{&quot;background_background&quot;:&quot;classic&quot;,&quot;animation&quot;:&quot;fadeInLeft&quot;}\">\n\t\t\t<div class=\"elementor-widget-wrap elementor-element-populated\">\n\t\t\t\t\t\t<div class=\"elementor-element elementor-element-c9c4af1 elementor-invisible elementor-widget elementor-widget-heading\" data-id=\"c9c4af1\" data-element_type=\"widget\" data-e-type=\"widget\" data-settings=\"{&quot;_animation&quot;:&quot;fadeInDown&quot;}\" data-widget_type=\"heading.default\">\n\t\t\t\t<div class=\"elementor-widget-container\">\n\t\t\t\t\t<h2 class=\"elementor-heading-title elementor-size-default\">NLCH  Luce  M1.5 <\/h2>\t\t\t\t<\/div>\n\t\t\t\t<\/div>\n\t\t\t\t<div class=\"elementor-element elementor-element-e5ba496 elementor-widget__width-initial elementor-invisible elementor-widget elementor-widget-icon-box\" data-id=\"e5ba496\" data-element_type=\"widget\" data-e-type=\"widget\" data-settings=\"{&quot;_animation&quot;:&quot;fadeInDown&quot;}\" data-widget_type=\"icon-box.default\">\n\t\t\t\t<div class=\"elementor-widget-container\">\n\t\t\t\t\t\t\t<div class=\"elementor-icon-box-wrapper\">\n\n\t\t\t\n\t\t\t\t\t\t<div class=\"elementor-icon-box-content\">\n\n\t\t\t\t\n\t\t\t\t\t\t\t\t\t<p class=\"elementor-icon-box-description\">\n\t\t\t\t\t\t- Potenza laser fino a 6 kW. <br>\n- Controllo automatico della messa a fuoco.<br>\n- Sensore di altezza capacitivo resistente alla temperatura.<br>\n- Sistema di controllo integrato con interfaccia EtherCAT.<br>\n- Monitoraggio della temperatura inferiore del vetro protettivo e della contaminazione.<br>\n- Compatibile con tutte le fonti di alimentazione laser.<br>\t\t\t\t\t<\/p>\n\t\t\t\t\n\t\t\t<\/div>\n\t\t\t\n\t\t<\/div>\n\t\t\t\t\t\t<\/div>\n\t\t\t\t<\/div>\n\t\t\t\t\t<\/div>\n\t\t<\/div>\n\t\t\t\t<div class=\"elementor-column elementor-col-33 elementor-inner-column elementor-element elementor-element-f5bec42 elementor-invisible\" data-id=\"f5bec42\" data-element_type=\"column\" data-e-type=\"column\" data-settings=\"{&quot;background_background&quot;:&quot;classic&quot;,&quot;animation&quot;:&quot;fadeInLeft&quot;}\">\n\t\t\t<div class=\"elementor-widget-wrap elementor-element-populated\">\n\t\t\t\t\t\t<div class=\"elementor-element elementor-element-43db997 elementor-invisible elementor-widget elementor-widget-heading\" data-id=\"43db997\" data-element_type=\"widget\" data-e-type=\"widget\" data-settings=\"{&quot;_animation&quot;:&quot;fadeInDown&quot;}\" data-widget_type=\"heading.default\">\n\t\t\t\t<div class=\"elementor-widget-container\">\n\t\t\t\t\t<h2 class=\"elementor-heading-title elementor-size-default\">NLCH  M 1.5<\/h2>\t\t\t\t<\/div>\n\t\t\t\t<\/div>\n\t\t\t\t<div class=\"elementor-element elementor-element-fbbdaa7 elementor-widget__width-initial elementor-invisible elementor-widget elementor-widget-icon-box\" data-id=\"fbbdaa7\" data-element_type=\"widget\" data-e-type=\"widget\" data-settings=\"{&quot;_animation&quot;:&quot;fadeInDown&quot;}\" data-widget_type=\"icon-box.default\">\n\t\t\t\t<div class=\"elementor-widget-container\">\n\t\t\t\t\t\t\t<div class=\"elementor-icon-box-wrapper\">\n\n\t\t\t\n\t\t\t\t\t\t<div class=\"elementor-icon-box-content\">\n\n\t\t\t\t\n\t\t\t\t\t\t\t\t\t<p class=\"elementor-icon-box-description\">\n\t\t\t\t\t\t- Fino a 20 kW di potenza laser. <br>\n- Controllo automatico della messa a fuoco.<br>\n- Sensore di altezza capacitivo resistente alla temperatura.<br>\n- Monitoraggio della temperatura e della contaminazione di tutti i componenti ottici.<br>\n- Sistema di controllo integrato con interfaccia EtherCAT.<br>\n- Sensore di perforazione.<br>\n- Compatibile con le applicazioni Smart Factory e Industria 4.0.<br>\n- Compatibile con tutte le fonti di alimentazione laser.<br>\t\t\t\t\t<\/p>\n\t\t\t\t\n\t\t\t<\/div>\n\t\t\t\n\t\t<\/div>\n\t\t\t\t\t\t<\/div>\n\t\t\t\t<\/div>\n\t\t\t\t\t<\/div>\n\t\t<\/div>\n\t\t\t\t<div class=\"elementor-column elementor-col-33 elementor-inner-column elementor-element elementor-element-ec149fa elementor-invisible\" data-id=\"ec149fa\" data-element_type=\"column\" data-e-type=\"column\" data-settings=\"{&quot;background_background&quot;:&quot;classic&quot;,&quot;animation&quot;:&quot;fadeInLeft&quot;}\">\n\t\t\t<div class=\"elementor-widget-wrap elementor-element-populated\">\n\t\t\t\t\t\t<div class=\"elementor-element elementor-element-d1a64b6 elementor-invisible elementor-widget elementor-widget-heading\" data-id=\"d1a64b6\" data-element_type=\"widget\" data-e-type=\"widget\" data-settings=\"{&quot;_animation&quot;:&quot;fadeInDown&quot;}\" data-widget_type=\"heading.default\">\n\t\t\t\t<div class=\"elementor-widget-container\">\n\t\t\t\t\t<h2 class=\"elementor-heading-title elementor-size-default\">NLCH  M 2.0  <\/h2>\t\t\t\t<\/div>\n\t\t\t\t<\/div>\n\t\t\t\t<div class=\"elementor-element elementor-element-d66b89d elementor-widget__width-initial elementor-invisible elementor-widget elementor-widget-icon-box\" data-id=\"d66b89d\" data-element_type=\"widget\" data-e-type=\"widget\" data-settings=\"{&quot;_animation&quot;:&quot;fadeInDown&quot;}\" data-widget_type=\"icon-box.default\">\n\t\t\t\t<div class=\"elementor-widget-container\">\n\t\t\t\t\t\t\t<div class=\"elementor-icon-box-wrapper\">\n\n\t\t\t\n\t\t\t\t\t\t<div class=\"elementor-icon-box-content\">\n\n\t\t\t\t\n\t\t\t\t\t\t\t\t\t<p class=\"elementor-icon-box-description\">\n\t\t\t\t\t\t- Potenza laser fino a 30 kW.<br>\n- Controllo automatico della messa a fuoco.<br>\n- Sensore di altezza capacitivo resistente alla temperatura.<br>\n- Monitoraggio della temperatura e della contaminazione di tutti i componenti ottici.<br>\n- Sistema di controllo integrato con interfaccia EtherCAT.<br>\n- Sensore di perforazione.<br>\n- Compatibile con le applicazioni Smart Factory e Industria 4.0.<br>\n- Compatibile con tutte le fonti di alimentazione laser.<br>\t\t\t\t\t<\/p>\n\t\t\t\t\n\t\t\t<\/div>\n\t\t\t\n\t\t<\/div>\n\t\t\t\t\t\t<\/div>\n\t\t\t\t<\/div>\n\t\t\t\t\t<\/div>\n\t\t<\/div>\n\t\t\t\t\t<\/div>\n\t\t<\/section>\n\t\t\t\t\t<\/div>\n\t\t<\/div>\n\t\t\t\t\t<\/div>\n\t\t<\/section>\n\t\t\t\t<section class=\"elementor-section elementor-top-section elementor-element elementor-element-17d8e8a elementor-section-full_width elementor-section-height-default elementor-section-height-default\" data-id=\"17d8e8a\" data-element_type=\"section\" data-e-type=\"section\" data-settings=\"{&quot;background_background&quot;:&quot;classic&quot;,&quot;jet_parallax_layout_list&quot;:[]}\">\n\t\t\t\t\t\t<div class=\"elementor-container elementor-column-gap-default\">\n\t\t\t\t\t<div class=\"elementor-column elementor-col-100 elementor-top-column elementor-element elementor-element-0e4ae9d\" data-id=\"0e4ae9d\" data-element_type=\"column\" data-e-type=\"column\">\n\t\t\t<div class=\"elementor-widget-wrap elementor-element-populated\">\n\t\t\t\t\t\t<div class=\"elementor-element elementor-element-adcb513 elementor-widget elementor-widget-image\" data-id=\"adcb513\" data-element_type=\"widget\" data-e-type=\"widget\" data-widget_type=\"image.default\">\n\t\t\t\t<div class=\"elementor-widget-container\">\n\t\t\t\t\t\t\t\t\t\t\t\t\t\t\t<img decoding=\"async\" width=\"2560\" height=\"918\" src=\"https:\/\/www.nukon.com.tr\/wp-content\/uploads\/2023\/10\/Nukon-Head-2023-Final-White_Post-copy-scaled.webp\" class=\"attachment-full size-full wp-image-23325\" alt=\"\" srcset=\"https:\/\/www.nukon.com.tr\/wp-content\/uploads\/2023\/10\/Nukon-Head-2023-Final-White_Post-copy-scaled.webp 2560w, https:\/\/www.nukon.com.tr\/wp-content\/uploads\/2023\/10\/Nukon-Head-2023-Final-White_Post-copy-300x108.webp 300w, https:\/\/www.nukon.com.tr\/wp-content\/uploads\/2023\/10\/Nukon-Head-2023-Final-White_Post-copy-1024x367.webp 1024w, https:\/\/www.nukon.com.tr\/wp-content\/uploads\/2023\/10\/Nukon-Head-2023-Final-White_Post-copy-768x275.webp 768w, https:\/\/www.nukon.com.tr\/wp-content\/uploads\/2023\/10\/Nukon-Head-2023-Final-White_Post-copy-1536x551.webp 1536w, https:\/\/www.nukon.com.tr\/wp-content\/uploads\/2023\/10\/Nukon-Head-2023-Final-White_Post-copy-2048x734.webp 2048w, https:\/\/www.nukon.com.tr\/wp-content\/uploads\/2023\/10\/Nukon-Head-2023-Final-White_Post-copy-18x6.webp 18w\" sizes=\"(max-width: 2560px) 100vw, 2560px\" title=\"\">\t\t\t\t\t\t\t\t\t\t\t\t\t\t\t<\/div>\n\t\t\t\t<\/div>\n\t\t\t\t\t<\/div>\n\t\t<\/div>\n\t\t\t\t\t<\/div>\n\t\t<\/section>\n\t\t\t\t<section class=\"jet-tricks-particles-section elementor-section elementor-top-section elementor-element elementor-element-0cab60c elementor-section-boxed elementor-section-height-default elementor-section-height-default\" data-id=\"0cab60c\" data-element_type=\"section\" data-e-type=\"section\" data-settings=\"{&quot;jet_parallax_layout_list&quot;:[],&quot;background_background&quot;:&quot;classic&quot;}\">\n\t\t\t\t\t\t<div class=\"elementor-container elementor-column-gap-default\">\n\t\t\t\t\t<div class=\"elementor-column elementor-col-100 elementor-top-column elementor-element elementor-element-2d18349\" data-id=\"2d18349\" data-element_type=\"column\" data-e-type=\"column\">\n\t\t\t<div class=\"elementor-widget-wrap elementor-element-populated\">\n\t\t\t\t\t\t<div class=\"elementor-element elementor-element-2248aa0 elementor-widget elementor-widget-heading\" data-id=\"2248aa0\" data-element_type=\"widget\" data-e-type=\"widget\" data-widget_type=\"heading.default\">\n\t\t\t\t<div class=\"elementor-widget-container\">\n\t\t\t\t\t<h3 class=\"elementor-heading-title elementor-size-default\">Sei interessato a un prodotto?\n<\/h3>\t\t\t\t<\/div>\n\t\t\t\t<\/div>\n\t\t\t\t<div class=\"elementor-element elementor-element-b426277 elementor-cta--valign-middle elementor-cta--skin-classic elementor-animated-content elementor-widget elementor-widget-call-to-action\" data-id=\"b426277\" data-element_type=\"widget\" data-e-type=\"widget\" data-widget_type=\"call-to-action.default\">\n\t\t\t\t<div class=\"elementor-widget-container\">\n\t\t\t\t\t\t\t<div class=\"elementor-cta\">\n\t\t\t\t\t\t\t<div class=\"elementor-cta__content\">\n\t\t\t\t\t\t\t\t\t<div class=\"elementor-content-item elementor-cta__content-item elementor-icon-wrapper elementor-cta__icon elementor-view-default\">\n\t\t\t\t\t\t<div class=\"elementor-icon\">\n\t\t\t\t\t\t\t\t\t\t\t\t\t<\/div>\n\t\t\t\t\t<\/div>\n\t\t\t\t\n\t\t\t\t\n\t\t\t\t\n\t\t\t\t\t\t\t\t\t<div class=\"elementor-cta__button-wrapper elementor-cta__content-item elementor-content-item \">\n\t\t\t\t\t<a class=\"elementor-cta__button elementor-button elementor-size-md\" href=\"#elementor-action%3Aaction%3Dpopup%3Aopen%26settings%3DeyJpZCI6MTUyOTUsInRvZ2dsZSI6ZmFsc2V9\">\n\t\t\t\t\t\tContattaci\t\t\t\t\t<\/a>\n\t\t\t\t\t<\/div>\n\t\t\t\t\t\t\t<\/div>\n\t\t\t\t\t\t<\/div>\n\t\t\t\t\t\t<\/div>\n\t\t\t\t<\/div>\n\t\t\t\t\t<\/div>\n\t\t<\/div>\n\t\t\t\t\t<\/div>\n\t\t<\/section>\n\t\t\t\t<\/div>\n\t\t","protected":false},"excerpt":{"rendered":"<p>https:\/\/www.nukon.com.tr\/wp-content\/uploads\/2023\/06\/Lazer-Kesim-Kafasi-NUKON-NLCH.mp4 Nuove dimensioni pionieristiche nella tecnologia di taglio Stiamo assistendo a una svolta e a un&#8217;innovazione significative nelle odierne soluzioni di taglio industriale. Durante questo periodo, il leader del settore Nukon ha compiuto un passo significativo con la sua testa di taglio di nuova concezione, creata in collaborazione con i propri ingegneri. Nukon Fiber Laser [&hellip;]<\/p>\n","protected":false},"author":3,"featured_media":22945,"parent":0,"menu_order":0,"comment_status":"closed","ping_status":"closed","template":"elementor_header_footer","meta":{"footnotes":""},"class_list":["post-23940","page","type-page","status-publish","has-post-thumbnail","hentry"],"_links":{"self":[{"href":"https:\/\/www.nukon.com.tr\/it\/wp-json\/wp\/v2\/pages\/23940","targetHints":{"allow":["GET"]}}],"collection":[{"href":"https:\/\/www.nukon.com.tr\/it\/wp-json\/wp\/v2\/pages"}],"about":[{"href":"https:\/\/www.nukon.com.tr\/it\/wp-json\/wp\/v2\/types\/page"}],"author":[{"embeddable":true,"href":"https:\/\/www.nukon.com.tr\/it\/wp-json\/wp\/v2\/users\/3"}],"replies":[{"embeddable":true,"href":"https:\/\/www.nukon.com.tr\/it\/wp-json\/wp\/v2\/comments?post=23940"}],"version-history":[{"count":7,"href":"https:\/\/www.nukon.com.tr\/it\/wp-json\/wp\/v2\/pages\/23940\/revisions"}],"predecessor-version":[{"id":24179,"href":"https:\/\/www.nukon.com.tr\/it\/wp-json\/wp\/v2\/pages\/23940\/revisions\/24179"}],"wp:featuredmedia":[{"embeddable":true,"href":"https:\/\/www.nukon.com.tr\/it\/wp-json\/wp\/v2\/media\/22945"}],"wp:attachment":[{"href":"https:\/\/www.nukon.com.tr\/it\/wp-json\/wp\/v2\/media?parent=23940"}],"curies":[{"name":"wp","href":"https:\/\/api.w.org\/{rel}","templated":true}]}}