{"id":23864,"date":"2024-12-09T23:42:54","date_gmt":"2024-12-09T20:42:54","guid":{"rendered":"https:\/\/nukon.ctemplate.com\/plus-cut\/"},"modified":"2025-05-28T11:30:33","modified_gmt":"2025-05-28T08:30:33","slug":"plus-cut","status":"publish","type":"page","link":"https:\/\/www.nukon.com.tr\/it\/plus-cut\/","title":{"rendered":"Plus Cut"},"content":{"rendered":"\t\t<div data-elementor-type=\"wp-page\" data-elementor-id=\"23864\" class=\"elementor elementor-23864 elementor-20160\" data-elementor-settings=\"{&quot;ha_cmc_init_switcher&quot;:&quot;no&quot;}\" data-elementor-post-type=\"page\">\n\t\t\t\t\t\t<section class=\"elementor-section elementor-top-section elementor-element elementor-element-c4933c6 elementor-section-boxed elementor-section-height-default elementor-section-height-default\" data-id=\"c4933c6\" data-element_type=\"section\" data-e-type=\"section\" data-settings=\"{&quot;jet_parallax_layout_list&quot;:[],&quot;background_background&quot;:&quot;classic&quot;}\">\n\t\t\t\t\t\t<div class=\"elementor-container elementor-column-gap-no\">\n\t\t\t\t\t<div class=\"elementor-column elementor-col-100 elementor-top-column elementor-element elementor-element-282e967\" data-id=\"282e967\" data-element_type=\"column\" data-e-type=\"column\">\n\t\t\t<div class=\"elementor-widget-wrap elementor-element-populated\">\n\t\t\t\t\t\t<div class=\"elementor-element elementor-element-5dd0996 elementor-widget elementor-widget-video\" data-id=\"5dd0996\" data-element_type=\"widget\" data-e-type=\"widget\" data-settings=\"{&quot;video_type&quot;:&quot;hosted&quot;,&quot;autoplay&quot;:&quot;yes&quot;,&quot;play_on_mobile&quot;:&quot;yes&quot;,&quot;loop&quot;:&quot;yes&quot;,&quot;controls&quot;:&quot;yes&quot;}\" data-widget_type=\"video.default\">\n\t\t\t\t<div class=\"elementor-widget-container\">\n\t\t\t\t\t\t\t<div class=\"e-hosted-video elementor-wrapper elementor-open-inline\">\n\t\t\t\t\t<video class=\"elementor-video\" src=\"https:\/\/www.nukon.com.tr\/wp-content\/uploads\/2022\/10\/Filmim-10.mp4\" autoplay=\"\" loop=\"\" controls=\"\" playsinline=\"\" controlsList=\"nodownload\"><\/video>\n\t\t\t\t<\/div>\n\t\t\t\t\t\t<\/div>\n\t\t\t\t<\/div>\n\t\t\t\t\t<\/div>\n\t\t<\/div>\n\t\t\t\t\t<\/div>\n\t\t<\/section>\n\t\t\t\t<section class=\"elementor-section elementor-top-section elementor-element elementor-element-a8c6e88 elementor-section-boxed elementor-section-height-default elementor-section-height-default\" data-id=\"a8c6e88\" data-element_type=\"section\" data-e-type=\"section\" data-settings=\"{&quot;jet_parallax_layout_list&quot;:[]}\">\n\t\t\t\t\t\t<div class=\"elementor-container elementor-column-gap-default\">\n\t\t\t\t\t<div class=\"elementor-column elementor-col-100 elementor-top-column elementor-element elementor-element-5816df1\" data-id=\"5816df1\" data-element_type=\"column\" data-e-type=\"column\">\n\t\t\t<div class=\"elementor-widget-wrap elementor-element-populated\">\n\t\t\t\t\t\t<section class=\"elementor-section elementor-inner-section elementor-element elementor-element-d94a570 elementor-section-boxed elementor-section-height-default elementor-section-height-default\" data-id=\"d94a570\" data-element_type=\"section\" data-e-type=\"section\" data-settings=\"{&quot;jet_parallax_layout_list&quot;:[],&quot;background_background&quot;:&quot;classic&quot;}\">\n\t\t\t\t\t\t<div class=\"elementor-container elementor-column-gap-default\">\n\t\t\t\t\t<div class=\"elementor-column elementor-col-50 elementor-inner-column elementor-element elementor-element-d249a15\" data-id=\"d249a15\" data-element_type=\"column\" data-e-type=\"column\">\n\t\t\t<div class=\"elementor-widget-wrap\">\n\t\t\t\t\t\t\t<\/div>\n\t\t<\/div>\n\t\t\t\t<div class=\"elementor-column elementor-col-50 elementor-inner-column elementor-element elementor-element-c88df2d\" data-id=\"c88df2d\" data-element_type=\"column\" data-e-type=\"column\">\n\t\t\t<div class=\"elementor-widget-wrap elementor-element-populated\">\n\t\t\t\t\t\t<div class=\"elementor-element elementor-element-86d1cbb elementor-widget elementor-widget-heading\" data-id=\"86d1cbb\" data-element_type=\"widget\" data-e-type=\"widget\" data-widget_type=\"heading.default\">\n\t\t\t\t<div class=\"elementor-widget-container\">\n\t\t\t\t\t<h2 class=\"elementor-heading-title elementor-size-default\">Plus Cut<\/h2>\t\t\t\t<\/div>\n\t\t\t\t<\/div>\n\t\t\t\t\t<\/div>\n\t\t<\/div>\n\t\t\t\t\t<\/div>\n\t\t<\/section>\n\t\t\t\t<section class=\"elementor-section elementor-inner-section elementor-element elementor-element-edad319 elementor-section-boxed elementor-section-height-default elementor-section-height-default\" data-id=\"edad319\" data-element_type=\"section\" data-e-type=\"section\" data-settings=\"{&quot;jet_parallax_layout_list&quot;:[],&quot;background_background&quot;:&quot;classic&quot;}\">\n\t\t\t\t\t\t<div class=\"elementor-container elementor-column-gap-default\">\n\t\t\t\t\t<div class=\"elementor-column elementor-col-50 elementor-inner-column elementor-element elementor-element-2cd6b45\" data-id=\"2cd6b45\" data-element_type=\"column\" data-e-type=\"column\">\n\t\t\t<div class=\"elementor-widget-wrap elementor-element-populated\">\n\t\t\t\t\t\t<div class=\"elementor-element elementor-element-a821af5 elementor-widget__width-initial elementor-widget elementor-widget-image\" data-id=\"a821af5\" data-element_type=\"widget\" data-e-type=\"widget\" data-widget_type=\"image.default\">\n\t\t\t\t<div class=\"elementor-widget-container\">\n\t\t\t\t\t\t\t\t\t\t\t\t\t\t\t\t<a href=\"https:\/\/www.nukon.com.tr\/wp-content\/uploads\/2024\/12\/DSCF1082-kopya-min.png\" data-elementor-open-lightbox=\"yes\" data-elementor-lightbox-title=\"DSCF1082 kopya-min\" data-e-action-hash=\"#elementor-action%3Aaction%3Dlightbox%26settings%3DeyJpZCI6MjM3MzMsInVybCI6Imh0dHBzOlwvXC93d3cubnVrb24uY29tLnRyXC93cC1jb250ZW50XC91cGxvYWRzXC8yMDI0XC8xMlwvRFNDRjEwODIta29weWEtbWluLnBuZyJ9\">\n\t\t\t\t\t\t\t<img fetchpriority=\"high\" decoding=\"async\" width=\"1620\" height=\"1080\" src=\"https:\/\/www.nukon.com.tr\/wp-content\/uploads\/2024\/12\/DSCF1082-kopya-min.png\" class=\"attachment-full size-full wp-image-23733\" alt=\"\" srcset=\"https:\/\/www.nukon.com.tr\/wp-content\/uploads\/2024\/12\/DSCF1082-kopya-min.png 1620w, https:\/\/www.nukon.com.tr\/wp-content\/uploads\/2024\/12\/DSCF1082-kopya-min-300x200.png 300w, https:\/\/www.nukon.com.tr\/wp-content\/uploads\/2024\/12\/DSCF1082-kopya-min-1024x683.png 1024w, https:\/\/www.nukon.com.tr\/wp-content\/uploads\/2024\/12\/DSCF1082-kopya-min-768x512.png 768w, https:\/\/www.nukon.com.tr\/wp-content\/uploads\/2024\/12\/DSCF1082-kopya-min-1536x1024.png 1536w, https:\/\/www.nukon.com.tr\/wp-content\/uploads\/2024\/12\/DSCF1082-kopya-min-18x12.png 18w\" sizes=\"(max-width: 1620px) 100vw, 1620px\" title=\"\">\t\t\t\t\t\t\t\t<\/a>\n\t\t\t\t\t\t\t\t\t\t\t\t\t\t\t<\/div>\n\t\t\t\t<\/div>\n\t\t\t\t\t<\/div>\n\t\t<\/div>\n\t\t\t\t<div class=\"elementor-column elementor-col-50 elementor-inner-column elementor-element elementor-element-9943083\" data-id=\"9943083\" data-element_type=\"column\" data-e-type=\"column\">\n\t\t\t<div class=\"elementor-widget-wrap elementor-element-populated\">\n\t\t\t\t\t\t<div class=\"elementor-element elementor-element-d6a71fc elementor-mobile-position-inline-start elementor-view-default elementor-position-block-start elementor-widget elementor-widget-icon-box\" data-id=\"d6a71fc\" data-element_type=\"widget\" data-e-type=\"widget\" data-widget_type=\"icon-box.default\">\n\t\t\t\t<div class=\"elementor-widget-container\">\n\t\t\t\t\t\t\t<div class=\"elementor-icon-box-wrapper\">\n\n\t\t\t\t\t\t<div class=\"elementor-icon-box-icon\">\n\t\t\t\t<span  class=\"elementor-icon\">\n\t\t\t\t<i aria-hidden=\"true\" class=\"fas fa-square-full\"><\/i>\t\t\t\t<\/span>\n\t\t\t<\/div>\n\t\t\t\n\t\t\t\t\t\t<div class=\"elementor-icon-box-content\">\n\n\t\t\t\t\n\t\t\t\t\t\t\t\t\t<p class=\"elementor-icon-box-description\">\n\t\t\t\t\t\tLa tecnica di taglio Nukon PlusCut \u00e8 specificamente progettata per materiali spessi in acciaio al carbonio e utilizza potenza laser avanzata e sistemi di messa a fuoco ottimizzati. Questo approccio consente tagli pi\u00f9 rapidi, puliti e di qualit\u00e0 superiore, specialmente in tagli spessi che sono solitamente difficili con i metodi di taglio standard.\t\t\t\t\t<\/p>\n\t\t\t\t\n\t\t\t<\/div>\n\t\t\t\n\t\t<\/div>\n\t\t\t\t\t\t<\/div>\n\t\t\t\t<\/div>\n\t\t\t\t\t<\/div>\n\t\t<\/div>\n\t\t\t\t\t<\/div>\n\t\t<\/section>\n\t\t\t\t\t<\/div>\n\t\t<\/div>\n\t\t\t\t\t<\/div>\n\t\t<\/section>\n\t\t\t\t<section class=\"elementor-section elementor-top-section elementor-element elementor-element-2e8f880 elementor-section-boxed elementor-section-height-default elementor-section-height-default\" data-id=\"2e8f880\" data-element_type=\"section\" data-e-type=\"section\" data-settings=\"{&quot;jet_parallax_layout_list&quot;:[]}\">\n\t\t\t\t\t\t<div class=\"elementor-container elementor-column-gap-default\">\n\t\t\t\t\t<div class=\"elementor-column elementor-col-50 elementor-top-column elementor-element elementor-element-870fc78\" data-id=\"870fc78\" data-element_type=\"column\" data-e-type=\"column\" data-settings=\"{&quot;background_background&quot;:&quot;classic&quot;}\">\n\t\t\t<div class=\"elementor-widget-wrap elementor-element-populated\">\n\t\t\t\t\t\t<div class=\"elementor-element elementor-element-b15c4d2 elementor-mobile-position-inline-start elementor-view-default elementor-position-block-start elementor-widget elementor-widget-icon-box\" data-id=\"b15c4d2\" data-element_type=\"widget\" data-e-type=\"widget\" data-widget_type=\"icon-box.default\">\n\t\t\t\t<div class=\"elementor-widget-container\">\n\t\t\t\t\t\t\t<div class=\"elementor-icon-box-wrapper\">\n\n\t\t\t\t\t\t<div class=\"elementor-icon-box-icon\">\n\t\t\t\t<span  class=\"elementor-icon\">\n\t\t\t\t<i aria-hidden=\"true\" class=\"fas fa-square-full\"><\/i>\t\t\t\t<\/span>\n\t\t\t<\/div>\n\t\t\t\n\t\t\t\n\t\t<\/div>\n\t\t\t\t\t\t<\/div>\n\t\t\t\t<\/div>\n\t\t\t\t<div class=\"elementor-element elementor-element-587a267 elementor-widget elementor-widget-text-editor\" data-id=\"587a267\" data-element_type=\"widget\" data-e-type=\"widget\" data-widget_type=\"text-editor.default\">\n\t\t\t\t<div class=\"elementor-widget-container\">\n\t\t\t\t\t\t\t\t\t<strong>Vantaggi in termini di velocit\u00e0 e costi rispetto ad altre tecniche di taglio:<\/strong>Questo nuovo metodo \u00e8 in grado di tagliare acciai al carbonio pi\u00f9 spessi rispetto al tradizionale taglio all&#8217;ossigeno e offre inoltre la possibilit\u00e0 di tagliare a velocit\u00e0 fino al 20% pi\u00f9 elevate su acciai pi\u00f9 spessi, riducendo i tempi di produzione.\n\n<strong>Efficienza energetica: <\/strong>L&#8217;impiego di laser ad alta potenza aumenta l&#8217;efficienza energetica e riduce i costi complessivi di lavorazione.\n\n<strong>Qualit\u00e0 di taglio: <\/strong>Il punto focale positivo e l&#8217;ugello piccolo determinano una minore formazione di sbavature e superfici pi\u00f9 lisce. Regolando la pressione dell&#8217;ossigeno, si ottengono tagli pi\u00f9 puliti, consentendo di utilizzare parti senza ulteriore lavorazione. Si producono fori pi\u00f9 piccoli e contorni pi\u00f9 nitidi.\n\nQuesti vantaggi consentono prestazioni efficienti, di alta qualit\u00e0 e convenienti nel taglio di acciaio spesso con un punto focale positivo.\t\t\t\t\t\t\t\t<\/div>\n\t\t\t\t<\/div>\n\t\t\t\t\t<\/div>\n\t\t<\/div>\n\t\t\t\t<div class=\"elementor-column elementor-col-50 elementor-top-column elementor-element elementor-element-0737287\" data-id=\"0737287\" data-element_type=\"column\" data-e-type=\"column\">\n\t\t\t<div class=\"elementor-widget-wrap elementor-element-populated\">\n\t\t\t\t\t\t<div class=\"elementor-element elementor-element-0ca77ea elementor-widget elementor-widget-image\" data-id=\"0ca77ea\" data-element_type=\"widget\" data-e-type=\"widget\" data-widget_type=\"image.default\">\n\t\t\t\t<div class=\"elementor-widget-container\">\n\t\t\t\t\t\t\t\t\t\t\t\t\t\t\t\t<a href=\"https:\/\/www.nukon.com.tr\/wp-content\/uploads\/2024\/12\/DSCF1152-kopya-min.png\" data-elementor-open-lightbox=\"yes\" data-elementor-lightbox-title=\"DSCF1152 kopya-min\" data-e-action-hash=\"#elementor-action%3Aaction%3Dlightbox%26settings%3DeyJpZCI6MjM3NDEsInVybCI6Imh0dHBzOlwvXC93d3cubnVrb24uY29tLnRyXC93cC1jb250ZW50XC91cGxvYWRzXC8yMDI0XC8xMlwvRFNDRjExNTIta29weWEtbWluLnBuZyJ9\">\n\t\t\t\t\t\t\t<img decoding=\"async\" width=\"1620\" height=\"1080\" src=\"https:\/\/www.nukon.com.tr\/wp-content\/uploads\/2024\/12\/DSCF1152-kopya-min.png\" class=\"attachment-full size-full wp-image-23741\" alt=\"\" srcset=\"https:\/\/www.nukon.com.tr\/wp-content\/uploads\/2024\/12\/DSCF1152-kopya-min.png 1620w, https:\/\/www.nukon.com.tr\/wp-content\/uploads\/2024\/12\/DSCF1152-kopya-min-300x200.png 300w, https:\/\/www.nukon.com.tr\/wp-content\/uploads\/2024\/12\/DSCF1152-kopya-min-1024x683.png 1024w, https:\/\/www.nukon.com.tr\/wp-content\/uploads\/2024\/12\/DSCF1152-kopya-min-768x512.png 768w, https:\/\/www.nukon.com.tr\/wp-content\/uploads\/2024\/12\/DSCF1152-kopya-min-1536x1024.png 1536w, https:\/\/www.nukon.com.tr\/wp-content\/uploads\/2024\/12\/DSCF1152-kopya-min-18x12.png 18w\" sizes=\"(max-width: 1620px) 100vw, 1620px\" title=\"\">\t\t\t\t\t\t\t\t<\/a>\n\t\t\t\t\t\t\t\t\t\t\t\t\t\t\t<\/div>\n\t\t\t\t<\/div>\n\t\t\t\t\t<\/div>\n\t\t<\/div>\n\t\t\t\t\t<\/div>\n\t\t<\/section>\n\t\t\t\t<section class=\"elementor-section elementor-top-section elementor-element elementor-element-441d742 elementor-section-boxed elementor-section-height-default elementor-section-height-default\" data-id=\"441d742\" data-element_type=\"section\" data-e-type=\"section\" data-settings=\"{&quot;jet_parallax_layout_list&quot;:[]}\">\n\t\t\t\t\t\t<div class=\"elementor-container elementor-column-gap-no\">\n\t\t\t\t\t<div class=\"elementor-column elementor-col-100 elementor-top-column elementor-element elementor-element-ad678bf\" data-id=\"ad678bf\" data-element_type=\"column\" data-e-type=\"column\">\n\t\t\t<div class=\"elementor-widget-wrap elementor-element-populated\">\n\t\t\t\t\t\t<div class=\"elementor-element elementor-element-5a1be96 elementor-widget elementor-widget-heading\" data-id=\"5a1be96\" data-element_type=\"widget\" data-e-type=\"widget\" data-widget_type=\"heading.default\">\n\t\t\t\t<div class=\"elementor-widget-container\">\n\t\t\t\t\t<h2 class=\"elementor-heading-title elementor-size-default\">Vantaggi del taglio laser Nukon Plus Cut:<\/h2>\t\t\t\t<\/div>\n\t\t\t\t<\/div>\n\t\t\t\t<section class=\"elementor-section elementor-inner-section elementor-element elementor-element-21491ef elementor-section-boxed elementor-section-height-default elementor-section-height-default\" data-id=\"21491ef\" data-element_type=\"section\" data-e-type=\"section\" data-settings=\"{&quot;jet_parallax_layout_list&quot;:[]}\">\n\t\t\t\t\t\t<div class=\"elementor-container elementor-column-gap-no\">\n\t\t\t\t\t<div class=\"elementor-column elementor-col-33 elementor-inner-column elementor-element elementor-element-de25874\" data-id=\"de25874\" data-element_type=\"column\" data-e-type=\"column\">\n\t\t\t<div class=\"elementor-widget-wrap elementor-element-populated\">\n\t\t\t\t\t\t<div class=\"elementor-element elementor-element-cf66f97 elementor-mobile-position-inline-start elementor-view-default elementor-position-block-start elementor-widget elementor-widget-icon-box\" data-id=\"cf66f97\" data-element_type=\"widget\" data-e-type=\"widget\" data-widget_type=\"icon-box.default\">\n\t\t\t\t<div class=\"elementor-widget-container\">\n\t\t\t\t\t\t\t<div class=\"elementor-icon-box-wrapper\">\n\n\t\t\t\t\t\t<div class=\"elementor-icon-box-icon\">\n\t\t\t\t<span  class=\"elementor-icon\">\n\t\t\t\t<i aria-hidden=\"true\" class=\"fas fa-square-full\"><\/i>\t\t\t\t<\/span>\n\t\t\t<\/div>\n\t\t\t\n\t\t\t\t\t\t<div class=\"elementor-icon-box-content\">\n\n\t\t\t\t\t\t\t\t\t<h3 class=\"elementor-icon-box-title\">\n\t\t\t\t\t\t<span  >\n\t\t\t\t\t\t\tPrecisione del prodotto\t\t\t\t\t\t<\/span>\n\t\t\t\t\t<\/h3>\n\t\t\t\t\n\t\t\t\t\t\t\t\t\t<p class=\"elementor-icon-box-description\">\n\t\t\t\t\t\tOttimizza i tuoi costi riducendo gli sprechi di materiale. Nukon PlusCut offre tagli precisi e accurati per parti di alta qualit\u00e0.\t\t\t\t\t<\/p>\n\t\t\t\t\n\t\t\t<\/div>\n\t\t\t\n\t\t<\/div>\n\t\t\t\t\t\t<\/div>\n\t\t\t\t<\/div>\n\t\t\t\t\t<\/div>\n\t\t<\/div>\n\t\t\t\t<div class=\"elementor-column elementor-col-33 elementor-inner-column elementor-element elementor-element-4f0e799\" data-id=\"4f0e799\" data-element_type=\"column\" data-e-type=\"column\">\n\t\t\t<div class=\"elementor-widget-wrap elementor-element-populated\">\n\t\t\t\t\t\t<div class=\"elementor-element elementor-element-7bdea9e elementor-mobile-position-inline-start elementor-view-default elementor-position-block-start elementor-widget elementor-widget-icon-box\" data-id=\"7bdea9e\" data-element_type=\"widget\" data-e-type=\"widget\" data-widget_type=\"icon-box.default\">\n\t\t\t\t<div class=\"elementor-widget-container\">\n\t\t\t\t\t\t\t<div class=\"elementor-icon-box-wrapper\">\n\n\t\t\t\t\t\t<div class=\"elementor-icon-box-icon\">\n\t\t\t\t<span  class=\"elementor-icon\">\n\t\t\t\t<i aria-hidden=\"true\" class=\"fas fa-square-full\"><\/i>\t\t\t\t<\/span>\n\t\t\t<\/div>\n\t\t\t\n\t\t\t\t\t\t<div class=\"elementor-icon-box-content\">\n\n\t\t\t\t\t\t\t\t\t<h3 class=\"elementor-icon-box-title\">\n\t\t\t\t\t\t<span  >\n\t\t\t\t\t\t\tVantaggio di costo\t\t\t\t\t\t<\/span>\n\t\t\t\t\t<\/h3>\n\t\t\t\t\n\t\t\t\t\t\t\t\t\t<p class=\"elementor-icon-box-description\">\n\t\t\t\t\t\t\nNukon PlusCut consente prestazioni efficienti, di alta qualit\u00e0 e convenienti nel taglio di acciaio spesso grazie al suo punto focale positivo.\t\t\t\t\t<\/p>\n\t\t\t\t\n\t\t\t<\/div>\n\t\t\t\n\t\t<\/div>\n\t\t\t\t\t\t<\/div>\n\t\t\t\t<\/div>\n\t\t\t\t\t<\/div>\n\t\t<\/div>\n\t\t\t\t<div class=\"elementor-column elementor-col-33 elementor-inner-column elementor-element elementor-element-70b6ab3\" data-id=\"70b6ab3\" data-element_type=\"column\" data-e-type=\"column\">\n\t\t\t<div class=\"elementor-widget-wrap elementor-element-populated\">\n\t\t\t\t\t\t<div class=\"elementor-element elementor-element-06a2b87 elementor-mobile-position-inline-start elementor-view-default elementor-position-block-start elementor-widget elementor-widget-icon-box\" data-id=\"06a2b87\" data-element_type=\"widget\" data-e-type=\"widget\" data-widget_type=\"icon-box.default\">\n\t\t\t\t<div class=\"elementor-widget-container\">\n\t\t\t\t\t\t\t<div class=\"elementor-icon-box-wrapper\">\n\n\t\t\t\t\t\t<div class=\"elementor-icon-box-icon\">\n\t\t\t\t<span  class=\"elementor-icon\">\n\t\t\t\t<i aria-hidden=\"true\" class=\"fas fa-square-full\"><\/i>\t\t\t\t<\/span>\n\t\t\t<\/div>\n\t\t\t\n\t\t\t\t\t\t<div class=\"elementor-icon-box-content\">\n\n\t\t\t\t\t\t\t\t\t<h3 class=\"elementor-icon-box-title\">\n\t\t\t\t\t\t<span  >\n\t\t\t\t\t\t\tMaggiore efficienza\t\t\t\t\t\t<\/span>\n\t\t\t\t\t<\/h3>\n\t\t\t\t\n\t\t\t\t\t\t\t\t\t<p class=\"elementor-icon-box-description\">\n\t\t\t\t\t\tLavorazione di acciai al carbonio pi\u00f9 spessi con elevata velocit\u00e0 e qualit\u00e0 di taglio avanzata.\t\t\t\t\t<\/p>\n\t\t\t\t\n\t\t\t<\/div>\n\t\t\t\n\t\t<\/div>\n\t\t\t\t\t\t<\/div>\n\t\t\t\t<\/div>\n\t\t\t\t\t<\/div>\n\t\t<\/div>\n\t\t\t\t\t<\/div>\n\t\t<\/section>\n\t\t\t\t\t<\/div>\n\t\t<\/div>\n\t\t\t\t\t<\/div>\n\t\t<\/section>\n\t\t\t\t<section class=\"elementor-section elementor-top-section elementor-element elementor-element-c79eea7 elementor-section-boxed elementor-section-height-default elementor-section-height-default\" data-id=\"c79eea7\" data-element_type=\"section\" data-e-type=\"section\" data-settings=\"{&quot;jet_parallax_layout_list&quot;:[]}\">\n\t\t\t\t\t\t<div class=\"elementor-container elementor-column-gap-default\">\n\t\t\t\t\t<div class=\"elementor-column elementor-col-50 elementor-top-column elementor-element elementor-element-652bcab\" data-id=\"652bcab\" data-element_type=\"column\" data-e-type=\"column\" data-settings=\"{&quot;background_background&quot;:&quot;classic&quot;}\">\n\t\t\t<div class=\"elementor-widget-wrap elementor-element-populated\">\n\t\t\t\t\t\t<div class=\"elementor-element elementor-element-991401e elementor-mobile-position-inline-start elementor-view-default elementor-position-block-start elementor-widget elementor-widget-icon-box\" data-id=\"991401e\" data-element_type=\"widget\" data-e-type=\"widget\" data-widget_type=\"icon-box.default\">\n\t\t\t\t<div class=\"elementor-widget-container\">\n\t\t\t\t\t\t\t<div class=\"elementor-icon-box-wrapper\">\n\n\t\t\t\t\t\t<div class=\"elementor-icon-box-icon\">\n\t\t\t\t<span  class=\"elementor-icon\">\n\t\t\t\t<i aria-hidden=\"true\" class=\"fas fa-square-full\"><\/i>\t\t\t\t<\/span>\n\t\t\t<\/div>\n\t\t\t\n\t\t\t\t\t\t<div class=\"elementor-icon-box-content\">\n\n\t\t\t\t\t\t\t\t\t<h3 class=\"elementor-icon-box-title\">\n\t\t\t\t\t\t<span  >\n\t\t\t\t\t\t\tInformazioni tecniche PlusCut\t\t\t\t\t\t<\/span>\n\t\t\t\t\t<\/h3>\n\t\t\t\t\n\t\t\t\t\n\t\t\t<\/div>\n\t\t\t\n\t\t<\/div>\n\t\t\t\t\t\t<\/div>\n\t\t\t\t<\/div>\n\t\t\t\t<div class=\"elementor-element elementor-element-f7953bd elementor-widget elementor-widget-text-editor\" data-id=\"f7953bd\" data-element_type=\"widget\" data-e-type=\"widget\" data-widget_type=\"text-editor.default\">\n\t\t\t\t<div class=\"elementor-widget-container\">\n\t\t\t\t\t\t\t\t\t<strong>Campo di applicazione:<\/strong> PlusCut technology is specifically developed for cutting thick carbon steel materials.\n<strong>Prestazioni di taglio:<\/strong> Garantisce tagli pi\u00f9 rapidi e di qualit\u00e0 superiore rispetto ai metodi di taglio laser standard.\n<strong>Sistema di messa a fuoco:<\/strong>Grazie ai sistemi di messa a fuoco avanzati, \u00e8 possibile ottenere bordi lisci e puliti anche su materiali spessi.\n<strong>Efficienza energetica:<\/strong> L&#8217;efficienza energetica \u00e8 migliorata grazie all&#8217;elevata potenza del laser e ai parametri di taglio ottimizzati.\n<strong>Compatibilit\u00e0 dei materiali:<\/strong> In grado di lavorare materiali pi\u00f9 spessi nella categoria dell&#8217;acciaio dolce, garantendo elevata velocit\u00e0 e qualit\u00e0.\n<strong>Velocit\u00e0 di taglio:<\/strong> Garantisce un taglio pi\u00f9 rapido rispetto ai metodi tradizionali, riducendo al minimo la formazione di scorie.\n<strong>Livello di potenza elevato:<\/strong> Migliora in particolar modo l&#8217;efficienza con materiali pi\u00f9 spessi. Ad esempio, una potenza laser da 20 kW pu\u00f2 tagliare efficacemente materiali in acciaio al carbonio fino a 50 mm di spessore. Con l&#8217;aumentare del livello di potenza, aumenta anche lo spessore dei materiali che possono essere tagliati.\t\t\t\t\t\t\t\t<\/div>\n\t\t\t\t<\/div>\n\t\t\t\t\t<\/div>\n\t\t<\/div>\n\t\t\t\t<div class=\"elementor-column elementor-col-50 elementor-top-column elementor-element elementor-element-a1fbbc2\" data-id=\"a1fbbc2\" data-element_type=\"column\" data-e-type=\"column\">\n\t\t\t<div class=\"elementor-widget-wrap elementor-element-populated\">\n\t\t\t\t\t\t<div class=\"elementor-element elementor-element-8a1ffff elementor-widget elementor-widget-image\" data-id=\"8a1ffff\" data-element_type=\"widget\" data-e-type=\"widget\" data-widget_type=\"image.default\">\n\t\t\t\t<div class=\"elementor-widget-container\">\n\t\t\t\t\t\t\t\t\t\t\t\t\t\t\t\t<a href=\"https:\/\/www.nukon.com.tr\/wp-content\/uploads\/2024\/12\/DSCF1158-kopya-min.png\" data-elementor-open-lightbox=\"yes\" data-elementor-lightbox-title=\"DSCF1158 kopya-min\" data-e-action-hash=\"#elementor-action%3Aaction%3Dlightbox%26settings%3DeyJpZCI6MjM3NDUsInVybCI6Imh0dHBzOlwvXC93d3cubnVrb24uY29tLnRyXC93cC1jb250ZW50XC91cGxvYWRzXC8yMDI0XC8xMlwvRFNDRjExNTgta29weWEtbWluLnBuZyJ9\">\n\t\t\t\t\t\t\t<img decoding=\"async\" width=\"1620\" height=\"1080\" src=\"https:\/\/www.nukon.com.tr\/wp-content\/uploads\/2024\/12\/DSCF1158-kopya-min.png\" class=\"attachment-full size-full wp-image-23745\" alt=\"\" srcset=\"https:\/\/www.nukon.com.tr\/wp-content\/uploads\/2024\/12\/DSCF1158-kopya-min.png 1620w, https:\/\/www.nukon.com.tr\/wp-content\/uploads\/2024\/12\/DSCF1158-kopya-min-300x200.png 300w, https:\/\/www.nukon.com.tr\/wp-content\/uploads\/2024\/12\/DSCF1158-kopya-min-1024x683.png 1024w, https:\/\/www.nukon.com.tr\/wp-content\/uploads\/2024\/12\/DSCF1158-kopya-min-768x512.png 768w, https:\/\/www.nukon.com.tr\/wp-content\/uploads\/2024\/12\/DSCF1158-kopya-min-1536x1024.png 1536w, https:\/\/www.nukon.com.tr\/wp-content\/uploads\/2024\/12\/DSCF1158-kopya-min-18x12.png 18w\" sizes=\"(max-width: 1620px) 100vw, 1620px\" title=\"\">\t\t\t\t\t\t\t\t<\/a>\n\t\t\t\t\t\t\t\t\t\t\t\t\t\t\t<\/div>\n\t\t\t\t<\/div>\n\t\t\t\t\t<\/div>\n\t\t<\/div>\n\t\t\t\t\t<\/div>\n\t\t<\/section>\n\t\t\t\t<\/div>\n\t\t","protected":false},"excerpt":{"rendered":"<p>https:\/\/www.nukon.com.tr\/wp-content\/uploads\/2022\/10\/Filmim-10.mp4 Plus Cut La tecnica di taglio Nukon PlusCut \u00e8 specificamente progettata per materiali spessi in acciaio al carbonio e utilizza potenza laser avanzata e sistemi di messa a fuoco ottimizzati. Questo approccio consente tagli pi\u00f9 rapidi, puliti e di qualit\u00e0 superiore, specialmente in tagli spessi che sono solitamente difficili con i metodi di taglio [&hellip;]<\/p>\n","protected":false},"author":3,"featured_media":23749,"parent":0,"menu_order":0,"comment_status":"closed","ping_status":"closed","template":"elementor_header_footer","meta":{"footnotes":""},"class_list":["post-23864","page","type-page","status-publish","has-post-thumbnail","hentry"],"_links":{"self":[{"href":"https:\/\/www.nukon.com.tr\/it\/wp-json\/wp\/v2\/pages\/23864","targetHints":{"allow":["GET"]}}],"collection":[{"href":"https:\/\/www.nukon.com.tr\/it\/wp-json\/wp\/v2\/pages"}],"about":[{"href":"https:\/\/www.nukon.com.tr\/it\/wp-json\/wp\/v2\/types\/page"}],"author":[{"embeddable":true,"href":"https:\/\/www.nukon.com.tr\/it\/wp-json\/wp\/v2\/users\/3"}],"replies":[{"embeddable":true,"href":"https:\/\/www.nukon.com.tr\/it\/wp-json\/wp\/v2\/comments?post=23864"}],"version-history":[{"count":6,"href":"https:\/\/www.nukon.com.tr\/it\/wp-json\/wp\/v2\/pages\/23864\/revisions"}],"predecessor-version":[{"id":26104,"href":"https:\/\/www.nukon.com.tr\/it\/wp-json\/wp\/v2\/pages\/23864\/revisions\/26104"}],"wp:featuredmedia":[{"embeddable":true,"href":"https:\/\/www.nukon.com.tr\/it\/wp-json\/wp\/v2\/media\/23749"}],"wp:attachment":[{"href":"https:\/\/www.nukon.com.tr\/it\/wp-json\/wp\/v2\/media?parent=23864"}],"curies":[{"name":"wp","href":"https:\/\/api.w.org\/{rel}","templated":true}]}}