{"id":23938,"date":"2023-10-05T11:50:28","date_gmt":"2023-10-05T08:50:28","guid":{"rendered":"https:\/\/nukon.ctemplate.com\/nukon-cutting-head-nlch\/"},"modified":"2025-03-17T12:57:04","modified_gmt":"2025-03-17T09:57:04","slug":"nukon-cutting-head-nlch","status":"publish","type":"page","link":"https:\/\/www.nukon.com.tr\/fr\/nukon-cutting-head-nlch\/","title":{"rendered":"Cutting Head NLCH"},"content":{"rendered":"\t\t<div data-elementor-type=\"wp-page\" data-elementor-id=\"23938\" class=\"elementor elementor-23938 elementor-16361\" data-elementor-settings=\"{&quot;ha_cmc_init_switcher&quot;:&quot;no&quot;}\" data-elementor-post-type=\"page\">\n\t\t\t\t\t\t<section class=\"elementor-section elementor-top-section elementor-element elementor-element-ae549b9 elementor-section-boxed elementor-section-height-default elementor-section-height-default\" data-id=\"ae549b9\" data-element_type=\"section\" data-e-type=\"section\" data-settings=\"{&quot;jet_parallax_layout_list&quot;:[],&quot;background_background&quot;:&quot;classic&quot;}\">\n\t\t\t\t\t\t<div class=\"elementor-container elementor-column-gap-no\">\n\t\t\t\t\t<div class=\"elementor-column elementor-col-100 elementor-top-column elementor-element elementor-element-1aebc40\" data-id=\"1aebc40\" data-element_type=\"column\" data-e-type=\"column\">\n\t\t\t<div class=\"elementor-widget-wrap elementor-element-populated\">\n\t\t\t\t\t\t<div class=\"elementor-element elementor-element-38384f3 elementor-widget elementor-widget-video\" data-id=\"38384f3\" data-element_type=\"widget\" data-e-type=\"widget\" data-settings=\"{&quot;video_type&quot;:&quot;hosted&quot;,&quot;autoplay&quot;:&quot;yes&quot;,&quot;play_on_mobile&quot;:&quot;yes&quot;,&quot;loop&quot;:&quot;yes&quot;,&quot;controls&quot;:&quot;yes&quot;}\" data-widget_type=\"video.default\">\n\t\t\t\t<div class=\"elementor-widget-container\">\n\t\t\t\t\t\t\t<div class=\"e-hosted-video elementor-wrapper elementor-open-inline\">\n\t\t\t\t\t<video class=\"elementor-video\" src=\"https:\/\/www.nukon.com.tr\/wp-content\/uploads\/2023\/06\/Lazer-Kesim-Kafasi-NUKON-NLCH.mp4\" autoplay=\"\" loop=\"\" controls=\"\" playsinline=\"\" controlsList=\"nodownload\"><\/video>\n\t\t\t\t<\/div>\n\t\t\t\t\t\t<\/div>\n\t\t\t\t<\/div>\n\t\t\t\t\t<\/div>\n\t\t<\/div>\n\t\t\t\t\t<\/div>\n\t\t<\/section>\n\t\t\t\t<section class=\"elementor-section elementor-top-section elementor-element elementor-element-fc7c9ee elementor-section-full_width elementor-section-height-default elementor-section-height-default\" data-id=\"fc7c9ee\" data-element_type=\"section\" data-e-type=\"section\" data-settings=\"{&quot;background_background&quot;:&quot;classic&quot;,&quot;jet_parallax_layout_list&quot;:[]}\">\n\t\t\t\t\t\t<div class=\"elementor-container elementor-column-gap-default\">\n\t\t\t\t\t<div class=\"elementor-column elementor-col-100 elementor-top-column elementor-element elementor-element-24437a2\" data-id=\"24437a2\" data-element_type=\"column\" data-e-type=\"column\">\n\t\t\t<div class=\"elementor-widget-wrap elementor-element-populated\">\n\t\t\t\t\t\t<section class=\"elementor-section elementor-inner-section elementor-element elementor-element-7a8f842 elementor-section-boxed elementor-section-height-default elementor-section-height-default\" data-id=\"7a8f842\" data-element_type=\"section\" data-e-type=\"section\" data-settings=\"{&quot;jet_parallax_layout_list&quot;:[]}\">\n\t\t\t\t\t\t<div class=\"elementor-container elementor-column-gap-default\">\n\t\t\t\t\t<div class=\"elementor-column elementor-col-100 elementor-inner-column elementor-element elementor-element-66b63bb elementor-invisible\" data-id=\"66b63bb\" data-element_type=\"column\" data-e-type=\"column\" data-settings=\"{&quot;background_background&quot;:&quot;classic&quot;,&quot;animation&quot;:&quot;fadeInLeft&quot;}\">\n\t\t\t<div class=\"elementor-widget-wrap elementor-element-populated\">\n\t\t\t\t\t\t<div class=\"elementor-element elementor-element-bd93db4 elementor-invisible elementor-widget elementor-widget-icon-box\" data-id=\"bd93db4\" data-element_type=\"widget\" data-e-type=\"widget\" data-settings=\"{&quot;_animation&quot;:&quot;fadeInDown&quot;}\" data-widget_type=\"icon-box.default\">\n\t\t\t\t<div class=\"elementor-widget-container\">\n\t\t\t\t\t\t\t<div class=\"elementor-icon-box-wrapper\">\n\n\t\t\t\n\t\t\t\t\t\t<div class=\"elementor-icon-box-content\">\n\n\t\t\t\t\t\t\t\t\t<h3 class=\"elementor-icon-box-title\">\n\t\t\t\t\t\t<span  >\n\t\t\t\t\t\t\tPionnier de nouvelles dimensions dans la technologie de coupe\t\t\t\t\t\t<\/span>\n\t\t\t\t\t<\/h3>\n\t\t\t\t\n\t\t\t\t\t\t\t\t\t<p class=\"elementor-icon-box-description\">\n\t\t\t\t\t\tNous assistons \u00e0 une avanc\u00e9e et une innovation significatives dans les solutions de d\u00e9coupe industrielle d'aujourd'hui. Au cours de cette p\u00e9riode, Nukon, leader du secteur, a franchi une \u00e9tape importante avec sa nouvelle t\u00eate de d\u00e9coupe, cr\u00e9\u00e9e en collaboration avec ses propres ing\u00e9nieurs. Nukon Fiber Laser allie la cr\u00e9ativit\u00e9 technique \u00e0 la derni\u00e8re technologie pour offrir des performances et une efficacit\u00e9 de d\u00e9coupe exceptionnelles \u00e0 ses clients. Apr\u00e8s des ann\u00e9es de recherche et d\u00e9veloppement, cette t\u00eate de d\u00e9coupe, con\u00e7ue par les experts de Nukon, est \u00e9quip\u00e9e d'une gamme de fonctionnalit\u00e9s uniques qui r\u00e9pondent et d\u00e9passent les besoins de l'industrie. Haute pr\u00e9cision, d\u00e9coupe rapide, efficacit\u00e9 \u00e9nerg\u00e9tique et convivialit\u00e9 sont les caract\u00e9ristiques principales de cette t\u00eate de d\u00e9coupe.\t\t\t\t\t<\/p>\n\t\t\t\t\n\t\t\t<\/div>\n\t\t\t\n\t\t<\/div>\n\t\t\t\t\t\t<\/div>\n\t\t\t\t<\/div>\n\t\t\t\t\t<\/div>\n\t\t<\/div>\n\t\t\t\t\t<\/div>\n\t\t<\/section>\n\t\t\t\t\t<\/div>\n\t\t<\/div>\n\t\t\t\t\t<\/div>\n\t\t<\/section>\n\t\t\t\t<section class=\"elementor-section elementor-top-section elementor-element elementor-element-1cf9c7b elementor-section-boxed elementor-section-height-default elementor-section-height-default\" data-id=\"1cf9c7b\" data-element_type=\"section\" data-e-type=\"section\" data-settings=\"{&quot;jet_parallax_layout_list&quot;:[],&quot;background_background&quot;:&quot;classic&quot;}\">\n\t\t\t\t\t\t<div class=\"elementor-container elementor-column-gap-default\">\n\t\t\t\t\t<div class=\"elementor-column elementor-col-50 elementor-top-column elementor-element elementor-element-399e93c\" data-id=\"399e93c\" data-element_type=\"column\" data-e-type=\"column\">\n\t\t\t<div class=\"elementor-widget-wrap elementor-element-populated\">\n\t\t\t\t\t\t<div class=\"elementor-element elementor-element-dc6c05f elementor-invisible elementor-widget elementor-widget-heading\" data-id=\"dc6c05f\" data-element_type=\"widget\" data-e-type=\"widget\" data-settings=\"{&quot;_animation&quot;:&quot;fadeInDown&quot;}\" data-widget_type=\"heading.default\">\n\t\t\t\t<div class=\"elementor-widget-container\">\n\t\t\t\t\t<h2 class=\"elementor-heading-title elementor-size-default\">NUKON NLCH<\/h2>\t\t\t\t<\/div>\n\t\t\t\t<\/div>\n\t\t\t\t<div class=\"elementor-element elementor-element-b4957ca elementor-invisible elementor-widget elementor-widget-text-editor\" data-id=\"b4957ca\" data-element_type=\"widget\" data-e-type=\"widget\" data-settings=\"{&quot;_animation&quot;:&quot;fadeInDown&quot;}\" data-widget_type=\"text-editor.default\">\n\t\t\t\t<div class=\"elementor-widget-container\">\n\t\t\t\t\t\t\t\t\t<p>Dot\u00e9 d&rsquo;optiques et de mat\u00e9riel prenant en charge une puissance de r\u00e9sonateur allant jusqu&rsquo;\u00e0 30 kW, il pr\u00e9sente une structure renouvelable et stocke tous ses \u00e9quipements dans un seul corps en aluminium. Le NLCH est le r\u00e9sultat d&rsquo;efforts de R&amp;D \u00e0 long terme, dont l&rsquo;objectif principal est de permettre la maintenance sur site et les changements optiques.<\/p><p>Pr\u00e9cision et qualit\u00e9 de coupe : le laser \u00e0 fibre Nukon offre la possibilit\u00e9 de couper m\u00eame les d\u00e9tails les plus fins avec une nettet\u00e9 remarquable, gr\u00e2ce \u00e0 son excellente technologie de focalisation et \u00e0 son syst\u00e8me optique de haute pr\u00e9cision. Cela permet aux clients d&rsquo;obtenir des coupes pr\u00e9cises et de haute qualit\u00e9.<\/p><p>Rapidit\u00e9 et efficacit\u00e9 : Nukon Fiber Laser am\u00e9liore l&rsquo;efficacit\u00e9 en effectuant une d\u00e9coupe \u00e0 grande vitesse, gr\u00e2ce \u00e0 sa conception innovante et \u00e0 sa source laser puissante. Sa capacit\u00e9 de d\u00e9coupe rapide permet aux clients de gagner du temps et d&rsquo;optimiser le flux de travail.<\/p><p>Efficacit\u00e9 \u00e9nerg\u00e9tique : les ing\u00e9nieurs de Nukon ont d\u00e9velopp\u00e9 la t\u00eate de coupe en mettant l\u2019accent sur l\u2019efficacit\u00e9 \u00e9nerg\u00e9tique, optimisant la consommation d\u2019\u00e9nergie tout en minimisant les co\u00fbts et l\u2019impact environnemental.<\/p><p>Convivial : \u00c9quip\u00e9 d&rsquo;une interface conviviale et d&rsquo;un panneau de commande facile \u00e0 comprendre, Nukon Fiber Laser offre une facilit\u00e9 d&rsquo;utilisation, permettant aux op\u00e9rateurs de s&rsquo;adapter rapidement et d&rsquo;obtenir les meilleurs r\u00e9sultats.<\/p><p>Cette t\u00eate de coupe de nouvelle g\u00e9n\u00e9ration a \u00e9t\u00e9 con\u00e7ue pour d\u00e9passer les normes industrielles existantes, r\u00e9pondant et d\u00e9passant les attentes des clients. Les r\u00e9alisations techniques de Nukon renforcent son leadership et son innovation dans l&rsquo;industrie, en fournissant une solution fiable aux clients pour surmonter les d\u00e9fis du processus de coupe. Avec Nukon Fiber Laser, nous faisons un pas vers l&rsquo;avenir de la technologie de coupe.<\/p>\t\t\t\t\t\t\t\t<\/div>\n\t\t\t\t<\/div>\n\t\t\t\t\t<\/div>\n\t\t<\/div>\n\t\t\t\t<div class=\"elementor-column elementor-col-50 elementor-top-column elementor-element elementor-element-d30f85b\" data-id=\"d30f85b\" data-element_type=\"column\" data-e-type=\"column\">\n\t\t\t<div class=\"elementor-widget-wrap elementor-element-populated\">\n\t\t\t\t\t\t<div class=\"elementor-element elementor-element-08c2c0b elementor-widget elementor-widget-image\" data-id=\"08c2c0b\" data-element_type=\"widget\" data-e-type=\"widget\" data-widget_type=\"image.default\">\n\t\t\t\t<div class=\"elementor-widget-container\">\n\t\t\t\t\t\t\t\t\t\t\t\t\t\t\t<img fetchpriority=\"high\" decoding=\"async\" width=\"560\" height=\"1024\" src=\"https:\/\/www.nukon.com.tr\/wp-content\/uploads\/2023\/10\/nkn-kafa-light-560x1024.webp\" class=\"attachment-large size-large wp-image-23311\" alt=\"\" srcset=\"https:\/\/www.nukon.com.tr\/wp-content\/uploads\/2023\/10\/nkn-kafa-light-560x1024.webp 560w, https:\/\/www.nukon.com.tr\/wp-content\/uploads\/2023\/10\/nkn-kafa-light-164x300.webp 164w, https:\/\/www.nukon.com.tr\/wp-content\/uploads\/2023\/10\/nkn-kafa-light-768x1403.webp 768w, https:\/\/www.nukon.com.tr\/wp-content\/uploads\/2023\/10\/nkn-kafa-light-841x1536.webp 841w, https:\/\/www.nukon.com.tr\/wp-content\/uploads\/2023\/10\/nkn-kafa-light-1121x2048.webp 1121w, https:\/\/www.nukon.com.tr\/wp-content\/uploads\/2023\/10\/nkn-kafa-light-7x12.webp 7w, https:\/\/www.nukon.com.tr\/wp-content\/uploads\/2023\/10\/nkn-kafa-light-scaled.webp 1401w\" sizes=\"(max-width: 560px) 100vw, 560px\" title=\"\">\t\t\t\t\t\t\t\t\t\t\t\t\t\t\t<\/div>\n\t\t\t\t<\/div>\n\t\t\t\t\t<\/div>\n\t\t<\/div>\n\t\t\t\t\t<\/div>\n\t\t<\/section>\n\t\t\t\t<section class=\"elementor-section elementor-top-section elementor-element elementor-element-420b6a3 elementor-section-full_width elementor-section-height-default elementor-section-height-default\" data-id=\"420b6a3\" data-element_type=\"section\" data-e-type=\"section\" data-settings=\"{&quot;background_background&quot;:&quot;classic&quot;,&quot;jet_parallax_layout_list&quot;:[]}\">\n\t\t\t\t\t\t<div class=\"elementor-container elementor-column-gap-default\">\n\t\t\t\t\t<div class=\"elementor-column elementor-col-100 elementor-top-column elementor-element elementor-element-2831d8f\" data-id=\"2831d8f\" data-element_type=\"column\" data-e-type=\"column\">\n\t\t\t<div class=\"elementor-widget-wrap elementor-element-populated\">\n\t\t\t\t\t\t<div class=\"elementor-element elementor-element-d5cc61b elementor-invisible elementor-widget elementor-widget-heading\" data-id=\"d5cc61b\" data-element_type=\"widget\" data-e-type=\"widget\" data-settings=\"{&quot;_animation&quot;:&quot;fadeInDown&quot;}\" data-widget_type=\"heading.default\">\n\t\t\t\t<div class=\"elementor-widget-container\">\n\t\t\t\t\t<h2 class=\"elementor-heading-title elementor-size-default\">Versions et fonctionnalit\u00e9s de Nukon NLCH<\/h2>\t\t\t\t<\/div>\n\t\t\t\t<\/div>\n\t\t\t\t<section class=\"elementor-section elementor-inner-section elementor-element elementor-element-bef029a elementor-section-boxed elementor-section-height-default elementor-section-height-default\" data-id=\"bef029a\" data-element_type=\"section\" data-e-type=\"section\" data-settings=\"{&quot;jet_parallax_layout_list&quot;:[]}\">\n\t\t\t\t\t\t<div class=\"elementor-container elementor-column-gap-default\">\n\t\t\t\t\t<div class=\"elementor-column elementor-col-33 elementor-inner-column elementor-element elementor-element-ee0cdcf elementor-invisible\" data-id=\"ee0cdcf\" data-element_type=\"column\" data-e-type=\"column\" data-settings=\"{&quot;background_background&quot;:&quot;classic&quot;,&quot;animation&quot;:&quot;fadeInLeft&quot;}\">\n\t\t\t<div class=\"elementor-widget-wrap elementor-element-populated\">\n\t\t\t\t\t\t<div class=\"elementor-element elementor-element-c9c4af1 elementor-invisible elementor-widget elementor-widget-heading\" data-id=\"c9c4af1\" data-element_type=\"widget\" data-e-type=\"widget\" data-settings=\"{&quot;_animation&quot;:&quot;fadeInDown&quot;}\" data-widget_type=\"heading.default\">\n\t\t\t\t<div class=\"elementor-widget-container\">\n\t\t\t\t\t<h2 class=\"elementor-heading-title elementor-size-default\">NLCH Lumi\u00e8re M1.5<\/h2>\t\t\t\t<\/div>\n\t\t\t\t<\/div>\n\t\t\t\t<div class=\"elementor-element elementor-element-e5ba496 elementor-widget__width-initial elementor-invisible elementor-widget elementor-widget-icon-box\" data-id=\"e5ba496\" data-element_type=\"widget\" data-e-type=\"widget\" data-settings=\"{&quot;_animation&quot;:&quot;fadeInDown&quot;}\" data-widget_type=\"icon-box.default\">\n\t\t\t\t<div class=\"elementor-widget-container\">\n\t\t\t\t\t\t\t<div class=\"elementor-icon-box-wrapper\">\n\n\t\t\t\n\t\t\t\t\t\t<div class=\"elementor-icon-box-content\">\n\n\t\t\t\t\n\t\t\t\t\t\t\t\t\t<p class=\"elementor-icon-box-description\">\n\t\t\t\t\t\t- Jusqu'\u00e0 6 kW de puissance laser. <br>\n- Contr\u00f4le automatique de la mise au point.<br>\n- Capteur de hauteur capacitif r\u00e9sistant \u00e0 la temp\u00e9rature.<br>\n- Syst\u00e8me de contr\u00f4le int\u00e9gr\u00e9 avec interface EtherCAT.<br>\n- Surveillance de la temp\u00e9rature inf\u00e9rieure du verre de protection et de la contamination.<br>\n- Compatible avec toutes les sources d'alimentation laser.<br>\t\t\t\t\t<\/p>\n\t\t\t\t\n\t\t\t<\/div>\n\t\t\t\n\t\t<\/div>\n\t\t\t\t\t\t<\/div>\n\t\t\t\t<\/div>\n\t\t\t\t\t<\/div>\n\t\t<\/div>\n\t\t\t\t<div class=\"elementor-column elementor-col-33 elementor-inner-column elementor-element elementor-element-f5bec42 elementor-invisible\" data-id=\"f5bec42\" data-element_type=\"column\" data-e-type=\"column\" data-settings=\"{&quot;background_background&quot;:&quot;classic&quot;,&quot;animation&quot;:&quot;fadeInLeft&quot;}\">\n\t\t\t<div class=\"elementor-widget-wrap elementor-element-populated\">\n\t\t\t\t\t\t<div class=\"elementor-element elementor-element-43db997 elementor-invisible elementor-widget elementor-widget-heading\" data-id=\"43db997\" data-element_type=\"widget\" data-e-type=\"widget\" data-settings=\"{&quot;_animation&quot;:&quot;fadeInDown&quot;}\" data-widget_type=\"heading.default\">\n\t\t\t\t<div class=\"elementor-widget-container\">\n\t\t\t\t\t<h2 class=\"elementor-heading-title elementor-size-default\">NLCH  M 1.5<\/h2>\t\t\t\t<\/div>\n\t\t\t\t<\/div>\n\t\t\t\t<div class=\"elementor-element elementor-element-fbbdaa7 elementor-widget__width-initial elementor-invisible elementor-widget elementor-widget-icon-box\" data-id=\"fbbdaa7\" data-element_type=\"widget\" data-e-type=\"widget\" data-settings=\"{&quot;_animation&quot;:&quot;fadeInDown&quot;}\" data-widget_type=\"icon-box.default\">\n\t\t\t\t<div class=\"elementor-widget-container\">\n\t\t\t\t\t\t\t<div class=\"elementor-icon-box-wrapper\">\n\n\t\t\t\n\t\t\t\t\t\t<div class=\"elementor-icon-box-content\">\n\n\t\t\t\t\n\t\t\t\t\t\t\t\t\t<p class=\"elementor-icon-box-description\">\n\t\t\t\t\t\t- Jusqu'\u00e0 20 kW de puissance laser.<br>\n- Contr\u00f4le automatique de la mise au point.<br>\n- Capteur de hauteur capacitif r\u00e9sistant \u00e0 la temp\u00e9rature.<br>\n- Surveillance de la temp\u00e9rature et de la contamination de tous les composants optiques.<br>\n- Syst\u00e8me de contr\u00f4le int\u00e9gr\u00e9 avec interface EtherCAT.<br>\n- Capteur de per\u00e7age.<br>\n- Compatible avec les applications Smart Factory et Industrie 4.0.<br>\n- Compatible avec toutes les sources d'alimentation laser.<br>\t\t\t\t\t<\/p>\n\t\t\t\t\n\t\t\t<\/div>\n\t\t\t\n\t\t<\/div>\n\t\t\t\t\t\t<\/div>\n\t\t\t\t<\/div>\n\t\t\t\t\t<\/div>\n\t\t<\/div>\n\t\t\t\t<div class=\"elementor-column elementor-col-33 elementor-inner-column elementor-element elementor-element-ec149fa elementor-invisible\" data-id=\"ec149fa\" data-element_type=\"column\" data-e-type=\"column\" data-settings=\"{&quot;background_background&quot;:&quot;classic&quot;,&quot;animation&quot;:&quot;fadeInLeft&quot;}\">\n\t\t\t<div class=\"elementor-widget-wrap elementor-element-populated\">\n\t\t\t\t\t\t<div class=\"elementor-element elementor-element-d1a64b6 elementor-invisible elementor-widget elementor-widget-heading\" data-id=\"d1a64b6\" data-element_type=\"widget\" data-e-type=\"widget\" data-settings=\"{&quot;_animation&quot;:&quot;fadeInDown&quot;}\" data-widget_type=\"heading.default\">\n\t\t\t\t<div class=\"elementor-widget-container\">\n\t\t\t\t\t<h2 class=\"elementor-heading-title elementor-size-default\">NLCH  M 2.0  <\/h2>\t\t\t\t<\/div>\n\t\t\t\t<\/div>\n\t\t\t\t<div class=\"elementor-element elementor-element-d66b89d elementor-widget__width-initial elementor-invisible elementor-widget elementor-widget-icon-box\" data-id=\"d66b89d\" data-element_type=\"widget\" data-e-type=\"widget\" data-settings=\"{&quot;_animation&quot;:&quot;fadeInDown&quot;}\" data-widget_type=\"icon-box.default\">\n\t\t\t\t<div class=\"elementor-widget-container\">\n\t\t\t\t\t\t\t<div class=\"elementor-icon-box-wrapper\">\n\n\t\t\t\n\t\t\t\t\t\t<div class=\"elementor-icon-box-content\">\n\n\t\t\t\t\n\t\t\t\t\t\t\t\t\t<p class=\"elementor-icon-box-description\">\n\t\t\t\t\t\t- Up to 30 kW laser power.<br>\n- Contr\u00f4le automatique de la mise au point.<br>\n- Capteur de hauteur capacitif r\u00e9sistant \u00e0 la temp\u00e9rature.<br>\n- Surveillance de la temp\u00e9rature et de la contamination de tous les composants optiques.<br>\n- Syst\u00e8me de contr\u00f4le int\u00e9gr\u00e9 avec interface EtherCAT.<br>\n- Capteur de per\u00e7age.<br>\n- Compatible avec les applications Smart Factory et Industrie 4.0.<br>\n- Compatible avec toutes les sources d'alimentation laser.<br>\t\t\t\t\t<\/p>\n\t\t\t\t\n\t\t\t<\/div>\n\t\t\t\n\t\t<\/div>\n\t\t\t\t\t\t<\/div>\n\t\t\t\t<\/div>\n\t\t\t\t\t<\/div>\n\t\t<\/div>\n\t\t\t\t\t<\/div>\n\t\t<\/section>\n\t\t\t\t\t<\/div>\n\t\t<\/div>\n\t\t\t\t\t<\/div>\n\t\t<\/section>\n\t\t\t\t<section class=\"elementor-section elementor-top-section elementor-element elementor-element-17d8e8a elementor-section-full_width elementor-section-height-default elementor-section-height-default\" data-id=\"17d8e8a\" data-element_type=\"section\" data-e-type=\"section\" data-settings=\"{&quot;background_background&quot;:&quot;classic&quot;,&quot;jet_parallax_layout_list&quot;:[]}\">\n\t\t\t\t\t\t<div class=\"elementor-container elementor-column-gap-default\">\n\t\t\t\t\t<div class=\"elementor-column elementor-col-100 elementor-top-column elementor-element elementor-element-0e4ae9d\" data-id=\"0e4ae9d\" data-element_type=\"column\" data-e-type=\"column\">\n\t\t\t<div class=\"elementor-widget-wrap elementor-element-populated\">\n\t\t\t\t\t\t<div class=\"elementor-element elementor-element-adcb513 elementor-widget elementor-widget-image\" data-id=\"adcb513\" data-element_type=\"widget\" data-e-type=\"widget\" data-widget_type=\"image.default\">\n\t\t\t\t<div class=\"elementor-widget-container\">\n\t\t\t\t\t\t\t\t\t\t\t\t\t\t\t<img decoding=\"async\" width=\"2560\" height=\"918\" src=\"https:\/\/www.nukon.com.tr\/wp-content\/uploads\/2023\/10\/Nukon-Head-2023-Final-White_Post-copy-scaled.webp\" class=\"attachment-full size-full wp-image-23323\" alt=\"\" srcset=\"https:\/\/www.nukon.com.tr\/wp-content\/uploads\/2023\/10\/Nukon-Head-2023-Final-White_Post-copy-scaled.webp 2560w, https:\/\/www.nukon.com.tr\/wp-content\/uploads\/2023\/10\/Nukon-Head-2023-Final-White_Post-copy-300x108.webp 300w, https:\/\/www.nukon.com.tr\/wp-content\/uploads\/2023\/10\/Nukon-Head-2023-Final-White_Post-copy-1024x367.webp 1024w, https:\/\/www.nukon.com.tr\/wp-content\/uploads\/2023\/10\/Nukon-Head-2023-Final-White_Post-copy-768x275.webp 768w, https:\/\/www.nukon.com.tr\/wp-content\/uploads\/2023\/10\/Nukon-Head-2023-Final-White_Post-copy-1536x551.webp 1536w, https:\/\/www.nukon.com.tr\/wp-content\/uploads\/2023\/10\/Nukon-Head-2023-Final-White_Post-copy-2048x734.webp 2048w, https:\/\/www.nukon.com.tr\/wp-content\/uploads\/2023\/10\/Nukon-Head-2023-Final-White_Post-copy-18x6.webp 18w\" sizes=\"(max-width: 2560px) 100vw, 2560px\" title=\"\">\t\t\t\t\t\t\t\t\t\t\t\t\t\t\t<\/div>\n\t\t\t\t<\/div>\n\t\t\t\t\t<\/div>\n\t\t<\/div>\n\t\t\t\t\t<\/div>\n\t\t<\/section>\n\t\t\t\t<section class=\"jet-tricks-particles-section elementor-section elementor-top-section elementor-element elementor-element-0cab60c elementor-section-boxed elementor-section-height-default elementor-section-height-default\" data-id=\"0cab60c\" data-element_type=\"section\" data-e-type=\"section\" data-settings=\"{&quot;jet_parallax_layout_list&quot;:[],&quot;background_background&quot;:&quot;classic&quot;}\">\n\t\t\t\t\t\t<div class=\"elementor-container elementor-column-gap-default\">\n\t\t\t\t\t<div class=\"elementor-column elementor-col-100 elementor-top-column elementor-element elementor-element-2d18349\" data-id=\"2d18349\" data-element_type=\"column\" data-e-type=\"column\">\n\t\t\t<div class=\"elementor-widget-wrap elementor-element-populated\">\n\t\t\t\t\t\t<div class=\"elementor-element elementor-element-2248aa0 elementor-widget elementor-widget-heading\" data-id=\"2248aa0\" data-element_type=\"widget\" data-e-type=\"widget\" data-widget_type=\"heading.default\">\n\t\t\t\t<div class=\"elementor-widget-container\">\n\t\t\t\t\t<h3 class=\"elementor-heading-title elementor-size-default\">Etes-vous int\u00e9ress\u00e9 par un produit ?<\/h3>\t\t\t\t<\/div>\n\t\t\t\t<\/div>\n\t\t\t\t<div class=\"elementor-element elementor-element-b426277 elementor-cta--valign-middle elementor-cta--skin-classic elementor-animated-content elementor-widget elementor-widget-call-to-action\" data-id=\"b426277\" data-element_type=\"widget\" data-e-type=\"widget\" data-widget_type=\"call-to-action.default\">\n\t\t\t\t<div class=\"elementor-widget-container\">\n\t\t\t\t\t\t\t<div class=\"elementor-cta\">\n\t\t\t\t\t\t\t<div class=\"elementor-cta__content\">\n\t\t\t\t\t\t\t\t\t<div class=\"elementor-content-item elementor-cta__content-item elementor-icon-wrapper elementor-cta__icon elementor-view-default\">\n\t\t\t\t\t\t<div class=\"elementor-icon\">\n\t\t\t\t\t\t\t\t\t\t\t\t\t<\/div>\n\t\t\t\t\t<\/div>\n\t\t\t\t\n\t\t\t\t\n\t\t\t\t\n\t\t\t\t\t\t\t\t\t<div class=\"elementor-cta__button-wrapper elementor-cta__content-item elementor-content-item \">\n\t\t\t\t\t<a class=\"elementor-cta__button elementor-button elementor-size-md\" href=\"#elementor-action%3Aaction%3Dpopup%3Aopen%26settings%3DeyJpZCI6MTUyOTUsInRvZ2dsZSI6ZmFsc2V9\">\n\t\t\t\t\t\tContactez-nous\t\t\t\t\t<\/a>\n\t\t\t\t\t<\/div>\n\t\t\t\t\t\t\t<\/div>\n\t\t\t\t\t\t<\/div>\n\t\t\t\t\t\t<\/div>\n\t\t\t\t<\/div>\n\t\t\t\t\t<\/div>\n\t\t<\/div>\n\t\t\t\t\t<\/div>\n\t\t<\/section>\n\t\t\t\t<\/div>\n\t\t","protected":false},"excerpt":{"rendered":"<p>https:\/\/www.nukon.com.tr\/wp-content\/uploads\/2023\/06\/Lazer-Kesim-Kafasi-NUKON-NLCH.mp4 Pionnier de nouvelles dimensions dans la technologie de coupe Nous assistons \u00e0 une avanc\u00e9e et une innovation significatives dans les solutions de d\u00e9coupe industrielle d&rsquo;aujourd&rsquo;hui. Au cours de cette p\u00e9riode, Nukon, leader du secteur, a franchi une \u00e9tape importante avec sa nouvelle t\u00eate de d\u00e9coupe, cr\u00e9\u00e9e en collaboration avec ses propres ing\u00e9nieurs. Nukon Fiber [&hellip;]<\/p>\n","protected":false},"author":3,"featured_media":22943,"parent":0,"menu_order":0,"comment_status":"closed","ping_status":"closed","template":"elementor_header_footer","meta":{"footnotes":""},"class_list":["post-23938","page","type-page","status-publish","has-post-thumbnail","hentry"],"_links":{"self":[{"href":"https:\/\/www.nukon.com.tr\/fr\/wp-json\/wp\/v2\/pages\/23938","targetHints":{"allow":["GET"]}}],"collection":[{"href":"https:\/\/www.nukon.com.tr\/fr\/wp-json\/wp\/v2\/pages"}],"about":[{"href":"https:\/\/www.nukon.com.tr\/fr\/wp-json\/wp\/v2\/types\/page"}],"author":[{"embeddable":true,"href":"https:\/\/www.nukon.com.tr\/fr\/wp-json\/wp\/v2\/users\/3"}],"replies":[{"embeddable":true,"href":"https:\/\/www.nukon.com.tr\/fr\/wp-json\/wp\/v2\/comments?post=23938"}],"version-history":[{"count":7,"href":"https:\/\/www.nukon.com.tr\/fr\/wp-json\/wp\/v2\/pages\/23938\/revisions"}],"predecessor-version":[{"id":24415,"href":"https:\/\/www.nukon.com.tr\/fr\/wp-json\/wp\/v2\/pages\/23938\/revisions\/24415"}],"wp:featuredmedia":[{"embeddable":true,"href":"https:\/\/www.nukon.com.tr\/fr\/wp-json\/wp\/v2\/media\/22943"}],"wp:attachment":[{"href":"https:\/\/www.nukon.com.tr\/fr\/wp-json\/wp\/v2\/media?parent=23938"}],"curies":[{"name":"wp","href":"https:\/\/api.w.org\/{rel}","templated":true}]}}