{"id":23923,"date":"2023-10-19T15:40:15","date_gmt":"2023-10-19T12:40:15","guid":{"rendered":"https:\/\/nukon.ctemplate.com\/industry-4-0\/"},"modified":"2025-03-17T12:47:53","modified_gmt":"2025-03-17T09:47:53","slug":"industry-4-0","status":"publish","type":"page","link":"https:\/\/www.nukon.com.tr\/fr\/industry-4-0\/","title":{"rendered":"INDUSTRY 4.0"},"content":{"rendered":"\t\t<div data-elementor-type=\"wp-page\" data-elementor-id=\"23923\" class=\"elementor elementor-23923 elementor-17142\" data-elementor-settings=\"{&quot;ha_cmc_init_switcher&quot;:&quot;no&quot;}\" data-elementor-post-type=\"page\">\n\t\t\t\t\t\t<section class=\"elementor-section elementor-top-section elementor-element elementor-element-ae549b9 elementor-section-height-min-height elementor-section-stretched elementor-section-boxed elementor-section-height-default elementor-section-items-middle\" data-id=\"ae549b9\" data-element_type=\"section\" data-e-type=\"section\" data-settings=\"{&quot;jet_parallax_layout_list&quot;:[],&quot;background_background&quot;:&quot;classic&quot;,&quot;stretch_section&quot;:&quot;section-stretched&quot;}\">\n\t\t\t\t\t\t<div class=\"elementor-container elementor-column-gap-no\">\n\t\t\t\t\t<div class=\"elementor-column elementor-col-100 elementor-top-column elementor-element elementor-element-1aebc40\" data-id=\"1aebc40\" data-element_type=\"column\" data-e-type=\"column\">\n\t\t\t<div class=\"elementor-widget-wrap elementor-element-populated\">\n\t\t\t\t\t\t<div class=\"elementor-element elementor-element-08455fe elementor-widget elementor-widget-image\" data-id=\"08455fe\" data-element_type=\"widget\" data-e-type=\"widget\" data-widget_type=\"image.default\">\n\t\t\t\t<div class=\"elementor-widget-container\">\n\t\t\t\t\t\t\t\t\t\t\t\t\t\t\t<img fetchpriority=\"high\" decoding=\"async\" width=\"2560\" height=\"987\" src=\"https:\/\/www.nukon.com.tr\/wp-content\/uploads\/2023\/10\/industry4.0-nukon-scaled.webp\" class=\"attachment-full size-full wp-image-23295\" alt=\"\" srcset=\"https:\/\/www.nukon.com.tr\/wp-content\/uploads\/2023\/10\/industry4.0-nukon-scaled.webp 2560w, https:\/\/www.nukon.com.tr\/wp-content\/uploads\/2023\/10\/industry4.0-nukon-300x116.webp 300w, https:\/\/www.nukon.com.tr\/wp-content\/uploads\/2023\/10\/industry4.0-nukon-1024x395.webp 1024w, https:\/\/www.nukon.com.tr\/wp-content\/uploads\/2023\/10\/industry4.0-nukon-768x296.webp 768w, https:\/\/www.nukon.com.tr\/wp-content\/uploads\/2023\/10\/industry4.0-nukon-1536x592.webp 1536w, https:\/\/www.nukon.com.tr\/wp-content\/uploads\/2023\/10\/industry4.0-nukon-2048x790.webp 2048w, https:\/\/www.nukon.com.tr\/wp-content\/uploads\/2023\/10\/industry4.0-nukon-18x7.webp 18w\" sizes=\"(max-width: 2560px) 100vw, 2560px\" title=\"\">\t\t\t\t\t\t\t\t\t\t\t\t\t\t\t<\/div>\n\t\t\t\t<\/div>\n\t\t\t\t\t<\/div>\n\t\t<\/div>\n\t\t\t\t\t<\/div>\n\t\t<\/section>\n\t\t\t\t<section class=\"elementor-section elementor-top-section elementor-element elementor-element-fc7c9ee elementor-section-boxed elementor-section-height-default elementor-section-height-default\" data-id=\"fc7c9ee\" data-element_type=\"section\" data-e-type=\"section\" data-settings=\"{&quot;background_background&quot;:&quot;classic&quot;,&quot;jet_parallax_layout_list&quot;:[]}\">\n\t\t\t\t\t\t<div class=\"elementor-container elementor-column-gap-default\">\n\t\t\t\t\t<div class=\"elementor-column elementor-col-100 elementor-top-column elementor-element elementor-element-24437a2\" data-id=\"24437a2\" data-element_type=\"column\" data-e-type=\"column\" data-settings=\"{&quot;background_background&quot;:&quot;classic&quot;}\">\n\t\t\t<div class=\"elementor-widget-wrap elementor-element-populated\">\n\t\t\t\t\t\t<div class=\"elementor-element elementor-element-acf4c9d elementor-invisible elementor-widget elementor-widget-heading\" data-id=\"acf4c9d\" data-element_type=\"widget\" data-e-type=\"widget\" data-settings=\"{&quot;_animation&quot;:&quot;fadeInDown&quot;}\" data-widget_type=\"heading.default\">\n\t\t\t\t<div class=\"elementor-widget-container\">\n\t\t\t\t\t<h2 class=\"elementor-heading-title elementor-size-default\">INDUSTRIE 4.0<\/h2>\t\t\t\t<\/div>\n\t\t\t\t<\/div>\n\t\t\t\t<div class=\"elementor-element elementor-element-0ce705c elementor-invisible elementor-widget elementor-widget-heading\" data-id=\"0ce705c\" data-element_type=\"widget\" data-e-type=\"widget\" data-settings=\"{&quot;_animation&quot;:&quot;fadeInDown&quot;}\" data-widget_type=\"heading.default\">\n\t\t\t\t<div class=\"elementor-widget-container\">\n\t\t\t\t\t<h2 class=\"elementor-heading-title elementor-size-default\">The Rise of Digital Transformation in ManufacturinL'essor de la transformation num\u00e9rique dans le secteur manufacturierg<\/h2>\t\t\t\t<\/div>\n\t\t\t\t<\/div>\n\t\t\t\t<div class=\"elementor-element elementor-element-bd93db4 elementor-invisible elementor-widget elementor-widget-icon-box\" data-id=\"bd93db4\" data-element_type=\"widget\" data-e-type=\"widget\" data-settings=\"{&quot;_animation&quot;:&quot;fadeInDown&quot;}\" data-widget_type=\"icon-box.default\">\n\t\t\t\t<div class=\"elementor-widget-container\">\n\t\t\t\t\t\t\t<div class=\"elementor-icon-box-wrapper\">\n\n\t\t\t\n\t\t\t\t\t\t<div class=\"elementor-icon-box-content\">\n\n\t\t\t\t\n\t\t\t\t\t\t\t\t\t<p class=\"elementor-icon-box-description\">\n\t\t\t\t\t\tL'Industrie 4.0 est un concept li\u00e9 \u00e0 l'int\u00e9gration de technologies intelligentes et \u00e0 la num\u00e9risation des processus de fabrication modernes. Cette nouvelle r\u00e9volution industrielle vise \u00e0 accro\u00eetre l'efficacit\u00e9 des processus de production, \u00e0 obtenir un avantage concurrentiel et \u00e0 offrir des possibilit\u00e9s de production plus flexibles. En tant que fabricant de machines de d\u00e9coupe laser \u00e0 fibre, nous suivons de pr\u00e8s les opportunit\u00e9s offertes par l'Industrie 4.0 et le r\u00f4le de la technologie laser \u00e0 fibre dans cette transformation.\n<br>\n\nL'un des \u00e9l\u00e9ments cl\u00e9s de l'Industrie 4.0 est le syst\u00e8me de fabrication intelligent, qui am\u00e9liore les performances de nos machines de d\u00e9coupe laser \u00e0 fibre tout en am\u00e9liorant l'efficacit\u00e9 op\u00e9rationnelle. Les fonctions d'analyse des donn\u00e9es et d'automatisation de nos machines rendent les processus de production plus pr\u00e9visibles, minimisent les erreurs et r\u00e9duisent consid\u00e9rablement les temps d'arr\u00eat de la production.\nL'int\u00e9gration de nos machines de d\u00e9coupe laser \u00e0 fibre avec l'Industrie 4.0 permet un flux de donn\u00e9es et un contr\u00f4le en temps r\u00e9el, ce qui rend les processus de production plus efficaces et plus flexibles. Cela nous aide \u00e0 livrer des produits plus rapidement et de meilleure qualit\u00e9. De plus, gr\u00e2ce aux options de surveillance et de maintenance \u00e0 distance, nous permettons un suivi en temps r\u00e9el des performances des machines \u00e0 tout moment.\n<br>\nL'int\u00e9gration de nos machines de d\u00e9coupe laser \u00e0 fibre avec l'Industrie 4.0 offre des avantages environnementaux tels qu'une efficacit\u00e9 de production accrue, des \u00e9conomies d'\u00e9nergie et une r\u00e9duction des d\u00e9chets dans les processus de fabrication. Cela soutient nos objectifs de production durable et contribue \u00e0 r\u00e9duire notre empreinte carbone.\n<br>\nNotre approche ax\u00e9e sur l'industrie 4.0 en mati\u00e8re de technologie de machines de d\u00e9coupe laser \u00e0 fibre nous permet d'offrir des solutions plus rapides et plus flexibles \u00e0 nos clients, renfor\u00e7ant ainsi notre avantage concurrentiel dans l'industrie tout en am\u00e9liorant l'efficacit\u00e9 et la qualit\u00e9 de la production.\n<br>\nEn adoptant la transformation num\u00e9rique apport\u00e9e par l'Industrie 4.0, nous \u00e9tablissons une nouvelle norme en mati\u00e8re de production de machines de d\u00e9coupe laser \u00e0 fibre et de satisfaction client. Nous continuerons \u00e0 tirer le meilleur parti des opportunit\u00e9s offertes par l'Industrie 4.0 pour une production plus intelligente, plus flexible et plus durable.\n<br>\t\t\t\t\t<\/p>\n\t\t\t\t\n\t\t\t<\/div>\n\t\t\t\n\t\t<\/div>\n\t\t\t\t\t\t<\/div>\n\t\t\t\t<\/div>\n\t\t\t\t\t<\/div>\n\t\t<\/div>\n\t\t\t\t\t<\/div>\n\t\t<\/section>\n\t\t\t\t<section class=\"jet-tricks-particles-section elementor-section elementor-top-section elementor-element elementor-element-0cab60c elementor-section-boxed elementor-section-height-default elementor-section-height-default\" data-id=\"0cab60c\" data-element_type=\"section\" data-e-type=\"section\" data-settings=\"{&quot;jet_parallax_layout_list&quot;:[],&quot;background_background&quot;:&quot;classic&quot;}\">\n\t\t\t\t\t\t<div class=\"elementor-container elementor-column-gap-default\">\n\t\t\t\t\t<div class=\"elementor-column elementor-col-100 elementor-top-column elementor-element elementor-element-2d18349\" data-id=\"2d18349\" data-element_type=\"column\" data-e-type=\"column\">\n\t\t\t<div class=\"elementor-widget-wrap elementor-element-populated\">\n\t\t\t\t\t\t<div class=\"elementor-element elementor-element-2248aa0 elementor-widget elementor-widget-heading\" data-id=\"2248aa0\" data-element_type=\"widget\" data-e-type=\"widget\" data-widget_type=\"heading.default\">\n\t\t\t\t<div class=\"elementor-widget-container\">\n\t\t\t\t\t<h3 class=\"elementor-heading-title elementor-size-default\">Etes-vous int\u00e9ress\u00e9 par un produit ?<\/h3>\t\t\t\t<\/div>\n\t\t\t\t<\/div>\n\t\t\t\t<div class=\"elementor-element elementor-element-b426277 elementor-cta--valign-middle elementor-cta--skin-classic elementor-animated-content elementor-widget elementor-widget-call-to-action\" data-id=\"b426277\" data-element_type=\"widget\" data-e-type=\"widget\" data-widget_type=\"call-to-action.default\">\n\t\t\t\t<div class=\"elementor-widget-container\">\n\t\t\t\t\t\t\t<div class=\"elementor-cta\">\n\t\t\t\t\t\t\t<div class=\"elementor-cta__content\">\n\t\t\t\t\t\t\t\t\t<div class=\"elementor-content-item elementor-cta__content-item elementor-icon-wrapper elementor-cta__icon elementor-view-default\">\n\t\t\t\t\t\t<div class=\"elementor-icon\">\n\t\t\t\t\t\t\t\t\t\t\t\t\t<\/div>\n\t\t\t\t\t<\/div>\n\t\t\t\t\n\t\t\t\t\n\t\t\t\t\n\t\t\t\t\t\t\t\t\t<div class=\"elementor-cta__button-wrapper elementor-cta__content-item elementor-content-item \">\n\t\t\t\t\t<a class=\"elementor-cta__button elementor-button elementor-size-md\" href=\"#elementor-action%3Aaction%3Dpopup%3Aopen%26settings%3DeyJpZCI6MTUyOTUsInRvZ2dsZSI6ZmFsc2V9\">\n\t\t\t\t\t\tContactez-nous\t\t\t\t\t<\/a>\n\t\t\t\t\t<\/div>\n\t\t\t\t\t\t\t<\/div>\n\t\t\t\t\t\t<\/div>\n\t\t\t\t\t\t<\/div>\n\t\t\t\t<\/div>\n\t\t\t\t\t<\/div>\n\t\t<\/div>\n\t\t\t\t\t<\/div>\n\t\t<\/section>\n\t\t\t\t<\/div>\n\t\t","protected":false},"excerpt":{"rendered":"<p>INDUSTRIE 4.0 The Rise of Digital Transformation in ManufacturinL&rsquo;essor de la transformation num\u00e9rique dans le secteur manufacturierg L&rsquo;Industrie 4.0 est un concept li\u00e9 \u00e0 l&rsquo;int\u00e9gration de technologies intelligentes et \u00e0 la num\u00e9risation des processus de fabrication modernes. Cette nouvelle r\u00e9volution industrielle vise \u00e0 accro\u00eetre l&rsquo;efficacit\u00e9 des processus de production, \u00e0 obtenir un avantage concurrentiel et [&hellip;]<\/p>\n","protected":false},"author":3,"featured_media":0,"parent":0,"menu_order":0,"comment_status":"closed","ping_status":"closed","template":"","meta":{"footnotes":""},"class_list":["post-23923","page","type-page","status-publish","hentry"],"_links":{"self":[{"href":"https:\/\/www.nukon.com.tr\/fr\/wp-json\/wp\/v2\/pages\/23923","targetHints":{"allow":["GET"]}}],"collection":[{"href":"https:\/\/www.nukon.com.tr\/fr\/wp-json\/wp\/v2\/pages"}],"about":[{"href":"https:\/\/www.nukon.com.tr\/fr\/wp-json\/wp\/v2\/types\/page"}],"author":[{"embeddable":true,"href":"https:\/\/www.nukon.com.tr\/fr\/wp-json\/wp\/v2\/users\/3"}],"replies":[{"embeddable":true,"href":"https:\/\/www.nukon.com.tr\/fr\/wp-json\/wp\/v2\/comments?post=23923"}],"version-history":[{"count":10,"href":"https:\/\/www.nukon.com.tr\/fr\/wp-json\/wp\/v2\/pages\/23923\/revisions"}],"predecessor-version":[{"id":24401,"href":"https:\/\/www.nukon.com.tr\/fr\/wp-json\/wp\/v2\/pages\/23923\/revisions\/24401"}],"wp:attachment":[{"href":"https:\/\/www.nukon.com.tr\/fr\/wp-json\/wp\/v2\/media?parent=23923"}],"curies":[{"name":"wp","href":"https:\/\/api.w.org\/{rel}","templated":true}]}}