{"id":23909,"date":"2023-10-19T16:29:04","date_gmt":"2023-10-19T13:29:04","guid":{"rendered":"https:\/\/nukon.ctemplate.com\/automatic-nozzle-changer\/"},"modified":"2025-03-17T12:06:45","modified_gmt":"2025-03-17T09:06:45","slug":"automatic-nozzle-changer","status":"publish","type":"page","link":"https:\/\/www.nukon.com.tr\/fr\/automatic-nozzle-changer\/","title":{"rendered":"AUTOMATIC NOZZLE CHANGER"},"content":{"rendered":"\t\t<div data-elementor-type=\"wp-page\" data-elementor-id=\"23909\" class=\"elementor elementor-23909 elementor-17237\" data-elementor-settings=\"{&quot;ha_cmc_init_switcher&quot;:&quot;no&quot;}\" data-elementor-post-type=\"page\">\n\t\t\t\t\t\t<section class=\"elementor-section elementor-top-section elementor-element elementor-element-ae549b9 elementor-section-boxed elementor-section-height-default elementor-section-height-default\" data-id=\"ae549b9\" data-element_type=\"section\" data-e-type=\"section\" data-settings=\"{&quot;jet_parallax_layout_list&quot;:[],&quot;background_background&quot;:&quot;classic&quot;}\">\n\t\t\t\t\t\t<div class=\"elementor-container elementor-column-gap-no\">\n\t\t\t\t\t<div class=\"elementor-column elementor-col-100 elementor-top-column elementor-element elementor-element-1aebc40\" data-id=\"1aebc40\" data-element_type=\"column\" data-e-type=\"column\">\n\t\t\t<div class=\"elementor-widget-wrap elementor-element-populated\">\n\t\t\t\t\t\t<div class=\"elementor-element elementor-element-b01f98d elementor-widget elementor-widget-image\" data-id=\"b01f98d\" data-element_type=\"widget\" data-e-type=\"widget\" data-widget_type=\"image.default\">\n\t\t\t\t<div class=\"elementor-widget-container\">\n\t\t\t\t\t\t\t\t\t\t\t\t\t\t\t<img fetchpriority=\"high\" decoding=\"async\" width=\"2560\" height=\"1440\" src=\"https:\/\/www.nukon.com.tr\/wp-content\/uploads\/2023\/10\/Nozzle-Changer-3-copy-min-scaled.webp\" class=\"attachment-full size-full wp-image-23283\" alt=\"\" srcset=\"https:\/\/www.nukon.com.tr\/wp-content\/uploads\/2023\/10\/Nozzle-Changer-3-copy-min-scaled.webp 2560w, https:\/\/www.nukon.com.tr\/wp-content\/uploads\/2023\/10\/Nozzle-Changer-3-copy-min-300x169.webp 300w, https:\/\/www.nukon.com.tr\/wp-content\/uploads\/2023\/10\/Nozzle-Changer-3-copy-min-1024x576.webp 1024w, https:\/\/www.nukon.com.tr\/wp-content\/uploads\/2023\/10\/Nozzle-Changer-3-copy-min-768x432.webp 768w, https:\/\/www.nukon.com.tr\/wp-content\/uploads\/2023\/10\/Nozzle-Changer-3-copy-min-1536x864.webp 1536w, https:\/\/www.nukon.com.tr\/wp-content\/uploads\/2023\/10\/Nozzle-Changer-3-copy-min-2048x1152.webp 2048w, https:\/\/www.nukon.com.tr\/wp-content\/uploads\/2023\/10\/Nozzle-Changer-3-copy-min-18x10.webp 18w\" sizes=\"(max-width: 2560px) 100vw, 2560px\" title=\"\">\t\t\t\t\t\t\t\t\t\t\t\t\t\t\t<\/div>\n\t\t\t\t<\/div>\n\t\t\t\t\t<\/div>\n\t\t<\/div>\n\t\t\t\t\t<\/div>\n\t\t<\/section>\n\t\t\t\t<section class=\"elementor-section elementor-top-section elementor-element elementor-element-c09a998 elementor-section-boxed elementor-section-height-default elementor-section-height-default\" data-id=\"c09a998\" data-element_type=\"section\" data-e-type=\"section\" data-settings=\"{&quot;jet_parallax_layout_list&quot;:[],&quot;background_background&quot;:&quot;classic&quot;}\">\n\t\t\t\t\t\t<div class=\"elementor-container elementor-column-gap-default\">\n\t\t\t\t\t<div class=\"elementor-column elementor-col-100 elementor-top-column elementor-element elementor-element-0f505b8\" data-id=\"0f505b8\" data-element_type=\"column\" data-e-type=\"column\" data-settings=\"{&quot;background_background&quot;:&quot;classic&quot;}\">\n\t\t\t<div class=\"elementor-widget-wrap elementor-element-populated\">\n\t\t\t\t\t\t<div class=\"elementor-element elementor-element-fd9c1ff elementor-widget elementor-widget-heading\" data-id=\"fd9c1ff\" data-element_type=\"widget\" data-e-type=\"widget\" data-widget_type=\"heading.default\">\n\t\t\t\t<div class=\"elementor-widget-container\">\n\t\t\t\t\t<h1 class=\"elementor-heading-title elementor-size-default\">CHANGEUR DE BUSE AUTOMATIQUE\n<\/h1>\t\t\t\t<\/div>\n\t\t\t\t<\/div>\n\t\t\t\t<div class=\"elementor-element elementor-element-44e0e38 elementor-widget elementor-widget-text-editor\" data-id=\"44e0e38\" data-element_type=\"widget\" data-e-type=\"widget\" data-widget_type=\"text-editor.default\">\n\t\t\t\t<div class=\"elementor-widget-container\">\n\t\t\t\t\t\t\t\t\t<strong>Remplacement de la buse, am\u00e9liorant l&rsquo;efficacit\u00e9 et la pr\u00e9cision de la coupe.<\/strong>\n\nLe remplacement r\u00e9gulier des buses est essentiel non seulement pour am\u00e9liorer l&rsquo;efficacit\u00e9 de la machine, mais \u00e9galement pour garantir la qualit\u00e9 et la r\u00e9gularit\u00e9 de la coupe. Il \u00e9vite une baisse de la qualit\u00e9 de coupe due \u00e0 l&rsquo;usure. De plus, il pr\u00e9serve la propret\u00e9 et la pr\u00e9cision de la pi\u00e8ce, minimise les d\u00e9chets et garantit un processus de coupe impeccable. Offrant des options de buses personnalis\u00e9es pour r\u00e9pondre \u00e0 divers besoins de coupe, une large gamme de solutions est produite pour r\u00e9pondre \u00e0 des exigences sp\u00e9cifiques.\t\t\t\t\t\t\t\t<\/div>\n\t\t\t\t<\/div>\n\t\t\t\t\t<\/div>\n\t\t<\/div>\n\t\t\t\t\t<\/div>\n\t\t<\/section>\n\t\t\t\t<section class=\"jet-tricks-particles-section elementor-section elementor-top-section elementor-element elementor-element-0cab60c elementor-section-boxed elementor-section-height-default elementor-section-height-default\" data-id=\"0cab60c\" data-element_type=\"section\" data-e-type=\"section\" data-settings=\"{&quot;jet_parallax_layout_list&quot;:[],&quot;background_background&quot;:&quot;classic&quot;}\">\n\t\t\t\t\t\t<div class=\"elementor-container elementor-column-gap-default\">\n\t\t\t\t\t<div class=\"elementor-column elementor-col-100 elementor-top-column elementor-element elementor-element-2d18349\" data-id=\"2d18349\" data-element_type=\"column\" data-e-type=\"column\">\n\t\t\t<div class=\"elementor-widget-wrap elementor-element-populated\">\n\t\t\t\t\t\t<div class=\"elementor-element elementor-element-2248aa0 elementor-widget elementor-widget-heading\" data-id=\"2248aa0\" data-element_type=\"widget\" data-e-type=\"widget\" data-widget_type=\"heading.default\">\n\t\t\t\t<div class=\"elementor-widget-container\">\n\t\t\t\t\t<h3 class=\"elementor-heading-title elementor-size-default\">Etes-vous int\u00e9ress\u00e9 par un produit ?<\/h3>\t\t\t\t<\/div>\n\t\t\t\t<\/div>\n\t\t\t\t<div class=\"elementor-element elementor-element-b426277 elementor-cta--valign-middle elementor-cta--skin-classic elementor-animated-content elementor-widget elementor-widget-call-to-action\" data-id=\"b426277\" data-element_type=\"widget\" data-e-type=\"widget\" data-widget_type=\"call-to-action.default\">\n\t\t\t\t<div class=\"elementor-widget-container\">\n\t\t\t\t\t\t\t<div class=\"elementor-cta\">\n\t\t\t\t\t\t\t<div class=\"elementor-cta__content\">\n\t\t\t\t\t\t\t\t\t<div class=\"elementor-content-item elementor-cta__content-item elementor-icon-wrapper elementor-cta__icon elementor-view-default\">\n\t\t\t\t\t\t<div class=\"elementor-icon\">\n\t\t\t\t\t\t\t\t\t\t\t\t\t<\/div>\n\t\t\t\t\t<\/div>\n\t\t\t\t\n\t\t\t\t\n\t\t\t\t\n\t\t\t\t\t\t\t\t\t<div class=\"elementor-cta__button-wrapper elementor-cta__content-item elementor-content-item \">\n\t\t\t\t\t<a class=\"elementor-cta__button elementor-button elementor-size-md\" href=\"#elementor-action%3Aaction%3Dpopup%3Aopen%26settings%3DeyJpZCI6MTUyOTUsInRvZ2dsZSI6ZmFsc2V9\">\n\t\t\t\t\t\tContactez-nous\t\t\t\t\t<\/a>\n\t\t\t\t\t<\/div>\n\t\t\t\t\t\t\t<\/div>\n\t\t\t\t\t\t<\/div>\n\t\t\t\t\t\t<\/div>\n\t\t\t\t<\/div>\n\t\t\t\t\t<\/div>\n\t\t<\/div>\n\t\t\t\t\t<\/div>\n\t\t<\/section>\n\t\t\t\t<\/div>\n\t\t","protected":false},"excerpt":{"rendered":"<p>CHANGEUR DE BUSE AUTOMATIQUE Remplacement de la buse, am\u00e9liorant l&rsquo;efficacit\u00e9 et la pr\u00e9cision de la coupe. Le remplacement r\u00e9gulier des buses est essentiel non seulement pour am\u00e9liorer l&rsquo;efficacit\u00e9 de la machine, mais \u00e9galement pour garantir la qualit\u00e9 et la r\u00e9gularit\u00e9 de la coupe. Il \u00e9vite une baisse de la qualit\u00e9 de coupe due \u00e0 l&rsquo;usure. [&hellip;]<\/p>\n","protected":false},"author":3,"featured_media":0,"parent":0,"menu_order":0,"comment_status":"closed","ping_status":"closed","template":"elementor_header_footer","meta":{"footnotes":""},"class_list":["post-23909","page","type-page","status-publish","hentry"],"_links":{"self":[{"href":"https:\/\/www.nukon.com.tr\/fr\/wp-json\/wp\/v2\/pages\/23909","targetHints":{"allow":["GET"]}}],"collection":[{"href":"https:\/\/www.nukon.com.tr\/fr\/wp-json\/wp\/v2\/pages"}],"about":[{"href":"https:\/\/www.nukon.com.tr\/fr\/wp-json\/wp\/v2\/types\/page"}],"author":[{"embeddable":true,"href":"https:\/\/www.nukon.com.tr\/fr\/wp-json\/wp\/v2\/users\/3"}],"replies":[{"embeddable":true,"href":"https:\/\/www.nukon.com.tr\/fr\/wp-json\/wp\/v2\/comments?post=23909"}],"version-history":[{"count":7,"href":"https:\/\/www.nukon.com.tr\/fr\/wp-json\/wp\/v2\/pages\/23909\/revisions"}],"predecessor-version":[{"id":24383,"href":"https:\/\/www.nukon.com.tr\/fr\/wp-json\/wp\/v2\/pages\/23909\/revisions\/24383"}],"wp:attachment":[{"href":"https:\/\/www.nukon.com.tr\/fr\/wp-json\/wp\/v2\/media?parent=23909"}],"curies":[{"name":"wp","href":"https:\/\/api.w.org\/{rel}","templated":true}]}}