{"id":23902,"date":"2023-11-16T13:44:25","date_gmt":"2023-11-16T10:44:25","guid":{"rendered":"https:\/\/nukon.ctemplate.com\/information-society-services\/"},"modified":"2025-03-17T12:03:52","modified_gmt":"2025-03-17T09:03:52","slug":"information-society-services","status":"publish","type":"page","link":"https:\/\/www.nukon.com.tr\/fr\/information-society-services\/","title":{"rendered":"Information Society Services"},"content":{"rendered":"\t\t<div data-elementor-type=\"wp-page\" data-elementor-id=\"23902\" class=\"elementor elementor-23902 elementor-19135\" data-elementor-settings=\"{&quot;ha_cmc_init_switcher&quot;:&quot;no&quot;}\" data-elementor-post-type=\"page\">\n\t\t\t\t\t\t<section class=\"elementor-section elementor-top-section elementor-element elementor-element-14a96a83 elementor-section-boxed elementor-section-height-default elementor-section-height-default\" data-id=\"14a96a83\" data-element_type=\"section\" data-e-type=\"section\" data-settings=\"{&quot;jet_parallax_layout_list&quot;:[],&quot;background_background&quot;:&quot;classic&quot;}\">\n\t\t\t\t\t\t<div class=\"elementor-container elementor-column-gap-no\">\n\t\t\t\t\t<div class=\"elementor-column elementor-col-100 elementor-top-column elementor-element elementor-element-390cd1d0\" data-id=\"390cd1d0\" data-element_type=\"column\" data-e-type=\"column\">\n\t\t\t<div class=\"elementor-widget-wrap elementor-element-populated\">\n\t\t\t\t\t\t<div class=\"elementor-element elementor-element-122720ff elementor-widget elementor-widget-video\" data-id=\"122720ff\" data-element_type=\"widget\" data-e-type=\"widget\" data-settings=\"{&quot;video_type&quot;:&quot;hosted&quot;,&quot;autoplay&quot;:&quot;yes&quot;,&quot;play_on_mobile&quot;:&quot;yes&quot;,&quot;loop&quot;:&quot;yes&quot;}\" data-widget_type=\"video.default\">\n\t\t\t\t<div class=\"elementor-widget-container\">\n\t\t\t\t\t\t\t<div class=\"e-hosted-video elementor-wrapper elementor-open-inline\">\n\t\t\t\t\t<video class=\"elementor-video\" src=\"https:\/\/www.nukon.com.tr\/wp-content\/uploads\/2022\/10\/Filmim-11-kopyasi.mp4\" autoplay=\"\" loop=\"\" playsinline=\"\" controlsList=\"nodownload\"><\/video>\n\t\t\t\t<\/div>\n\t\t\t\t\t\t<\/div>\n\t\t\t\t<\/div>\n\t\t\t\t\t<\/div>\n\t\t<\/div>\n\t\t\t\t\t<\/div>\n\t\t<\/section>\n\t\t\t\t<section class=\"elementor-section elementor-top-section elementor-element elementor-element-170d50bf elementor-section-boxed elementor-section-height-default elementor-section-height-default\" data-id=\"170d50bf\" data-element_type=\"section\" data-e-type=\"section\" data-settings=\"{&quot;background_background&quot;:&quot;classic&quot;,&quot;jet_parallax_layout_list&quot;:[]}\">\n\t\t\t\t\t\t<div class=\"elementor-container elementor-column-gap-default\">\n\t\t\t\t\t<div class=\"elementor-column elementor-col-100 elementor-top-column elementor-element elementor-element-7f4b6f14\" data-id=\"7f4b6f14\" data-element_type=\"column\" data-e-type=\"column\">\n\t\t\t<div class=\"elementor-widget-wrap elementor-element-populated\">\n\t\t\t\t\t\t<div class=\"elementor-element elementor-element-66b9bfe0 elementor-widget elementor-widget-heading\" data-id=\"66b9bfe0\" data-element_type=\"widget\" data-e-type=\"widget\" data-widget_type=\"heading.default\">\n\t\t\t\t<div class=\"elementor-widget-container\">\n\t\t\t\t\t<h2 class=\"elementor-heading-title elementor-size-default\">SERVICES DE LA SOCI\u00c9T\u00c9 DE L'INFORMATION<\/h2>\t\t\t\t<\/div>\n\t\t\t\t<\/div>\n\t\t\t\t\t<\/div>\n\t\t<\/div>\n\t\t\t\t\t<\/div>\n\t\t<\/section>\n\t\t\t\t<section class=\"elementor-section elementor-top-section elementor-element elementor-element-6d41cd3f elementor-section-boxed elementor-section-height-default elementor-section-height-default\" data-id=\"6d41cd3f\" data-element_type=\"section\" data-e-type=\"section\" data-settings=\"{&quot;jet_parallax_layout_list&quot;:[],&quot;background_background&quot;:&quot;classic&quot;}\">\n\t\t\t\t\t\t<div class=\"elementor-container elementor-column-gap-default\">\n\t\t\t\t\t<div class=\"elementor-column elementor-col-100 elementor-top-column elementor-element elementor-element-de441e\" data-id=\"de441e\" data-element_type=\"column\" data-e-type=\"column\">\n\t\t\t<div class=\"elementor-widget-wrap elementor-element-populated\">\n\t\t\t\t\t\t<div class=\"elementor-element elementor-element-23c3193b no-trans elementor-widget elementor-widget-text-editor\" data-id=\"23c3193b\" data-element_type=\"widget\" data-e-type=\"widget\" data-widget_type=\"text-editor.default\">\n\t\t\t\t<div class=\"elementor-widget-container\">\n\t\t\t\t\t\t\t\t\t<table width=\"928\"><tbody><tr><td style=\"text-align: center;\" colspan=\"2\" width=\"928\"><strong>\u015e\u0130RKET<\/strong><\/td><\/tr><tr><td>\u015e\u0130RKET T\u00dcR\u00dc:<\/td><td width=\"669\">ANON\u0130M \u015e\u0130RKET\u0130<\/td><\/tr><tr><td>MERSIS:<\/td><td width=\"669\">0632039404900011<\/td><\/tr><tr><td>T\u0130CARET S\u0130C\u0130L MEMURLU\u011eU:<\/td><td width=\"669\">BURSA<\/td><\/tr><tr><td>T\u0130CARET S\u0130C\u0130L NUMARASI:<\/td><td width=\"669\">72859<\/td><\/tr><tr><td>T\u0130CARET \u00dcNVANI:<\/td><td width=\"669\">NUKON LAZER MAK\u0130NA METAL SANAY\u0130 VE T\u0130C. ANON\u0130M \u015e\u0130RKET\u0130<\/td><\/tr><tr><td>ADRES:<\/td><td width=\"669\">FETH\u0130YE OSB MAH. AL\u0130 OSMAN S\u00d6NMEZ BLV. NO.9\/ N\u0130L\u00dcFER\/BURSA<\/td><\/tr><tr><td>TAAHH\u00dcT ED\u0130LEN SERMAYE M\u0130KTARI:<\/td><td width=\"669\">200.000.000<\/td><\/tr><tr><td>\u00d6DENEN SERMAYE M\u0130KTARI:<\/td><td width=\"669\">200.000.000<\/td><\/tr><tr><td colspan=\"2\">KAYITLI SERMAYE TAVANI<\/td><\/tr><tr><td>\u015e\u0130RKET TESC\u0130L TAR\u0130H\u0130:<\/td><td width=\"669\">16.08.2010<\/td><\/tr><tr><td>VERG\u0130 DA\u0130RES\u0130:<\/td><td width=\"669\">N\u0130L\u00dcFER VERG\u0130 DA\u0130RES\u0130 M\u00dcD\u00dcRL\u00dc\u011e\u00dc<\/td><\/tr><tr><td>VERG\u0130 NUMARASI:<\/td><td width=\"669\">632 039 4049<\/td><\/tr><tr><td>SEKT\u00d6R:<\/td><td width=\"669\">MAK\u0130NA \/ Tak\u0131m tezgahlar\u0131 (metal i\u015flemek i\u00e7in lazer ve benzerleriyle \u00e7al\u0131\u015fanlar) ile metal ve benzerlerini i\u015flemek i\u00e7in i\u015fleme merkezlerinin imalat\u0131<\/td><\/tr><tr><td style=\"text-align: center;\" colspan=\"2\"><strong>\u0130LET\u0130\u015e\u0130M B\u0130LG\u0130LER\u0130<\/strong><\/td><\/tr><tr><td>Telefon:<\/td><td width=\"669\">2242416969<\/td><\/tr><tr><td>Fax:<\/td><td width=\"669\">2242413939<\/td><\/tr><tr><td>\u0130nternet Adresi:<\/td><td width=\"669\">http:\/\/www.nukon.com.tr<\/td><\/tr><tr><td style=\"text-align: center;\" colspan=\"2\"><strong>Y\u00d6NET\u0130M KURULU<\/strong><\/td><\/tr><tr><td>Y\u00f6netim Kurulu Ba\u015fkan\u0131<\/td><td width=\"669\">\u00a0<\/td><\/tr><tr><td>\u0130sim Soyisim:<\/td><td width=\"669\">NUR\u0130 K\u00d6R\u00dcSTAN<\/td><\/tr><tr><td>\u00d6zge\u00e7mi\u015f:<\/td><td width=\"669\">\u00a0<\/td><\/tr><tr><td>Y\u00f6netim Kurulu Ba\u015fkan Vekili<\/td><td width=\"669\">\u00a0<\/td><\/tr><tr><td>\u0130sim Soyisim:<\/td><td width=\"669\">OKTAY AKYILDIZ<\/td><\/tr><tr><td>\u00d6zge\u00e7mi\u015f:<\/td><td width=\"669\">\u00a0<\/td><\/tr><tr><td>Y\u00f6netim Kurulu \u00dcyesi<\/td><td width=\"669\">\u00a0<\/td><\/tr><tr><td>\u0130sim Soyisim:<\/td><td width=\"669\">ALPER K\u00d6R\u00dcSTAN<\/td><\/tr><tr><td>\u00d6zge\u00e7mi\u015f:<\/td><td width=\"669\">\u00a0<\/td><\/tr><tr><td>Y\u00f6netim Kurulu \u00dcyesi<\/td><td width=\"669\">\u00a0<\/td><\/tr><tr><td>\u0130sim Soyisim:<\/td><td width=\"669\">ALP K\u00d6R\u00dcSTAN<\/td><\/tr><tr><td>\u00d6zge\u00e7mi\u015f:<\/td><td width=\"669\">\u00a0<\/td><\/tr><tr><td style=\"text-align: center;\" colspan=\"2\"><strong>DENET\u00c7\u0130<\/strong><\/td><\/tr><tr><td>D\u00f6nem:<\/td><td width=\"669\">01.01.2022 &#8211; 31.12.2022<\/td><\/tr><tr><td>\u0130sim Soyisim \/ Ticaret \u00dcnvan\u0131:<\/td><td width=\"669\">AUDITOR BA\u011eIMSIZ DENET\u0130M VE DANI\u015eMANLIK A.\u015e.<\/td><\/tr><tr><td>Ba\u011f\u0131ms\u0131z Denetim Resmi Sicili:<\/td><td width=\"669\">BDK\/2019\/322<\/td><\/tr><tr><td>Adres:<\/td><td width=\"669\">23 N\u0130SAN MAH. 242. SK.RIZVANO\u011eLU \u0130N\u015e. S\u0130T. B BLOK NO.12\/B3 N\u0130L\u00dcFER\/BURSA<\/td><\/tr><\/tbody><\/table>\t\t\t\t\t\t\t\t<\/div>\n\t\t\t\t<\/div>\n\t\t\t\t\t<\/div>\n\t\t<\/div>\n\t\t\t\t\t<\/div>\n\t\t<\/section>\n\t\t\t\t<section class=\"jet-tricks-particles-section elementor-section elementor-top-section elementor-element elementor-element-b2d94e3 elementor-section-boxed elementor-section-height-default elementor-section-height-default\" data-id=\"b2d94e3\" data-element_type=\"section\" data-e-type=\"section\" data-settings=\"{&quot;jet_parallax_layout_list&quot;:[],&quot;background_background&quot;:&quot;classic&quot;}\">\n\t\t\t\t\t\t<div class=\"elementor-container elementor-column-gap-default\">\n\t\t\t\t\t<div class=\"elementor-column elementor-col-100 elementor-top-column elementor-element elementor-element-575fd441\" data-id=\"575fd441\" data-element_type=\"column\" data-e-type=\"column\">\n\t\t\t<div class=\"elementor-widget-wrap elementor-element-populated\">\n\t\t\t\t\t\t<div class=\"elementor-element elementor-element-3d113843 elementor-widget elementor-widget-heading\" data-id=\"3d113843\" data-element_type=\"widget\" data-e-type=\"widget\" data-widget_type=\"heading.default\">\n\t\t\t\t<div class=\"elementor-widget-container\">\n\t\t\t\t\t<h3 class=\"elementor-heading-title elementor-size-default\">Etes-vous int\u00e9ress\u00e9 par un produit ?<\/h3>\t\t\t\t<\/div>\n\t\t\t\t<\/div>\n\t\t\t\t<div class=\"elementor-element elementor-element-4ba1acb6 elementor-cta--valign-middle elementor-cta--skin-classic elementor-animated-content elementor-widget elementor-widget-call-to-action\" data-id=\"4ba1acb6\" data-element_type=\"widget\" data-e-type=\"widget\" data-widget_type=\"call-to-action.default\">\n\t\t\t\t<div class=\"elementor-widget-container\">\n\t\t\t\t\t\t\t<div class=\"elementor-cta\">\n\t\t\t\t\t\t\t<div class=\"elementor-cta__content\">\n\t\t\t\t\t\t\t\t\t<div class=\"elementor-content-item elementor-cta__content-item elementor-icon-wrapper elementor-cta__icon elementor-view-default\">\n\t\t\t\t\t\t<div class=\"elementor-icon\">\n\t\t\t\t\t\t\t\t\t\t\t\t\t<\/div>\n\t\t\t\t\t<\/div>\n\t\t\t\t\n\t\t\t\t\n\t\t\t\t\n\t\t\t\t\t\t\t\t\t<div class=\"elementor-cta__button-wrapper elementor-cta__content-item elementor-content-item \">\n\t\t\t\t\t<a class=\"elementor-cta__button elementor-button elementor-size-md\" href=\"#elementor-action%3Aaction%3Dpopup%3Aopen%26settings%3DeyJpZCI6MTUyOTUsInRvZ2dsZSI6ZmFsc2V9\">\n\t\t\t\t\t\tContactez-nous\t\t\t\t\t<\/a>\n\t\t\t\t\t<\/div>\n\t\t\t\t\t\t\t<\/div>\n\t\t\t\t\t\t<\/div>\n\t\t\t\t\t\t<\/div>\n\t\t\t\t<\/div>\n\t\t\t\t\t<\/div>\n\t\t<\/div>\n\t\t\t\t\t<\/div>\n\t\t<\/section>\n\t\t\t\t<\/div>\n\t\t","protected":false},"excerpt":{"rendered":"<p>https:\/\/www.nukon.com.tr\/wp-content\/uploads\/2022\/10\/Filmim-11-kopyasi.mp4 SERVICES DE LA SOCI\u00c9T\u00c9 DE L&rsquo;INFORMATION \u015e\u0130RKET \u015e\u0130RKET T\u00dcR\u00dc: ANON\u0130M \u015e\u0130RKET\u0130 MERSIS: 0632039404900011 T\u0130CARET S\u0130C\u0130L MEMURLU\u011eU: BURSA T\u0130CARET S\u0130C\u0130L NUMARASI: 72859 T\u0130CARET \u00dcNVANI: NUKON LAZER MAK\u0130NA METAL SANAY\u0130 VE T\u0130C. ANON\u0130M \u015e\u0130RKET\u0130 ADRES: FETH\u0130YE OSB MAH. AL\u0130 OSMAN S\u00d6NMEZ BLV. NO.9\/ N\u0130L\u00dcFER\/BURSA TAAHH\u00dcT ED\u0130LEN SERMAYE M\u0130KTARI: 200.000.000 \u00d6DENEN SERMAYE M\u0130KTARI: 200.000.000 KAYITLI SERMAYE TAVANI [&hellip;]<\/p>\n","protected":false},"author":1,"featured_media":0,"parent":0,"menu_order":0,"comment_status":"closed","ping_status":"closed","template":"elementor_header_footer","meta":{"footnotes":""},"class_list":["post-23902","page","type-page","status-publish","hentry"],"_links":{"self":[{"href":"https:\/\/www.nukon.com.tr\/fr\/wp-json\/wp\/v2\/pages\/23902","targetHints":{"allow":["GET"]}}],"collection":[{"href":"https:\/\/www.nukon.com.tr\/fr\/wp-json\/wp\/v2\/pages"}],"about":[{"href":"https:\/\/www.nukon.com.tr\/fr\/wp-json\/wp\/v2\/types\/page"}],"author":[{"embeddable":true,"href":"https:\/\/www.nukon.com.tr\/fr\/wp-json\/wp\/v2\/users\/1"}],"replies":[{"embeddable":true,"href":"https:\/\/www.nukon.com.tr\/fr\/wp-json\/wp\/v2\/comments?post=23902"}],"version-history":[{"count":7,"href":"https:\/\/www.nukon.com.tr\/fr\/wp-json\/wp\/v2\/pages\/23902\/revisions"}],"predecessor-version":[{"id":24376,"href":"https:\/\/www.nukon.com.tr\/fr\/wp-json\/wp\/v2\/pages\/23902\/revisions\/24376"}],"wp:attachment":[{"href":"https:\/\/www.nukon.com.tr\/fr\/wp-json\/wp\/v2\/media?parent=23902"}],"curies":[{"name":"wp","href":"https:\/\/api.w.org\/{rel}","templated":true}]}}