{"id":23893,"date":"2024-12-09T13:33:49","date_gmt":"2024-12-09T10:33:49","guid":{"rendered":"https:\/\/nukon.ctemplate.com\/cutting-technologies\/"},"modified":"2025-03-17T12:01:30","modified_gmt":"2025-03-17T09:01:30","slug":"cutting-technologies","status":"publish","type":"page","link":"https:\/\/www.nukon.com.tr\/fr\/cutting-technologies\/","title":{"rendered":"Cutting Technologies"},"content":{"rendered":"\t\t<div data-elementor-type=\"wp-page\" data-elementor-id=\"23893\" class=\"elementor elementor-23893 elementor-20082\" data-elementor-settings=\"{&quot;ha_cmc_init_switcher&quot;:&quot;no&quot;}\" data-elementor-post-type=\"page\">\n\t\t\t\t\t\t<section class=\"elementor-section elementor-top-section elementor-element elementor-element-73f98dfe elementor-section-boxed elementor-section-height-default elementor-section-height-default\" data-id=\"73f98dfe\" data-element_type=\"section\" data-e-type=\"section\" data-settings=\"{&quot;jet_parallax_layout_list&quot;:[],&quot;background_background&quot;:&quot;classic&quot;}\">\n\t\t\t\t\t\t<div class=\"elementor-container elementor-column-gap-no\">\n\t\t\t\t\t<div class=\"elementor-column elementor-col-100 elementor-top-column elementor-element elementor-element-12214fb4\" data-id=\"12214fb4\" data-element_type=\"column\" data-e-type=\"column\">\n\t\t\t<div class=\"elementor-widget-wrap elementor-element-populated\">\n\t\t\t\t\t\t<div class=\"elementor-element elementor-element-41de68f9 elementor-widget elementor-widget-video\" data-id=\"41de68f9\" data-element_type=\"widget\" data-e-type=\"widget\" data-settings=\"{&quot;video_type&quot;:&quot;hosted&quot;,&quot;autoplay&quot;:&quot;yes&quot;,&quot;play_on_mobile&quot;:&quot;yes&quot;,&quot;loop&quot;:&quot;yes&quot;,&quot;controls&quot;:&quot;yes&quot;}\" data-widget_type=\"video.default\">\n\t\t\t\t<div class=\"elementor-widget-container\">\n\t\t\t\t\t\t\t<div class=\"e-hosted-video elementor-wrapper elementor-open-inline\">\n\t\t\t\t\t<video class=\"elementor-video\" src=\"https:\/\/www.nukon.com.tr\/wp-content\/uploads\/2022\/10\/Filmim-10.mp4\" autoplay=\"\" loop=\"\" controls=\"\" playsinline=\"\" controlsList=\"nodownload\"><\/video>\n\t\t\t\t<\/div>\n\t\t\t\t\t\t<\/div>\n\t\t\t\t<\/div>\n\t\t\t\t\t<\/div>\n\t\t<\/div>\n\t\t\t\t\t<\/div>\n\t\t<\/section>\n\t\t\t\t<section class=\"elementor-section elementor-top-section elementor-element elementor-element-4dd7f438 elementor-section-boxed elementor-section-height-default elementor-section-height-default\" data-id=\"4dd7f438\" data-element_type=\"section\" data-e-type=\"section\" data-settings=\"{&quot;jet_parallax_layout_list&quot;:[],&quot;background_background&quot;:&quot;classic&quot;}\">\n\t\t\t\t\t\t<div class=\"elementor-container elementor-column-gap-default\">\n\t\t\t\t\t<div class=\"elementor-column elementor-col-50 elementor-top-column elementor-element elementor-element-387d04ca\" data-id=\"387d04ca\" data-element_type=\"column\" data-e-type=\"column\">\n\t\t\t<div class=\"elementor-widget-wrap elementor-element-populated\">\n\t\t\t\t\t\t<div class=\"elementor-element elementor-element-7f604d00 elementor-widget elementor-widget-image\" data-id=\"7f604d00\" data-element_type=\"widget\" data-e-type=\"widget\" data-widget_type=\"image.default\">\n\t\t\t\t<div class=\"elementor-widget-container\">\n\t\t\t\t\t\t\t\t\t\t\t\t\t\t\t<img fetchpriority=\"high\" decoding=\"async\" width=\"800\" height=\"534\" src=\"https:\/\/www.nukon.com.tr\/wp-content\/uploads\/2024\/12\/DSCF1058-3-min-1024x683.png\" class=\"attachment-large size-large wp-image-23727\" alt=\"\" srcset=\"https:\/\/www.nukon.com.tr\/wp-content\/uploads\/2024\/12\/DSCF1058-3-min-1024x683.png 1024w, https:\/\/www.nukon.com.tr\/wp-content\/uploads\/2024\/12\/DSCF1058-3-min-300x200.png 300w, https:\/\/www.nukon.com.tr\/wp-content\/uploads\/2024\/12\/DSCF1058-3-min-768x512.png 768w, https:\/\/www.nukon.com.tr\/wp-content\/uploads\/2024\/12\/DSCF1058-3-min-1536x1024.png 1536w, https:\/\/www.nukon.com.tr\/wp-content\/uploads\/2024\/12\/DSCF1058-3-min-18x12.png 18w, https:\/\/www.nukon.com.tr\/wp-content\/uploads\/2024\/12\/DSCF1058-3-min.png 1620w\" sizes=\"(max-width: 800px) 100vw, 800px\" title=\"\">\t\t\t\t\t\t\t\t\t\t\t\t\t\t\t<\/div>\n\t\t\t\t<\/div>\n\t\t\t\t<div class=\"elementor-element elementor-element-5a42916 elementor-widget__width-initial elementor-absolute elementor-widget elementor-widget-icon-box\" data-id=\"5a42916\" data-element_type=\"widget\" data-e-type=\"widget\" data-settings=\"{&quot;_position&quot;:&quot;absolute&quot;}\" data-widget_type=\"icon-box.default\">\n\t\t\t\t<div class=\"elementor-widget-container\">\n\t\t\t\t\t\t\t<div class=\"elementor-icon-box-wrapper\">\n\n\t\t\t\n\t\t\t\t\t\t<div class=\"elementor-icon-box-content\">\n\n\t\t\t\t\t\t\t\t\t<h3 class=\"elementor-icon-box-title\">\n\t\t\t\t\t\t<span  >\n\t\t\t\t\t\t\tMix Gas\t\t\t\t\t\t<\/span>\n\t\t\t\t\t<\/h3>\n\t\t\t\t\n\t\t\t\t\t\t\t\t\t<p class=\"elementor-icon-box-description\">\n\t\t\t\t\t\tCutting<br>Technology\t\t\t\t\t<\/p>\n\t\t\t\t\n\t\t\t<\/div>\n\t\t\t\n\t\t<\/div>\n\t\t\t\t\t\t<\/div>\n\t\t\t\t<\/div>\n\t\t\t\t<div class=\"elementor-element elementor-element-0887c26 elementor-widget__width-initial elementor-absolute elementor-widget elementor-widget-icon-box\" data-id=\"0887c26\" data-element_type=\"widget\" data-e-type=\"widget\" data-settings=\"{&quot;_position&quot;:&quot;absolute&quot;}\" data-widget_type=\"icon-box.default\">\n\t\t\t\t<div class=\"elementor-widget-container\">\n\t\t\t\t\t\t\t<div class=\"elementor-icon-box-wrapper\">\n\n\t\t\t\n\t\t\t\t\t\t<div class=\"elementor-icon-box-content\">\n\n\t\t\t\t\t\t\t\t\t<h3 class=\"elementor-icon-box-title\">\n\t\t\t\t\t\t<span  >\n\t\t\t\t\t\t\tMix Gas\t\t\t\t\t\t<\/span>\n\t\t\t\t\t<\/h3>\n\t\t\t\t\n\t\t\t\t\t\t\t\t\t<p class=\"elementor-icon-box-description\">\n\t\t\t\t\t\tCoupe <br> Technologie\t\t\t\t\t<\/p>\n\t\t\t\t\n\t\t\t<\/div>\n\t\t\t\n\t\t<\/div>\n\t\t\t\t\t\t<\/div>\n\t\t\t\t<\/div>\n\t\t\t\t\t<\/div>\n\t\t<\/div>\n\t\t\t\t<div class=\"elementor-column elementor-col-50 elementor-top-column elementor-element elementor-element-32acf4e1\" data-id=\"32acf4e1\" data-element_type=\"column\" data-e-type=\"column\">\n\t\t\t<div class=\"elementor-widget-wrap elementor-element-populated\">\n\t\t\t\t\t\t<div class=\"elementor-element elementor-element-55762348 elementor-invisible elementor-widget elementor-widget-heading\" data-id=\"55762348\" data-element_type=\"widget\" data-e-type=\"widget\" data-settings=\"{&quot;_animation&quot;:&quot;fadeInDown&quot;}\" data-widget_type=\"heading.default\">\n\t\t\t\t<div class=\"elementor-widget-container\">\n\t\t\t\t\t<h2 class=\"elementor-heading-title elementor-size-default\">Mix Gas<\/h2>\t\t\t\t<\/div>\n\t\t\t\t<\/div>\n\t\t\t\t<div class=\"elementor-element elementor-element-24f9216b elementor-invisible elementor-widget elementor-widget-text-editor\" data-id=\"24f9216b\" data-element_type=\"widget\" data-e-type=\"widget\" data-settings=\"{&quot;_animation&quot;:&quot;fadeInDown&quot;}\" data-widget_type=\"text-editor.default\">\n\t\t\t\t<div class=\"elementor-widget-container\">\n\t\t\t\t\t\t\t\t\tObtenez des surfaces lisses et sans oxyde gr\u00e2ce \u00e0 la d\u00e9coupe laser Nukon utilisant la technologie MixGas. Acc\u00e9l\u00e9rez votre processus de production\u00a0; inutile de nettoyer les couches d&rsquo;oxyde avant le soudage ou la peinture. Travailler avec des mat\u00e9riaux de mauvaise qualit\u00e9 peut s&rsquo;av\u00e9rer complexe, mais la technologie MixGas vous permet de produire des pi\u00e8ces de haute qualit\u00e9. Vous obtiendrez ainsi facilement les excellents r\u00e9sultats d&rsquo;usinage dont vous avez besoin.\t\t\t\t\t\t\t\t<\/div>\n\t\t\t\t<\/div>\n\t\t\t\t<div class=\"elementor-element elementor-element-7a956aff elementor-align-right elementor-tablet-align-center elementor-widget elementor-widget-button\" data-id=\"7a956aff\" data-element_type=\"widget\" data-e-type=\"widget\" data-widget_type=\"button.default\">\n\t\t\t\t<div class=\"elementor-widget-container\">\n\t\t\t\t\t\t\t\t\t<div class=\"elementor-button-wrapper\">\n\t\t\t\t\t<a class=\"elementor-button elementor-button-link elementor-size-sm\" href=\"https:\/\/www.nukon.com.tr\/fr\/mix-gas\/\">\n\t\t\t\t\t\t<span class=\"elementor-button-content-wrapper\">\n\t\t\t\t\t\t\t\t\t<span class=\"elementor-button-text\">Plus de d\u00e9tails<\/span>\n\t\t\t\t\t<\/span>\n\t\t\t\t\t<\/a>\n\t\t\t\t<\/div>\n\t\t\t\t\t\t\t\t<\/div>\n\t\t\t\t<\/div>\n\t\t\t\t\t<\/div>\n\t\t<\/div>\n\t\t\t\t\t<\/div>\n\t\t<\/section>\n\t\t\t\t<section class=\"elementor-section elementor-top-section elementor-element elementor-element-5992746b elementor-section-boxed elementor-section-height-default elementor-section-height-default\" data-id=\"5992746b\" data-element_type=\"section\" data-e-type=\"section\" data-settings=\"{&quot;jet_parallax_layout_list&quot;:[],&quot;background_background&quot;:&quot;classic&quot;}\">\n\t\t\t\t\t\t<div class=\"elementor-container elementor-column-gap-default\">\n\t\t\t\t\t<div class=\"elementor-column elementor-col-50 elementor-top-column elementor-element elementor-element-7440ddb\" data-id=\"7440ddb\" data-element_type=\"column\" data-e-type=\"column\">\n\t\t\t<div class=\"elementor-widget-wrap elementor-element-populated\">\n\t\t\t\t\t\t<div class=\"elementor-element elementor-element-139ccf46 elementor-widget elementor-widget-image\" data-id=\"139ccf46\" data-element_type=\"widget\" data-e-type=\"widget\" data-widget_type=\"image.default\">\n\t\t\t\t<div class=\"elementor-widget-container\">\n\t\t\t\t\t\t\t\t\t\t\t\t\t\t\t<img decoding=\"async\" width=\"800\" height=\"462\" src=\"https:\/\/www.nukon.com.tr\/wp-content\/uploads\/2022\/08\/Cutline-min-1024x591.png\" class=\"attachment-large size-large wp-image-22739\" alt=\"\" srcset=\"https:\/\/www.nukon.com.tr\/wp-content\/uploads\/2022\/08\/Cutline-min-1024x591.png 1024w, https:\/\/www.nukon.com.tr\/wp-content\/uploads\/2022\/08\/Cutline-min-300x173.png 300w, https:\/\/www.nukon.com.tr\/wp-content\/uploads\/2022\/08\/Cutline-min-768x444.png 768w, https:\/\/www.nukon.com.tr\/wp-content\/uploads\/2022\/08\/Cutline-min-18x10.png 18w, https:\/\/www.nukon.com.tr\/wp-content\/uploads\/2022\/08\/Cutline-min.png 1134w\" sizes=\"(max-width: 800px) 100vw, 800px\" title=\"\">\t\t\t\t\t\t\t\t\t\t\t\t\t\t\t<\/div>\n\t\t\t\t<\/div>\n\t\t\t\t<div class=\"elementor-element elementor-element-305c969 elementor-widget__width-initial elementor-absolute elementor-widget elementor-widget-icon-box\" data-id=\"305c969\" data-element_type=\"widget\" data-e-type=\"widget\" data-settings=\"{&quot;_position&quot;:&quot;absolute&quot;}\" data-widget_type=\"icon-box.default\">\n\t\t\t\t<div class=\"elementor-widget-container\">\n\t\t\t\t\t\t\t<div class=\"elementor-icon-box-wrapper\">\n\n\t\t\t\n\t\t\t\t\t\t<div class=\"elementor-icon-box-content\">\n\n\t\t\t\t\t\t\t\t\t<h3 class=\"elementor-icon-box-title\">\n\t\t\t\t\t\t<span  >\n\t\t\t\t\t\t\tMix Gas\t\t\t\t\t\t<\/span>\n\t\t\t\t\t<\/h3>\n\t\t\t\t\n\t\t\t\t\t\t\t\t\t<p class=\"elementor-icon-box-description\">\n\t\t\t\t\t\tCutting<br>Technology\t\t\t\t\t<\/p>\n\t\t\t\t\n\t\t\t<\/div>\n\t\t\t\n\t\t<\/div>\n\t\t\t\t\t\t<\/div>\n\t\t\t\t<\/div>\n\t\t\t\t<div class=\"elementor-element elementor-element-bdb24d4 elementor-widget__width-initial elementor-absolute elementor-widget elementor-widget-icon-box\" data-id=\"bdb24d4\" data-element_type=\"widget\" data-e-type=\"widget\" data-settings=\"{&quot;_position&quot;:&quot;absolute&quot;}\" data-widget_type=\"icon-box.default\">\n\t\t\t\t<div class=\"elementor-widget-container\">\n\t\t\t\t\t\t\t<div class=\"elementor-icon-box-wrapper\">\n\n\t\t\t\n\t\t\t\t\t\t<div class=\"elementor-icon-box-content\">\n\n\t\t\t\t\t\t\t\t\t<h3 class=\"elementor-icon-box-title\">\n\t\t\t\t\t\t<span  >\n\t\t\t\t\t\t\tCut Line\t\t\t\t\t\t<\/span>\n\t\t\t\t\t<\/h3>\n\t\t\t\t\n\t\t\t\t\t\t\t\t\t<p class=\"elementor-icon-box-description\">\n\t\t\t\t\t\tCoupe <br> Technologie\t\t\t\t\t<\/p>\n\t\t\t\t\n\t\t\t<\/div>\n\t\t\t\n\t\t<\/div>\n\t\t\t\t\t\t<\/div>\n\t\t\t\t<\/div>\n\t\t\t\t\t<\/div>\n\t\t<\/div>\n\t\t\t\t<div class=\"elementor-column elementor-col-50 elementor-top-column elementor-element elementor-element-33ef0df7\" data-id=\"33ef0df7\" data-element_type=\"column\" data-e-type=\"column\">\n\t\t\t<div class=\"elementor-widget-wrap elementor-element-populated\">\n\t\t\t\t\t\t<div class=\"elementor-element elementor-element-51d0bb32 elementor-invisible elementor-widget elementor-widget-heading\" data-id=\"51d0bb32\" data-element_type=\"widget\" data-e-type=\"widget\" data-settings=\"{&quot;_animation&quot;:&quot;fadeInDown&quot;}\" data-widget_type=\"heading.default\">\n\t\t\t\t<div class=\"elementor-widget-container\">\n\t\t\t\t\t<h2 class=\"elementor-heading-title elementor-size-default\">Cut Line<\/h2>\t\t\t\t<\/div>\n\t\t\t\t<\/div>\n\t\t\t\t<div class=\"elementor-element elementor-element-293eea91 elementor-invisible elementor-widget elementor-widget-text-editor\" data-id=\"293eea91\" data-element_type=\"widget\" data-e-type=\"widget\" data-settings=\"{&quot;_animation&quot;:&quot;fadeInDown&quot;}\" data-widget_type=\"text-editor.default\">\n\t\t\t\t<div class=\"elementor-widget-container\">\n\t\t\t\t\t\t\t\t\t<strong>Technologie de faisceau programmable avec lasers \u00e0 fibre haute puissance<\/strong>\nNukon utilise une technologie de d\u00e9coupe appel\u00e9e CutLine, qui permet un r\u00e9glage rapide de la qualit\u00e9 du faisceau \u00e0 haute puissance. Ces lasers \u00e0 fibre utilisent une technologie qui am\u00e9liore la qualit\u00e9 de d\u00e9coupe en offrant une large gamme de formes et de tailles de faisceau directement \u00e0 partir de la fibre de sortie laser. Les lasers \u00e0 fibre CutLine sont actuellement disponibles avec des puissances de sortie allant de 4 kW \u00e0 15 kW.\t\t\t\t\t\t\t\t<\/div>\n\t\t\t\t<\/div>\n\t\t\t\t<div class=\"elementor-element elementor-element-b85c079 elementor-align-right elementor-tablet-align-center elementor-widget elementor-widget-button\" data-id=\"b85c079\" data-element_type=\"widget\" data-e-type=\"widget\" data-widget_type=\"button.default\">\n\t\t\t\t<div class=\"elementor-widget-container\">\n\t\t\t\t\t\t\t\t\t<div class=\"elementor-button-wrapper\">\n\t\t\t\t\t<a class=\"elementor-button elementor-button-link elementor-size-sm\" href=\"https:\/\/www.nukon.com.tr\/fr\/cut-line\/\">\n\t\t\t\t\t\t<span class=\"elementor-button-content-wrapper\">\n\t\t\t\t\t\t\t\t\t<span class=\"elementor-button-text\">Plus de d\u00e9tails<\/span>\n\t\t\t\t\t<\/span>\n\t\t\t\t\t<\/a>\n\t\t\t\t<\/div>\n\t\t\t\t\t\t\t\t<\/div>\n\t\t\t\t<\/div>\n\t\t\t\t\t<\/div>\n\t\t<\/div>\n\t\t\t\t\t<\/div>\n\t\t<\/section>\n\t\t\t\t<section class=\"elementor-section elementor-top-section elementor-element elementor-element-6ac2da48 elementor-section-boxed elementor-section-height-default elementor-section-height-default\" data-id=\"6ac2da48\" data-element_type=\"section\" data-e-type=\"section\" data-settings=\"{&quot;jet_parallax_layout_list&quot;:[],&quot;background_background&quot;:&quot;classic&quot;}\">\n\t\t\t\t\t\t<div class=\"elementor-container elementor-column-gap-default\">\n\t\t\t\t\t<div class=\"elementor-column elementor-col-50 elementor-top-column elementor-element elementor-element-7fdef099\" data-id=\"7fdef099\" data-element_type=\"column\" data-e-type=\"column\">\n\t\t\t<div class=\"elementor-widget-wrap elementor-element-populated\">\n\t\t\t\t\t\t<div class=\"elementor-element elementor-element-7ab40dde elementor-widget elementor-widget-image\" data-id=\"7ab40dde\" data-element_type=\"widget\" data-e-type=\"widget\" data-widget_type=\"image.default\">\n\t\t\t\t<div class=\"elementor-widget-container\">\n\t\t\t\t\t\t\t\t\t\t\t\t\t\t\t<img decoding=\"async\" width=\"800\" height=\"534\" src=\"https:\/\/www.nukon.com.tr\/wp-content\/uploads\/2024\/12\/DSCF1170-kopya-min-1024x683.png\" class=\"attachment-large size-large wp-image-23747\" alt=\"\" srcset=\"https:\/\/www.nukon.com.tr\/wp-content\/uploads\/2024\/12\/DSCF1170-kopya-min-1024x683.png 1024w, https:\/\/www.nukon.com.tr\/wp-content\/uploads\/2024\/12\/DSCF1170-kopya-min-300x200.png 300w, https:\/\/www.nukon.com.tr\/wp-content\/uploads\/2024\/12\/DSCF1170-kopya-min-768x512.png 768w, https:\/\/www.nukon.com.tr\/wp-content\/uploads\/2024\/12\/DSCF1170-kopya-min-1536x1024.png 1536w, https:\/\/www.nukon.com.tr\/wp-content\/uploads\/2024\/12\/DSCF1170-kopya-min-18x12.png 18w, https:\/\/www.nukon.com.tr\/wp-content\/uploads\/2024\/12\/DSCF1170-kopya-min.png 1620w\" sizes=\"(max-width: 800px) 100vw, 800px\" title=\"\">\t\t\t\t\t\t\t\t\t\t\t\t\t\t\t<\/div>\n\t\t\t\t<\/div>\n\t\t\t\t<div class=\"elementor-element elementor-element-1bc2e9f elementor-widget__width-initial elementor-absolute elementor-widget elementor-widget-icon-box\" data-id=\"1bc2e9f\" data-element_type=\"widget\" data-e-type=\"widget\" data-settings=\"{&quot;_position&quot;:&quot;absolute&quot;}\" data-widget_type=\"icon-box.default\">\n\t\t\t\t<div class=\"elementor-widget-container\">\n\t\t\t\t\t\t\t<div class=\"elementor-icon-box-wrapper\">\n\n\t\t\t\n\t\t\t\t\t\t<div class=\"elementor-icon-box-content\">\n\n\t\t\t\t\t\t\t\t\t<h3 class=\"elementor-icon-box-title\">\n\t\t\t\t\t\t<span  >\n\t\t\t\t\t\t\tMix Gas\t\t\t\t\t\t<\/span>\n\t\t\t\t\t<\/h3>\n\t\t\t\t\n\t\t\t\t\t\t\t\t\t<p class=\"elementor-icon-box-description\">\n\t\t\t\t\t\tCutting<br>Technology\t\t\t\t\t<\/p>\n\t\t\t\t\n\t\t\t<\/div>\n\t\t\t\n\t\t<\/div>\n\t\t\t\t\t\t<\/div>\n\t\t\t\t<\/div>\n\t\t\t\t<div class=\"elementor-element elementor-element-b058633 elementor-widget__width-initial elementor-absolute elementor-widget elementor-widget-icon-box\" data-id=\"b058633\" data-element_type=\"widget\" data-e-type=\"widget\" data-settings=\"{&quot;_position&quot;:&quot;absolute&quot;}\" data-widget_type=\"icon-box.default\">\n\t\t\t\t<div class=\"elementor-widget-container\">\n\t\t\t\t\t\t\t<div class=\"elementor-icon-box-wrapper\">\n\n\t\t\t\n\t\t\t\t\t\t<div class=\"elementor-icon-box-content\">\n\n\t\t\t\t\t\t\t\t\t<h3 class=\"elementor-icon-box-title\">\n\t\t\t\t\t\t<span  >\n\t\t\t\t\t\t\tPlus Cut\t\t\t\t\t\t<\/span>\n\t\t\t\t\t<\/h3>\n\t\t\t\t\n\t\t\t\t\t\t\t\t\t<p class=\"elementor-icon-box-description\">\n\t\t\t\t\t\tCoupe <br> Technologie\t\t\t\t\t<\/p>\n\t\t\t\t\n\t\t\t<\/div>\n\t\t\t\n\t\t<\/div>\n\t\t\t\t\t\t<\/div>\n\t\t\t\t<\/div>\n\t\t\t\t\t<\/div>\n\t\t<\/div>\n\t\t\t\t<div class=\"elementor-column elementor-col-50 elementor-top-column elementor-element elementor-element-12b0a406\" data-id=\"12b0a406\" data-element_type=\"column\" data-e-type=\"column\">\n\t\t\t<div class=\"elementor-widget-wrap elementor-element-populated\">\n\t\t\t\t\t\t<div class=\"elementor-element elementor-element-6caa2cba elementor-invisible elementor-widget elementor-widget-heading\" data-id=\"6caa2cba\" data-element_type=\"widget\" data-e-type=\"widget\" data-settings=\"{&quot;_animation&quot;:&quot;fadeInDown&quot;}\" data-widget_type=\"heading.default\">\n\t\t\t\t<div class=\"elementor-widget-container\">\n\t\t\t\t\t<h2 class=\"elementor-heading-title elementor-size-default\">Plus Cut<\/h2>\t\t\t\t<\/div>\n\t\t\t\t<\/div>\n\t\t\t\t<div class=\"elementor-element elementor-element-58016d04 elementor-invisible elementor-widget elementor-widget-text-editor\" data-id=\"58016d04\" data-element_type=\"widget\" data-e-type=\"widget\" data-settings=\"{&quot;_animation&quot;:&quot;fadeInDown&quot;}\" data-widget_type=\"text-editor.default\">\n\t\t\t\t<div class=\"elementor-widget-container\">\n\t\t\t\t\t\t\t\t\t<p>La technique de d\u00e9coupe PlusCut de Nukon est sp\u00e9cialement con\u00e7ue pour les mat\u00e9riaux \u00e9pais en acier au carbone, gr\u00e2ce \u00e0 une puissance laser avanc\u00e9e et des syst\u00e8mes de focalisation optimis\u00e9s. Cette approche permet des d\u00e9coupes plus rapides, plus nettes et de meilleure qualit\u00e9 dans les mat\u00e9riaux \u00e9pais, g\u00e9n\u00e9ralement difficiles \u00e0 r\u00e9aliser avec les m\u00e9thodes de d\u00e9coupe standard.<\/p>\t\t\t\t\t\t\t\t<\/div>\n\t\t\t\t<\/div>\n\t\t\t\t<div class=\"elementor-element elementor-element-139c15e4 elementor-align-right elementor-tablet-align-center elementor-widget elementor-widget-button\" data-id=\"139c15e4\" data-element_type=\"widget\" data-e-type=\"widget\" data-widget_type=\"button.default\">\n\t\t\t\t<div class=\"elementor-widget-container\">\n\t\t\t\t\t\t\t\t\t<div class=\"elementor-button-wrapper\">\n\t\t\t\t\t<a class=\"elementor-button elementor-button-link elementor-size-sm\" href=\"https:\/\/www.nukon.com.tr\/fr\/plus-cut\/\">\n\t\t\t\t\t\t<span class=\"elementor-button-content-wrapper\">\n\t\t\t\t\t\t\t\t\t<span class=\"elementor-button-text\">Plus de d\u00e9tails<\/span>\n\t\t\t\t\t<\/span>\n\t\t\t\t\t<\/a>\n\t\t\t\t<\/div>\n\t\t\t\t\t\t\t\t<\/div>\n\t\t\t\t<\/div>\n\t\t\t\t\t<\/div>\n\t\t<\/div>\n\t\t\t\t\t<\/div>\n\t\t<\/section>\n\t\t\t\t<section class=\"jet-tricks-particles-section elementor-section elementor-top-section elementor-element elementor-element-7d780500 elementor-section-boxed elementor-section-height-default elementor-section-height-default\" data-id=\"7d780500\" data-element_type=\"section\" data-e-type=\"section\" data-settings=\"{&quot;jet_parallax_layout_list&quot;:[],&quot;background_background&quot;:&quot;classic&quot;}\">\n\t\t\t\t\t\t<div class=\"elementor-container elementor-column-gap-default\">\n\t\t\t\t\t<div class=\"elementor-column elementor-col-100 elementor-top-column elementor-element elementor-element-228ffbca\" data-id=\"228ffbca\" data-element_type=\"column\" data-e-type=\"column\">\n\t\t\t<div class=\"elementor-widget-wrap elementor-element-populated\">\n\t\t\t\t\t\t<div class=\"elementor-element elementor-element-35a0e59b elementor-widget elementor-widget-heading\" data-id=\"35a0e59b\" data-element_type=\"widget\" data-e-type=\"widget\" data-widget_type=\"heading.default\">\n\t\t\t\t<div class=\"elementor-widget-container\">\n\t\t\t\t\t<h3 class=\"elementor-heading-title elementor-size-default\">Etes-vous int\u00e9ress\u00e9 par un produit ?<\/h3>\t\t\t\t<\/div>\n\t\t\t\t<\/div>\n\t\t\t\t<div class=\"elementor-element elementor-element-18f22f19 elementor-cta--valign-middle elementor-cta--skin-classic elementor-animated-content elementor-widget elementor-widget-call-to-action\" data-id=\"18f22f19\" data-element_type=\"widget\" data-e-type=\"widget\" data-widget_type=\"call-to-action.default\">\n\t\t\t\t<div class=\"elementor-widget-container\">\n\t\t\t\t\t\t\t<div class=\"elementor-cta\">\n\t\t\t\t\t\t\t<div class=\"elementor-cta__content\">\n\t\t\t\t\t\t\t\t\t<div class=\"elementor-content-item elementor-cta__content-item elementor-icon-wrapper elementor-cta__icon elementor-view-default\">\n\t\t\t\t\t\t<div class=\"elementor-icon\">\n\t\t\t\t\t\t\t\t\t\t\t\t\t<\/div>\n\t\t\t\t\t<\/div>\n\t\t\t\t\n\t\t\t\t\n\t\t\t\t\n\t\t\t\t\t\t\t\t\t<div class=\"elementor-cta__button-wrapper elementor-cta__content-item elementor-content-item \">\n\t\t\t\t\t<a class=\"elementor-cta__button elementor-button elementor-size-md\" href=\"#elementor-action%3Aaction%3Dpopup%3Aopen%26settings%3DeyJpZCI6MTUyOTUsInRvZ2dsZSI6ZmFsc2V9\">\n\t\t\t\t\t\tContactez-nous\t\t\t\t\t<\/a>\n\t\t\t\t\t<\/div>\n\t\t\t\t\t\t\t<\/div>\n\t\t\t\t\t\t<\/div>\n\t\t\t\t\t\t<\/div>\n\t\t\t\t<\/div>\n\t\t\t\t\t<\/div>\n\t\t<\/div>\n\t\t\t\t\t<\/div>\n\t\t<\/section>\n\t\t\t\t<\/div>\n\t\t","protected":false},"excerpt":{"rendered":"<p>https:\/\/www.nukon.com.tr\/wp-content\/uploads\/2022\/10\/Filmim-10.mp4 Mix Gas CuttingTechnology Mix Gas Coupe Technologie Mix Gas Obtenez des surfaces lisses et sans oxyde gr\u00e2ce \u00e0 la d\u00e9coupe laser Nukon utilisant la technologie MixGas. Acc\u00e9l\u00e9rez votre processus de production\u00a0; inutile de nettoyer les couches d&rsquo;oxyde avant le soudage ou la peinture. Travailler avec des mat\u00e9riaux de mauvaise qualit\u00e9 peut s&rsquo;av\u00e9rer complexe, mais [&hellip;]<\/p>\n","protected":false},"author":1,"featured_media":23727,"parent":0,"menu_order":0,"comment_status":"closed","ping_status":"closed","template":"","meta":{"footnotes":""},"class_list":["post-23893","page","type-page","status-publish","has-post-thumbnail","hentry"],"_links":{"self":[{"href":"https:\/\/www.nukon.com.tr\/fr\/wp-json\/wp\/v2\/pages\/23893","targetHints":{"allow":["GET"]}}],"collection":[{"href":"https:\/\/www.nukon.com.tr\/fr\/wp-json\/wp\/v2\/pages"}],"about":[{"href":"https:\/\/www.nukon.com.tr\/fr\/wp-json\/wp\/v2\/types\/page"}],"author":[{"embeddable":true,"href":"https:\/\/www.nukon.com.tr\/fr\/wp-json\/wp\/v2\/users\/1"}],"replies":[{"embeddable":true,"href":"https:\/\/www.nukon.com.tr\/fr\/wp-json\/wp\/v2\/comments?post=23893"}],"version-history":[{"count":7,"href":"https:\/\/www.nukon.com.tr\/fr\/wp-json\/wp\/v2\/pages\/23893\/revisions"}],"predecessor-version":[{"id":24369,"href":"https:\/\/www.nukon.com.tr\/fr\/wp-json\/wp\/v2\/pages\/23893\/revisions\/24369"}],"wp:featuredmedia":[{"embeddable":true,"href":"https:\/\/www.nukon.com.tr\/fr\/wp-json\/wp\/v2\/media\/23727"}],"wp:attachment":[{"href":"https:\/\/www.nukon.com.tr\/fr\/wp-json\/wp\/v2\/media?parent=23893"}],"curies":[{"name":"wp","href":"https:\/\/api.w.org\/{rel}","templated":true}]}}