{"id":23862,"date":"2024-12-09T23:42:54","date_gmt":"2024-12-09T20:42:54","guid":{"rendered":"https:\/\/nukon.ctemplate.com\/plus-cut\/"},"modified":"2025-05-28T11:28:12","modified_gmt":"2025-05-28T08:28:12","slug":"plus-cut","status":"publish","type":"page","link":"https:\/\/www.nukon.com.tr\/fr\/plus-cut\/","title":{"rendered":"Plus Cut"},"content":{"rendered":"\t\t<div data-elementor-type=\"wp-page\" data-elementor-id=\"23862\" class=\"elementor elementor-23862 elementor-20160\" data-elementor-settings=\"{&quot;ha_cmc_init_switcher&quot;:&quot;no&quot;}\" data-elementor-post-type=\"page\">\n\t\t\t\t\t\t<section class=\"elementor-section elementor-top-section elementor-element elementor-element-c4933c6 elementor-section-boxed elementor-section-height-default elementor-section-height-default\" data-id=\"c4933c6\" data-element_type=\"section\" data-e-type=\"section\" data-settings=\"{&quot;jet_parallax_layout_list&quot;:[],&quot;background_background&quot;:&quot;classic&quot;}\">\n\t\t\t\t\t\t<div class=\"elementor-container elementor-column-gap-no\">\n\t\t\t\t\t<div class=\"elementor-column elementor-col-100 elementor-top-column elementor-element elementor-element-282e967\" data-id=\"282e967\" data-element_type=\"column\" data-e-type=\"column\">\n\t\t\t<div class=\"elementor-widget-wrap elementor-element-populated\">\n\t\t\t\t\t\t<div class=\"elementor-element elementor-element-5dd0996 elementor-widget elementor-widget-video\" data-id=\"5dd0996\" data-element_type=\"widget\" data-e-type=\"widget\" data-settings=\"{&quot;video_type&quot;:&quot;hosted&quot;,&quot;autoplay&quot;:&quot;yes&quot;,&quot;play_on_mobile&quot;:&quot;yes&quot;,&quot;loop&quot;:&quot;yes&quot;,&quot;controls&quot;:&quot;yes&quot;}\" data-widget_type=\"video.default\">\n\t\t\t\t<div class=\"elementor-widget-container\">\n\t\t\t\t\t\t\t<div class=\"e-hosted-video elementor-wrapper elementor-open-inline\">\n\t\t\t\t\t<video class=\"elementor-video\" src=\"https:\/\/www.nukon.com.tr\/wp-content\/uploads\/2022\/10\/Filmim-10.mp4\" autoplay=\"\" loop=\"\" controls=\"\" playsinline=\"\" controlsList=\"nodownload\"><\/video>\n\t\t\t\t<\/div>\n\t\t\t\t\t\t<\/div>\n\t\t\t\t<\/div>\n\t\t\t\t\t<\/div>\n\t\t<\/div>\n\t\t\t\t\t<\/div>\n\t\t<\/section>\n\t\t\t\t<section class=\"elementor-section elementor-top-section elementor-element elementor-element-a8c6e88 elementor-section-boxed elementor-section-height-default elementor-section-height-default\" data-id=\"a8c6e88\" data-element_type=\"section\" data-e-type=\"section\" data-settings=\"{&quot;jet_parallax_layout_list&quot;:[]}\">\n\t\t\t\t\t\t<div class=\"elementor-container elementor-column-gap-default\">\n\t\t\t\t\t<div class=\"elementor-column elementor-col-100 elementor-top-column elementor-element elementor-element-5816df1\" data-id=\"5816df1\" data-element_type=\"column\" data-e-type=\"column\">\n\t\t\t<div class=\"elementor-widget-wrap elementor-element-populated\">\n\t\t\t\t\t\t<section class=\"elementor-section elementor-inner-section elementor-element elementor-element-d94a570 elementor-section-boxed elementor-section-height-default elementor-section-height-default\" data-id=\"d94a570\" data-element_type=\"section\" data-e-type=\"section\" data-settings=\"{&quot;jet_parallax_layout_list&quot;:[],&quot;background_background&quot;:&quot;classic&quot;}\">\n\t\t\t\t\t\t<div class=\"elementor-container elementor-column-gap-default\">\n\t\t\t\t\t<div class=\"elementor-column elementor-col-50 elementor-inner-column elementor-element elementor-element-d249a15\" data-id=\"d249a15\" data-element_type=\"column\" data-e-type=\"column\">\n\t\t\t<div class=\"elementor-widget-wrap\">\n\t\t\t\t\t\t\t<\/div>\n\t\t<\/div>\n\t\t\t\t<div class=\"elementor-column elementor-col-50 elementor-inner-column elementor-element elementor-element-c88df2d\" data-id=\"c88df2d\" data-element_type=\"column\" data-e-type=\"column\">\n\t\t\t<div class=\"elementor-widget-wrap elementor-element-populated\">\n\t\t\t\t\t\t<div class=\"elementor-element elementor-element-86d1cbb elementor-widget elementor-widget-heading\" data-id=\"86d1cbb\" data-element_type=\"widget\" data-e-type=\"widget\" data-widget_type=\"heading.default\">\n\t\t\t\t<div class=\"elementor-widget-container\">\n\t\t\t\t\t<h2 class=\"elementor-heading-title elementor-size-default\">Plus Cut<\/h2>\t\t\t\t<\/div>\n\t\t\t\t<\/div>\n\t\t\t\t\t<\/div>\n\t\t<\/div>\n\t\t\t\t\t<\/div>\n\t\t<\/section>\n\t\t\t\t<section class=\"elementor-section elementor-inner-section elementor-element elementor-element-edad319 elementor-section-boxed elementor-section-height-default elementor-section-height-default\" data-id=\"edad319\" data-element_type=\"section\" data-e-type=\"section\" data-settings=\"{&quot;jet_parallax_layout_list&quot;:[],&quot;background_background&quot;:&quot;classic&quot;}\">\n\t\t\t\t\t\t<div class=\"elementor-container elementor-column-gap-default\">\n\t\t\t\t\t<div class=\"elementor-column elementor-col-50 elementor-inner-column elementor-element elementor-element-2cd6b45\" data-id=\"2cd6b45\" data-element_type=\"column\" data-e-type=\"column\">\n\t\t\t<div class=\"elementor-widget-wrap elementor-element-populated\">\n\t\t\t\t\t\t<div class=\"elementor-element elementor-element-a821af5 elementor-widget__width-initial elementor-widget elementor-widget-image\" data-id=\"a821af5\" data-element_type=\"widget\" data-e-type=\"widget\" data-widget_type=\"image.default\">\n\t\t\t\t<div class=\"elementor-widget-container\">\n\t\t\t\t\t\t\t\t\t\t\t\t\t\t\t\t<a href=\"https:\/\/www.nukon.com.tr\/wp-content\/uploads\/2024\/12\/DSCF1082-kopya-min.png\" data-elementor-open-lightbox=\"yes\" data-elementor-lightbox-title=\"DSCF1082 kopya-min\" data-e-action-hash=\"#elementor-action%3Aaction%3Dlightbox%26settings%3DeyJpZCI6MjM3MzEsInVybCI6Imh0dHBzOlwvXC93d3cubnVrb24uY29tLnRyXC93cC1jb250ZW50XC91cGxvYWRzXC8yMDI0XC8xMlwvRFNDRjEwODIta29weWEtbWluLnBuZyJ9\">\n\t\t\t\t\t\t\t<img fetchpriority=\"high\" decoding=\"async\" width=\"1620\" height=\"1080\" src=\"https:\/\/www.nukon.com.tr\/wp-content\/uploads\/2024\/12\/DSCF1082-kopya-min.png\" class=\"attachment-full size-full wp-image-23731\" alt=\"\" srcset=\"https:\/\/www.nukon.com.tr\/wp-content\/uploads\/2024\/12\/DSCF1082-kopya-min.png 1620w, https:\/\/www.nukon.com.tr\/wp-content\/uploads\/2024\/12\/DSCF1082-kopya-min-300x200.png 300w, https:\/\/www.nukon.com.tr\/wp-content\/uploads\/2024\/12\/DSCF1082-kopya-min-1024x683.png 1024w, https:\/\/www.nukon.com.tr\/wp-content\/uploads\/2024\/12\/DSCF1082-kopya-min-768x512.png 768w, https:\/\/www.nukon.com.tr\/wp-content\/uploads\/2024\/12\/DSCF1082-kopya-min-1536x1024.png 1536w, https:\/\/www.nukon.com.tr\/wp-content\/uploads\/2024\/12\/DSCF1082-kopya-min-18x12.png 18w\" sizes=\"(max-width: 1620px) 100vw, 1620px\" title=\"\">\t\t\t\t\t\t\t\t<\/a>\n\t\t\t\t\t\t\t\t\t\t\t\t\t\t\t<\/div>\n\t\t\t\t<\/div>\n\t\t\t\t\t<\/div>\n\t\t<\/div>\n\t\t\t\t<div class=\"elementor-column elementor-col-50 elementor-inner-column elementor-element elementor-element-9943083\" data-id=\"9943083\" data-element_type=\"column\" data-e-type=\"column\">\n\t\t\t<div class=\"elementor-widget-wrap elementor-element-populated\">\n\t\t\t\t\t\t<div class=\"elementor-element elementor-element-d6a71fc elementor-mobile-position-inline-start elementor-view-default elementor-position-block-start elementor-widget elementor-widget-icon-box\" data-id=\"d6a71fc\" data-element_type=\"widget\" data-e-type=\"widget\" data-widget_type=\"icon-box.default\">\n\t\t\t\t<div class=\"elementor-widget-container\">\n\t\t\t\t\t\t\t<div class=\"elementor-icon-box-wrapper\">\n\n\t\t\t\t\t\t<div class=\"elementor-icon-box-icon\">\n\t\t\t\t<span  class=\"elementor-icon\">\n\t\t\t\t<i aria-hidden=\"true\" class=\"fas fa-square-full\"><\/i>\t\t\t\t<\/span>\n\t\t\t<\/div>\n\t\t\t\n\t\t\t\t\t\t<div class=\"elementor-icon-box-content\">\n\n\t\t\t\t\n\t\t\t\t\t\t\t\t\t<p class=\"elementor-icon-box-description\">\n\t\t\t\t\t\t<br>La technique de d\u00e9coupe Nukon PlusCut est sp\u00e9cialement con\u00e7ue pour les mat\u00e9riaux \u00e9pais en acier au carbone et utilise une puissance laser avanc\u00e9e et des syst\u00e8mes de focalisation optimis\u00e9s. Cette approche permet des coupes plus rapides, plus propres et de meilleure qualit\u00e9, en particulier dans les coupes \u00e9paisses qui sont g\u00e9n\u00e9ralement difficiles avec les m\u00e9thodes de d\u00e9coupe standard.\t\t\t\t\t<\/p>\n\t\t\t\t\n\t\t\t<\/div>\n\t\t\t\n\t\t<\/div>\n\t\t\t\t\t\t<\/div>\n\t\t\t\t<\/div>\n\t\t\t\t\t<\/div>\n\t\t<\/div>\n\t\t\t\t\t<\/div>\n\t\t<\/section>\n\t\t\t\t\t<\/div>\n\t\t<\/div>\n\t\t\t\t\t<\/div>\n\t\t<\/section>\n\t\t\t\t<section class=\"elementor-section elementor-top-section elementor-element elementor-element-2e8f880 elementor-section-boxed elementor-section-height-default elementor-section-height-default\" data-id=\"2e8f880\" data-element_type=\"section\" data-e-type=\"section\" data-settings=\"{&quot;jet_parallax_layout_list&quot;:[]}\">\n\t\t\t\t\t\t<div class=\"elementor-container elementor-column-gap-default\">\n\t\t\t\t\t<div class=\"elementor-column elementor-col-50 elementor-top-column elementor-element elementor-element-870fc78\" data-id=\"870fc78\" data-element_type=\"column\" data-e-type=\"column\" data-settings=\"{&quot;background_background&quot;:&quot;classic&quot;}\">\n\t\t\t<div class=\"elementor-widget-wrap elementor-element-populated\">\n\t\t\t\t\t\t<div class=\"elementor-element elementor-element-b15c4d2 elementor-mobile-position-inline-start elementor-view-default elementor-position-block-start elementor-widget elementor-widget-icon-box\" data-id=\"b15c4d2\" data-element_type=\"widget\" data-e-type=\"widget\" data-widget_type=\"icon-box.default\">\n\t\t\t\t<div class=\"elementor-widget-container\">\n\t\t\t\t\t\t\t<div class=\"elementor-icon-box-wrapper\">\n\n\t\t\t\t\t\t<div class=\"elementor-icon-box-icon\">\n\t\t\t\t<span  class=\"elementor-icon\">\n\t\t\t\t<i aria-hidden=\"true\" class=\"fas fa-square-full\"><\/i>\t\t\t\t<\/span>\n\t\t\t<\/div>\n\t\t\t\n\t\t\t\n\t\t<\/div>\n\t\t\t\t\t\t<\/div>\n\t\t\t\t<\/div>\n\t\t\t\t<div class=\"elementor-element elementor-element-587a267 elementor-widget elementor-widget-text-editor\" data-id=\"587a267\" data-element_type=\"widget\" data-e-type=\"widget\" data-widget_type=\"text-editor.default\">\n\t\t\t\t<div class=\"elementor-widget-container\">\n\t\t\t\t\t\t\t\t\t<p><strong>Avantages en termes de rapidit\u00e9 et de co\u00fbt par rapport aux autres techniques de d\u00e9coupe :<\/strong>Cette nouvelle m\u00e9thode permet de couper des aciers au carbone plus \u00e9pais par rapport \u00e0 la d\u00e9coupe \u00e0 l&rsquo;oxyg\u00e8ne traditionnelle, et offre \u00e9galement la possibilit\u00e9 de couper \u00e0 des vitesses allant jusqu&rsquo;\u00e0 20% plus rapidement sur des aciers plus \u00e9pais, r\u00e9duisant ainsi le temps de production.<\/p><p><strong>Efficacit\u00e9 \u00e9nerg\u00e9tique : <\/strong>L\u2019utilisation de lasers de haute puissance augmente l\u2019efficacit\u00e9 \u00e9nerg\u00e9tique et r\u00e9duit les co\u00fbts de traitement globaux.<\/p><p><strong>Qualit\u00e9 de coupe :<\/strong>Le point focal positif et la petite buse permettent de r\u00e9duire la formation de bavures et d&rsquo;obtenir des surfaces plus lisses. En r\u00e9glant la pression d&rsquo;oxyg\u00e8ne, on obtient des coupes plus nettes, ce qui permet d&rsquo;utiliser les pi\u00e8ces sans traitement suppl\u00e9mentaire. On obtient ainsi des trous plus petits et des contours plus nets.<\/p><p>Ces avantages permettent des performances efficaces, de haute qualit\u00e9 et rentables dans la d\u00e9coupe d&rsquo;acier \u00e9pais avec un point focal positif.<\/p>\t\t\t\t\t\t\t\t<\/div>\n\t\t\t\t<\/div>\n\t\t\t\t\t<\/div>\n\t\t<\/div>\n\t\t\t\t<div class=\"elementor-column elementor-col-50 elementor-top-column elementor-element elementor-element-0737287\" data-id=\"0737287\" data-element_type=\"column\" data-e-type=\"column\">\n\t\t\t<div class=\"elementor-widget-wrap elementor-element-populated\">\n\t\t\t\t\t\t<div class=\"elementor-element elementor-element-0ca77ea elementor-widget elementor-widget-image\" data-id=\"0ca77ea\" data-element_type=\"widget\" data-e-type=\"widget\" data-widget_type=\"image.default\">\n\t\t\t\t<div class=\"elementor-widget-container\">\n\t\t\t\t\t\t\t\t\t\t\t\t\t\t\t\t<a href=\"https:\/\/www.nukon.com.tr\/wp-content\/uploads\/2024\/12\/DSCF1152-kopya-min.png\" data-elementor-open-lightbox=\"yes\" data-elementor-lightbox-title=\"DSCF1152 kopya-min\" data-e-action-hash=\"#elementor-action%3Aaction%3Dlightbox%26settings%3DeyJpZCI6MjM3MzksInVybCI6Imh0dHBzOlwvXC93d3cubnVrb24uY29tLnRyXC93cC1jb250ZW50XC91cGxvYWRzXC8yMDI0XC8xMlwvRFNDRjExNTIta29weWEtbWluLnBuZyJ9\">\n\t\t\t\t\t\t\t<img decoding=\"async\" width=\"1620\" height=\"1080\" src=\"https:\/\/www.nukon.com.tr\/wp-content\/uploads\/2024\/12\/DSCF1152-kopya-min.png\" class=\"attachment-full size-full wp-image-23739\" alt=\"\" srcset=\"https:\/\/www.nukon.com.tr\/wp-content\/uploads\/2024\/12\/DSCF1152-kopya-min.png 1620w, https:\/\/www.nukon.com.tr\/wp-content\/uploads\/2024\/12\/DSCF1152-kopya-min-300x200.png 300w, https:\/\/www.nukon.com.tr\/wp-content\/uploads\/2024\/12\/DSCF1152-kopya-min-1024x683.png 1024w, https:\/\/www.nukon.com.tr\/wp-content\/uploads\/2024\/12\/DSCF1152-kopya-min-768x512.png 768w, https:\/\/www.nukon.com.tr\/wp-content\/uploads\/2024\/12\/DSCF1152-kopya-min-1536x1024.png 1536w, https:\/\/www.nukon.com.tr\/wp-content\/uploads\/2024\/12\/DSCF1152-kopya-min-18x12.png 18w\" sizes=\"(max-width: 1620px) 100vw, 1620px\" title=\"\">\t\t\t\t\t\t\t\t<\/a>\n\t\t\t\t\t\t\t\t\t\t\t\t\t\t\t<\/div>\n\t\t\t\t<\/div>\n\t\t\t\t\t<\/div>\n\t\t<\/div>\n\t\t\t\t\t<\/div>\n\t\t<\/section>\n\t\t\t\t<section class=\"elementor-section elementor-top-section elementor-element elementor-element-441d742 elementor-section-boxed elementor-section-height-default elementor-section-height-default\" data-id=\"441d742\" data-element_type=\"section\" data-e-type=\"section\" data-settings=\"{&quot;jet_parallax_layout_list&quot;:[]}\">\n\t\t\t\t\t\t<div class=\"elementor-container elementor-column-gap-no\">\n\t\t\t\t\t<div class=\"elementor-column elementor-col-100 elementor-top-column elementor-element elementor-element-ad678bf\" data-id=\"ad678bf\" data-element_type=\"column\" data-e-type=\"column\">\n\t\t\t<div class=\"elementor-widget-wrap elementor-element-populated\">\n\t\t\t\t\t\t<div class=\"elementor-element elementor-element-5a1be96 elementor-widget elementor-widget-heading\" data-id=\"5a1be96\" data-element_type=\"widget\" data-e-type=\"widget\" data-widget_type=\"heading.default\">\n\t\t\t\t<div class=\"elementor-widget-container\">\n\t\t\t\t\t<h2 class=\"elementor-heading-title elementor-size-default\">Avantages de la d\u00e9coupe laser Nukon Plus Cut :<\/h2>\t\t\t\t<\/div>\n\t\t\t\t<\/div>\n\t\t\t\t<section class=\"elementor-section elementor-inner-section elementor-element elementor-element-21491ef elementor-section-boxed elementor-section-height-default elementor-section-height-default\" data-id=\"21491ef\" data-element_type=\"section\" data-e-type=\"section\" data-settings=\"{&quot;jet_parallax_layout_list&quot;:[]}\">\n\t\t\t\t\t\t<div class=\"elementor-container elementor-column-gap-no\">\n\t\t\t\t\t<div class=\"elementor-column elementor-col-33 elementor-inner-column elementor-element elementor-element-de25874\" data-id=\"de25874\" data-element_type=\"column\" data-e-type=\"column\">\n\t\t\t<div class=\"elementor-widget-wrap elementor-element-populated\">\n\t\t\t\t\t\t<div class=\"elementor-element elementor-element-cf66f97 elementor-mobile-position-inline-start elementor-widget__width-initial elementor-view-default elementor-position-block-start elementor-widget elementor-widget-icon-box\" data-id=\"cf66f97\" data-element_type=\"widget\" data-e-type=\"widget\" data-widget_type=\"icon-box.default\">\n\t\t\t\t<div class=\"elementor-widget-container\">\n\t\t\t\t\t\t\t<div class=\"elementor-icon-box-wrapper\">\n\n\t\t\t\t\t\t<div class=\"elementor-icon-box-icon\">\n\t\t\t\t<span  class=\"elementor-icon\">\n\t\t\t\t<i aria-hidden=\"true\" class=\"fas fa-square-full\"><\/i>\t\t\t\t<\/span>\n\t\t\t<\/div>\n\t\t\t\n\t\t\t\t\t\t<div class=\"elementor-icon-box-content\">\n\n\t\t\t\t\t\t\t\t\t<h3 class=\"elementor-icon-box-title\">\n\t\t\t\t\t\t<span  >\n\t\t\t\t\t\t\tPr\u00e9cision du produit\t\t\t\t\t\t<\/span>\n\t\t\t\t\t<\/h3>\n\t\t\t\t\n\t\t\t\t\t\t\t\t\t<p class=\"elementor-icon-box-description\">\n\t\t\t\t\t\tOptimisez vos co\u00fbts en r\u00e9duisant le gaspillage de mat\u00e9riaux. Nukon PlusCut offre des coupes pr\u00e9cises et exactes pour des pi\u00e8ces de haute qualit\u00e9.\t\t\t\t\t<\/p>\n\t\t\t\t\n\t\t\t<\/div>\n\t\t\t\n\t\t<\/div>\n\t\t\t\t\t\t<\/div>\n\t\t\t\t<\/div>\n\t\t\t\t\t<\/div>\n\t\t<\/div>\n\t\t\t\t<div class=\"elementor-column elementor-col-33 elementor-inner-column elementor-element elementor-element-4f0e799\" data-id=\"4f0e799\" data-element_type=\"column\" data-e-type=\"column\">\n\t\t\t<div class=\"elementor-widget-wrap elementor-element-populated\">\n\t\t\t\t\t\t<div class=\"elementor-element elementor-element-7bdea9e elementor-mobile-position-inline-start elementor-view-default elementor-position-block-start elementor-widget elementor-widget-icon-box\" data-id=\"7bdea9e\" data-element_type=\"widget\" data-e-type=\"widget\" data-widget_type=\"icon-box.default\">\n\t\t\t\t<div class=\"elementor-widget-container\">\n\t\t\t\t\t\t\t<div class=\"elementor-icon-box-wrapper\">\n\n\t\t\t\t\t\t<div class=\"elementor-icon-box-icon\">\n\t\t\t\t<span  class=\"elementor-icon\">\n\t\t\t\t<i aria-hidden=\"true\" class=\"fas fa-square-full\"><\/i>\t\t\t\t<\/span>\n\t\t\t<\/div>\n\t\t\t\n\t\t\t\t\t\t<div class=\"elementor-icon-box-content\">\n\n\t\t\t\t\t\t\t\t\t<h3 class=\"elementor-icon-box-title\">\n\t\t\t\t\t\t<span  >\n\t\t\t\t\t\t\tAvantage de co\u00fbt\t\t\t\t\t\t<\/span>\n\t\t\t\t\t<\/h3>\n\t\t\t\t\n\t\t\t\t\t\t\t\t\t<p class=\"elementor-icon-box-description\">\n\t\t\t\t\t\tNukon PlusCut permet des performances efficaces, de haute qualit\u00e9 et rentables dans la d\u00e9coupe d'acier \u00e9pais gr\u00e2ce \u00e0 son point focal positif.\t\t\t\t\t<\/p>\n\t\t\t\t\n\t\t\t<\/div>\n\t\t\t\n\t\t<\/div>\n\t\t\t\t\t\t<\/div>\n\t\t\t\t<\/div>\n\t\t\t\t\t<\/div>\n\t\t<\/div>\n\t\t\t\t<div class=\"elementor-column elementor-col-33 elementor-inner-column elementor-element elementor-element-70b6ab3\" data-id=\"70b6ab3\" data-element_type=\"column\" data-e-type=\"column\">\n\t\t\t<div class=\"elementor-widget-wrap elementor-element-populated\">\n\t\t\t\t\t\t<div class=\"elementor-element elementor-element-06a2b87 elementor-mobile-position-inline-start elementor-view-default elementor-position-block-start elementor-widget elementor-widget-icon-box\" data-id=\"06a2b87\" data-element_type=\"widget\" data-e-type=\"widget\" data-widget_type=\"icon-box.default\">\n\t\t\t\t<div class=\"elementor-widget-container\">\n\t\t\t\t\t\t\t<div class=\"elementor-icon-box-wrapper\">\n\n\t\t\t\t\t\t<div class=\"elementor-icon-box-icon\">\n\t\t\t\t<span  class=\"elementor-icon\">\n\t\t\t\t<i aria-hidden=\"true\" class=\"fas fa-square-full\"><\/i>\t\t\t\t<\/span>\n\t\t\t<\/div>\n\t\t\t\n\t\t\t\t\t\t<div class=\"elementor-icon-box-content\">\n\n\t\t\t\t\t\t\t\t\t<h3 class=\"elementor-icon-box-title\">\n\t\t\t\t\t\t<span  >\n\t\t\t\t\t\t\tEfficacit\u00e9 accrue\t\t\t\t\t\t<\/span>\n\t\t\t\t\t<\/h3>\n\t\t\t\t\n\t\t\t\t\t\t\t\t\t<p class=\"elementor-icon-box-description\">\n\t\t\t\t\t\tTraitez les aciers au carbone plus \u00e9pais avec une vitesse \u00e9lev\u00e9e et une qualit\u00e9 de coupe avanc\u00e9e.\t\t\t\t\t<\/p>\n\t\t\t\t\n\t\t\t<\/div>\n\t\t\t\n\t\t<\/div>\n\t\t\t\t\t\t<\/div>\n\t\t\t\t<\/div>\n\t\t\t\t\t<\/div>\n\t\t<\/div>\n\t\t\t\t\t<\/div>\n\t\t<\/section>\n\t\t\t\t\t<\/div>\n\t\t<\/div>\n\t\t\t\t\t<\/div>\n\t\t<\/section>\n\t\t\t\t<section class=\"elementor-section elementor-top-section elementor-element elementor-element-c79eea7 elementor-section-boxed elementor-section-height-default elementor-section-height-default\" data-id=\"c79eea7\" data-element_type=\"section\" data-e-type=\"section\" data-settings=\"{&quot;jet_parallax_layout_list&quot;:[]}\">\n\t\t\t\t\t\t<div class=\"elementor-container elementor-column-gap-default\">\n\t\t\t\t\t<div class=\"elementor-column elementor-col-50 elementor-top-column elementor-element elementor-element-652bcab\" data-id=\"652bcab\" data-element_type=\"column\" data-e-type=\"column\" data-settings=\"{&quot;background_background&quot;:&quot;classic&quot;}\">\n\t\t\t<div class=\"elementor-widget-wrap elementor-element-populated\">\n\t\t\t\t\t\t<div class=\"elementor-element elementor-element-991401e elementor-mobile-position-inline-start elementor-view-default elementor-position-block-start elementor-widget elementor-widget-icon-box\" data-id=\"991401e\" data-element_type=\"widget\" data-e-type=\"widget\" data-widget_type=\"icon-box.default\">\n\t\t\t\t<div class=\"elementor-widget-container\">\n\t\t\t\t\t\t\t<div class=\"elementor-icon-box-wrapper\">\n\n\t\t\t\t\t\t<div class=\"elementor-icon-box-icon\">\n\t\t\t\t<span  class=\"elementor-icon\">\n\t\t\t\t<i aria-hidden=\"true\" class=\"fas fa-square-full\"><\/i>\t\t\t\t<\/span>\n\t\t\t<\/div>\n\t\t\t\n\t\t\t\t\t\t<div class=\"elementor-icon-box-content\">\n\n\t\t\t\t\t\t\t\t\t<h3 class=\"elementor-icon-box-title\">\n\t\t\t\t\t\t<span  >\n\t\t\t\t\t\t\tInformations techniques PlusCut\t\t\t\t\t\t<\/span>\n\t\t\t\t\t<\/h3>\n\t\t\t\t\n\t\t\t\t\n\t\t\t<\/div>\n\t\t\t\n\t\t<\/div>\n\t\t\t\t\t\t<\/div>\n\t\t\t\t<\/div>\n\t\t\t\t<div class=\"elementor-element elementor-element-f7953bd elementor-widget elementor-widget-text-editor\" data-id=\"f7953bd\" data-element_type=\"widget\" data-e-type=\"widget\" data-widget_type=\"text-editor.default\">\n\t\t\t\t<div class=\"elementor-widget-container\">\n\t\t\t\t\t\t\t\t\t<p><strong>Domaine d&rsquo;application : <\/strong> La technologie PlusCut est sp\u00e9cifiquement d\u00e9velopp\u00e9e pour la d\u00e9coupe de mat\u00e9riaux \u00e9pais en acier au carbone.<br \/><strong>Performances de coupe : <\/strong> Fournit des coupes plus rapides et de meilleure qualit\u00e9 par rapport aux m\u00e9thodes de d\u00e9coupe laser standard.<br \/><strong>Syst\u00e8me de mise au point : <\/strong> Permet d&rsquo;obtenir des bords lisses et nets m\u00eame sur des mat\u00e9riaux \u00e9pais gr\u00e2ce \u00e0 des syst\u00e8mes de mise au point avanc\u00e9s.<br \/><strong>Efficacit\u00e9 \u00e9nerg\u00e9tique : <\/strong> L&rsquo;efficacit\u00e9 \u00e9nerg\u00e9tique est am\u00e9lior\u00e9e gr\u00e2ce \u00e0 une puissance laser \u00e9lev\u00e9e et des param\u00e8tres de coupe optimis\u00e9s.<br \/><strong>Compatibilit\u00e9 mat\u00e9rielle : <\/strong> Capable de travailler avec des mat\u00e9riaux plus \u00e9pais dans la cat\u00e9gorie de l&rsquo;acier doux, offrant une vitesse et une qualit\u00e9 \u00e9lev\u00e9es.<br \/><strong>Vitesse de coupe : <\/strong> Permet une coupe plus rapide par rapport aux m\u00e9thodes traditionnelles tout en minimisant la formation de scories.<br \/><strong>Niveau de puissance \u00e9lev\u00e9 : <\/strong> L&rsquo;efficacit\u00e9 est particuli\u00e8rement am\u00e9lior\u00e9e avec des mat\u00e9riaux plus \u00e9pais. Par exemple, une puissance laser de 20 kW peut couper efficacement des mat\u00e9riaux en acier au carbone jusqu&rsquo;\u00e0 50 mm d&rsquo;\u00e9paisseur. \u00c0 mesure que le niveau de puissance augmente, l&rsquo;\u00e9paisseur des mat\u00e9riaux pouvant \u00eatre coup\u00e9s augmente \u00e9galement.<\/p>\t\t\t\t\t\t\t\t<\/div>\n\t\t\t\t<\/div>\n\t\t\t\t\t<\/div>\n\t\t<\/div>\n\t\t\t\t<div class=\"elementor-column elementor-col-50 elementor-top-column elementor-element elementor-element-a1fbbc2\" data-id=\"a1fbbc2\" data-element_type=\"column\" data-e-type=\"column\">\n\t\t\t<div class=\"elementor-widget-wrap elementor-element-populated\">\n\t\t\t\t\t\t<div class=\"elementor-element elementor-element-8a1ffff elementor-widget elementor-widget-image\" data-id=\"8a1ffff\" data-element_type=\"widget\" data-e-type=\"widget\" data-widget_type=\"image.default\">\n\t\t\t\t<div class=\"elementor-widget-container\">\n\t\t\t\t\t\t\t\t\t\t\t\t\t\t\t\t<a href=\"https:\/\/www.nukon.com.tr\/wp-content\/uploads\/2024\/12\/DSCF1158-kopya-min.png\" data-elementor-open-lightbox=\"yes\" data-elementor-lightbox-title=\"DSCF1158 kopya-min\" data-e-action-hash=\"#elementor-action%3Aaction%3Dlightbox%26settings%3DeyJpZCI6MjM3NDMsInVybCI6Imh0dHBzOlwvXC93d3cubnVrb24uY29tLnRyXC93cC1jb250ZW50XC91cGxvYWRzXC8yMDI0XC8xMlwvRFNDRjExNTgta29weWEtbWluLnBuZyJ9\">\n\t\t\t\t\t\t\t<img decoding=\"async\" width=\"1620\" height=\"1080\" src=\"https:\/\/www.nukon.com.tr\/wp-content\/uploads\/2024\/12\/DSCF1158-kopya-min.png\" class=\"attachment-full size-full wp-image-23743\" alt=\"\" srcset=\"https:\/\/www.nukon.com.tr\/wp-content\/uploads\/2024\/12\/DSCF1158-kopya-min.png 1620w, https:\/\/www.nukon.com.tr\/wp-content\/uploads\/2024\/12\/DSCF1158-kopya-min-300x200.png 300w, https:\/\/www.nukon.com.tr\/wp-content\/uploads\/2024\/12\/DSCF1158-kopya-min-1024x683.png 1024w, https:\/\/www.nukon.com.tr\/wp-content\/uploads\/2024\/12\/DSCF1158-kopya-min-768x512.png 768w, https:\/\/www.nukon.com.tr\/wp-content\/uploads\/2024\/12\/DSCF1158-kopya-min-1536x1024.png 1536w, https:\/\/www.nukon.com.tr\/wp-content\/uploads\/2024\/12\/DSCF1158-kopya-min-18x12.png 18w\" sizes=\"(max-width: 1620px) 100vw, 1620px\" title=\"\">\t\t\t\t\t\t\t\t<\/a>\n\t\t\t\t\t\t\t\t\t\t\t\t\t\t\t<\/div>\n\t\t\t\t<\/div>\n\t\t\t\t\t<\/div>\n\t\t<\/div>\n\t\t\t\t\t<\/div>\n\t\t<\/section>\n\t\t\t\t<\/div>\n\t\t","protected":false},"excerpt":{"rendered":"<p>https:\/\/www.nukon.com.tr\/wp-content\/uploads\/2022\/10\/Filmim-10.mp4 Plus Cut La technique de d\u00e9coupe Nukon PlusCut est sp\u00e9cialement con\u00e7ue pour les mat\u00e9riaux \u00e9pais en acier au carbone et utilise une puissance laser avanc\u00e9e et des syst\u00e8mes de focalisation optimis\u00e9s. Cette approche permet des coupes plus rapides, plus propres et de meilleure qualit\u00e9, en particulier dans les coupes \u00e9paisses qui sont g\u00e9n\u00e9ralement difficiles [&hellip;]<\/p>\n","protected":false},"author":3,"featured_media":23747,"parent":0,"menu_order":0,"comment_status":"closed","ping_status":"closed","template":"elementor_header_footer","meta":{"footnotes":""},"class_list":["post-23862","page","type-page","status-publish","has-post-thumbnail","hentry"],"_links":{"self":[{"href":"https:\/\/www.nukon.com.tr\/fr\/wp-json\/wp\/v2\/pages\/23862","targetHints":{"allow":["GET"]}}],"collection":[{"href":"https:\/\/www.nukon.com.tr\/fr\/wp-json\/wp\/v2\/pages"}],"about":[{"href":"https:\/\/www.nukon.com.tr\/fr\/wp-json\/wp\/v2\/types\/page"}],"author":[{"embeddable":true,"href":"https:\/\/www.nukon.com.tr\/fr\/wp-json\/wp\/v2\/users\/3"}],"replies":[{"embeddable":true,"href":"https:\/\/www.nukon.com.tr\/fr\/wp-json\/wp\/v2\/comments?post=23862"}],"version-history":[{"count":6,"href":"https:\/\/www.nukon.com.tr\/fr\/wp-json\/wp\/v2\/pages\/23862\/revisions"}],"predecessor-version":[{"id":26095,"href":"https:\/\/www.nukon.com.tr\/fr\/wp-json\/wp\/v2\/pages\/23862\/revisions\/26095"}],"wp:featuredmedia":[{"embeddable":true,"href":"https:\/\/www.nukon.com.tr\/fr\/wp-json\/wp\/v2\/media\/23747"}],"wp:attachment":[{"href":"https:\/\/www.nukon.com.tr\/fr\/wp-json\/wp\/v2\/media?parent=23862"}],"curies":[{"name":"wp","href":"https:\/\/api.w.org\/{rel}","templated":true}]}}