{"id":23946,"date":"2023-10-05T11:39:48","date_gmt":"2023-10-05T08:39:48","guid":{"rendered":"https:\/\/nukon.ctemplate.com\/nozzle-centering\/"},"modified":"2025-03-14T17:13:42","modified_gmt":"2025-03-14T14:13:42","slug":"nozzle-centering","status":"publish","type":"page","link":"https:\/\/www.nukon.com.tr\/de\/nozzle-centering\/","title":{"rendered":"Nozzle Centering"},"content":{"rendered":"\t\t<div data-elementor-type=\"wp-page\" data-elementor-id=\"23946\" class=\"elementor elementor-23946 elementor-16332\" data-elementor-settings=\"{&quot;ha_cmc_init_switcher&quot;:&quot;no&quot;}\" data-elementor-post-type=\"page\">\n\t\t\t\t\t\t<section class=\"elementor-section elementor-top-section elementor-element elementor-element-ae549b9 elementor-section-height-min-height elementor-section-boxed elementor-section-height-default elementor-section-items-middle\" data-id=\"ae549b9\" data-element_type=\"section\" data-e-type=\"section\" data-settings=\"{&quot;jet_parallax_layout_list&quot;:[],&quot;background_background&quot;:&quot;classic&quot;}\">\n\t\t\t\t\t\t<div class=\"elementor-container elementor-column-gap-no\">\n\t\t\t\t\t<div class=\"elementor-column elementor-col-100 elementor-top-column elementor-element elementor-element-1aebc40\" data-id=\"1aebc40\" data-element_type=\"column\" data-e-type=\"column\">\n\t\t\t<div class=\"elementor-widget-wrap elementor-element-populated\">\n\t\t\t\t\t\t<div class=\"elementor-element elementor-element-38384f3 elementor-widget elementor-widget-video\" data-id=\"38384f3\" data-element_type=\"widget\" data-e-type=\"widget\" data-settings=\"{&quot;video_type&quot;:&quot;hosted&quot;,&quot;autoplay&quot;:&quot;yes&quot;,&quot;play_on_mobile&quot;:&quot;yes&quot;,&quot;loop&quot;:&quot;yes&quot;}\" data-widget_type=\"video.default\">\n\t\t\t\t<div class=\"elementor-widget-container\">\n\t\t\t\t\t\t\t<div class=\"e-hosted-video elementor-wrapper elementor-open-inline\">\n\t\t\t\t\t<video class=\"elementor-video\" src=\"https:\/\/www.nukon.com.tr\/wp-content\/uploads\/2022\/10\/Filmim-14-kopyasi.mp4\" autoplay=\"\" loop=\"\" playsinline=\"\" controlsList=\"nodownload\"><\/video>\n\t\t\t\t<\/div>\n\t\t\t\t\t\t<\/div>\n\t\t\t\t<\/div>\n\t\t\t\t\t<\/div>\n\t\t<\/div>\n\t\t\t\t\t<\/div>\n\t\t<\/section>\n\t\t\t\t<section class=\"elementor-section elementor-top-section elementor-element elementor-element-fc7c9ee elementor-section-full_width elementor-section-height-default elementor-section-height-default\" data-id=\"fc7c9ee\" data-element_type=\"section\" data-e-type=\"section\" data-settings=\"{&quot;background_background&quot;:&quot;classic&quot;,&quot;jet_parallax_layout_list&quot;:[]}\">\n\t\t\t\t\t\t<div class=\"elementor-container elementor-column-gap-default\">\n\t\t\t\t\t<div class=\"elementor-column elementor-col-100 elementor-top-column elementor-element elementor-element-24437a2\" data-id=\"24437a2\" data-element_type=\"column\" data-e-type=\"column\">\n\t\t\t<div class=\"elementor-widget-wrap elementor-element-populated\">\n\t\t\t\t\t\t<section class=\"elementor-section elementor-inner-section elementor-element elementor-element-7a8f842 elementor-section-boxed elementor-section-height-default elementor-section-height-default\" data-id=\"7a8f842\" data-element_type=\"section\" data-e-type=\"section\" data-settings=\"{&quot;jet_parallax_layout_list&quot;:[]}\">\n\t\t\t\t\t\t<div class=\"elementor-container elementor-column-gap-default\">\n\t\t\t\t\t<div class=\"elementor-column elementor-col-100 elementor-inner-column elementor-element elementor-element-66b63bb elementor-invisible\" data-id=\"66b63bb\" data-element_type=\"column\" data-e-type=\"column\" data-settings=\"{&quot;background_background&quot;:&quot;classic&quot;,&quot;animation&quot;:&quot;fadeInLeft&quot;}\">\n\t\t\t<div class=\"elementor-widget-wrap elementor-element-populated\">\n\t\t\t\t\t\t<div class=\"elementor-element elementor-element-bd93db4 elementor-invisible elementor-widget elementor-widget-icon-box\" data-id=\"bd93db4\" data-element_type=\"widget\" data-e-type=\"widget\" data-settings=\"{&quot;_animation&quot;:&quot;fadeInDown&quot;}\" data-widget_type=\"icon-box.default\">\n\t\t\t\t<div class=\"elementor-widget-container\">\n\t\t\t\t\t\t\t<div class=\"elementor-icon-box-wrapper\">\n\n\t\t\t\n\t\t\t\t\t\t<div class=\"elementor-icon-box-content\">\n\n\t\t\t\t\t\t\t\t\t<h3 class=\"elementor-icon-box-title\">\n\t\t\t\t\t\t<span  >\n\t\t\t\t\t\t\tAutomatische D\u00fcsenzentrierung in Faserlaserschneidmaschinen\t\t\t\t\t\t<\/span>\n\t\t\t\t\t<\/h3>\n\t\t\t\t\n\t\t\t\t\t\t\t\t\t<p class=\"elementor-icon-box-description\">\n\t\t\t\t\t\t\nDie automatische D\u00fcsenzentrierung ist eine wichtige Technologie f\u00fcr Faserlaserschneidmaschinen und tr\u00e4gt ma\u00dfgeblich zu hoher Pr\u00e4zision und Effizienz beim Schneiden von Metallen und anderen harten Materialien bei. Diese Technologie tr\u00e4gt ma\u00dfgeblich zur Optimierung der Maschineneffizienz und zur Verbesserung der Schnittqualit\u00e4t bei.\n<br>\n\nDie automatische D\u00fcsenzentrierung ist eine Technologie f\u00fcr Faserlaserschneidmaschinen, bei der ein Laserstrahl durch eine D\u00fcse, eine daf\u00fcr vorgesehene Austritts\u00f6ffnung, auf die Materialoberfl\u00e4che gerichtet wird. Die D\u00fcse ist ma\u00dfgeblich an der Fokussierung des Laserstrahls und der Durchf\u00fchrung des Schneidvorgangs beteiligt. Die korrekte Zentrierung der D\u00fcse ist entscheidend f\u00fcr pr\u00e4zises und effizientes Schneiden.\n<br>\nDas automatische D\u00fcsenzentrierungssystem \u00fcberwacht und justiert w\u00e4hrend des Schneidvorgangs kontinuierlich Abstand und Position der D\u00fcse zur Schneidfl\u00e4che. Dies gew\u00e4hrleistet eine pr\u00e4zisere Fokussierung auf die Materialoberfl\u00e4che und verbessert so die Schnittqualit\u00e4t. Gleichzeitig minimiert es Bedienereingriffe und steigert die Produktivit\u00e4t.\t\t\t\t\t<\/p>\n\t\t\t\t\n\t\t\t<\/div>\n\t\t\t\n\t\t<\/div>\n\t\t\t\t\t\t<\/div>\n\t\t\t\t<\/div>\n\t\t\t\t\t<\/div>\n\t\t<\/div>\n\t\t\t\t\t<\/div>\n\t\t<\/section>\n\t\t\t\t\t<\/div>\n\t\t<\/div>\n\t\t\t\t\t<\/div>\n\t\t<\/section>\n\t\t\t\t<section class=\"elementor-section elementor-top-section elementor-element elementor-element-7ff8995 elementor-section-boxed elementor-section-height-default elementor-section-height-default\" data-id=\"7ff8995\" data-element_type=\"section\" data-e-type=\"section\" data-settings=\"{&quot;jet_parallax_layout_list&quot;:[],&quot;background_background&quot;:&quot;classic&quot;}\">\n\t\t\t\t\t\t<div class=\"elementor-container elementor-column-gap-default\">\n\t\t\t\t\t<div class=\"elementor-column elementor-col-50 elementor-top-column elementor-element elementor-element-a5e985d\" data-id=\"a5e985d\" data-element_type=\"column\" data-e-type=\"column\">\n\t\t\t<div class=\"elementor-widget-wrap elementor-element-populated\">\n\t\t\t\t\t\t<div class=\"elementor-element elementor-element-0bef65a elementor-invisible elementor-widget elementor-widget-heading\" data-id=\"0bef65a\" data-element_type=\"widget\" data-e-type=\"widget\" data-settings=\"{&quot;_animation&quot;:&quot;fadeInDown&quot;}\" data-widget_type=\"heading.default\">\n\t\t\t\t<div class=\"elementor-widget-container\">\n\t\t\t\t\t<h2 class=\"elementor-heading-title elementor-size-default\">D\u00dcSENZENTRIERUNG<\/h2>\t\t\t\t<\/div>\n\t\t\t\t<\/div>\n\t\t\t\t<div class=\"elementor-element elementor-element-6fc9538 elementor-invisible elementor-widget elementor-widget-text-editor\" data-id=\"6fc9538\" data-element_type=\"widget\" data-e-type=\"widget\" data-settings=\"{&quot;_animation&quot;:&quot;fadeInDown&quot;}\" data-widget_type=\"text-editor.default\">\n\t\t\t\t<div class=\"elementor-widget-container\">\n\t\t\t\t\t\t\t\t\t<div class=\"page\" title=\"Page 9\"><div class=\"section\"><div class=\"layoutArea\"><div class=\"column\"><p>Die neue innovative Option von Nukon erm\u00f6glicht die gleichzeitige \u00dcberwachung von D\u00fcsenzentrierung und D\u00fcsenstatus. Diese Option verbessert die Geschwindigkeit und Stabilit\u00e4t des D\u00fcsenzentrierprozesses mithilfe einer Kamera. Das Echtzeitbild wird auf dem Bedienbildschirm angezeigt und erm\u00f6glicht dem Bediener die \u00dcberwachung der Mittelposition und D\u00fcsenbereitschaft. Der Bediener kann den Schneidvorgang mithilfe des Zentriermechanismus am Schneidkopf in kurzer Zeit starten, indem er den Zentriervorgang durchf\u00fchrt.<\/p><\/div><\/div><\/div><\/div>\t\t\t\t\t\t\t\t<\/div>\n\t\t\t\t<\/div>\n\t\t\t\t\t<\/div>\n\t\t<\/div>\n\t\t\t\t<div class=\"elementor-column elementor-col-50 elementor-top-column elementor-element elementor-element-111d32b\" data-id=\"111d32b\" data-element_type=\"column\" data-e-type=\"column\">\n\t\t\t<div class=\"elementor-widget-wrap elementor-element-populated\">\n\t\t\t\t\t\t<div class=\"elementor-element elementor-element-47fad8e elementor-widget elementor-widget-image\" data-id=\"47fad8e\" data-element_type=\"widget\" data-e-type=\"widget\" data-widget_type=\"image.default\">\n\t\t\t\t<div class=\"elementor-widget-container\">\n\t\t\t\t\t\t\t\t\t\t\t\t\t\t\t\t<a href=\"https:\/\/www.nukon.com.tr\/wp-content\/uploads\/2023\/06\/Camera-Nozzle-kopya-scaled.jpg\" data-elementor-open-lightbox=\"yes\" data-elementor-lightbox-title=\"Camera Nozzle kopya\" data-e-action-hash=\"#elementor-action%3Aaction%3Dlightbox%26settings%3DeyJpZCI6MjIyMjgsInVybCI6Imh0dHBzOlwvXC93d3cubnVrb24uY29tLnRyXC93cC1jb250ZW50XC91cGxvYWRzXC8yMDIzXC8wNlwvQ2FtZXJhLU5venpsZS1rb3B5YS1zY2FsZWQuanBnIn0%3D\">\n\t\t\t\t\t\t\t<img decoding=\"async\" src=\"https:\/\/www.nukon.com.tr\/wp-content\/uploads\/2023\/06\/Camera-Nozzle-kopya-scaled.jpg\" title=\"Camera Nozzle kopya\" alt=\"Camera Nozzle kopya\" loading=\"lazy\" \/>\t\t\t\t\t\t\t\t<\/a>\n\t\t\t\t\t\t\t\t\t\t\t\t\t\t\t<\/div>\n\t\t\t\t<\/div>\n\t\t\t\t\t<\/div>\n\t\t<\/div>\n\t\t\t\t\t<\/div>\n\t\t<\/section>\n\t\t\t\t<section class=\"jet-tricks-particles-section elementor-section elementor-top-section elementor-element elementor-element-0cab60c elementor-section-boxed elementor-section-height-default elementor-section-height-default\" data-id=\"0cab60c\" data-element_type=\"section\" data-e-type=\"section\" data-settings=\"{&quot;jet_parallax_layout_list&quot;:[],&quot;background_background&quot;:&quot;classic&quot;}\">\n\t\t\t\t\t\t<div class=\"elementor-container elementor-column-gap-default\">\n\t\t\t\t\t<div class=\"elementor-column elementor-col-100 elementor-top-column elementor-element elementor-element-2d18349\" data-id=\"2d18349\" data-element_type=\"column\" data-e-type=\"column\">\n\t\t\t<div class=\"elementor-widget-wrap elementor-element-populated\">\n\t\t\t\t\t\t<div class=\"elementor-element elementor-element-2248aa0 elementor-widget elementor-widget-heading\" data-id=\"2248aa0\" data-element_type=\"widget\" data-e-type=\"widget\" data-widget_type=\"heading.default\">\n\t\t\t\t<div class=\"elementor-widget-container\">\n\t\t\t\t\t<h3 class=\"elementor-heading-title elementor-size-default\">Interessieren Sie sich f\u00fcr ein Produkt?<\/h3>\t\t\t\t<\/div>\n\t\t\t\t<\/div>\n\t\t\t\t<div class=\"elementor-element elementor-element-b426277 elementor-cta--valign-middle elementor-cta--skin-classic elementor-animated-content elementor-widget elementor-widget-call-to-action\" data-id=\"b426277\" data-element_type=\"widget\" data-e-type=\"widget\" data-widget_type=\"call-to-action.default\">\n\t\t\t\t<div class=\"elementor-widget-container\">\n\t\t\t\t\t\t\t<div class=\"elementor-cta\">\n\t\t\t\t\t\t\t<div class=\"elementor-cta__content\">\n\t\t\t\t\t\t\t\t\t<div class=\"elementor-content-item elementor-cta__content-item elementor-icon-wrapper elementor-cta__icon elementor-view-default\">\n\t\t\t\t\t\t<div class=\"elementor-icon\">\n\t\t\t\t\t\t\t\t\t\t\t\t\t<\/div>\n\t\t\t\t\t<\/div>\n\t\t\t\t\n\t\t\t\t\n\t\t\t\t\n\t\t\t\t\t\t\t\t\t<div class=\"elementor-cta__button-wrapper elementor-cta__content-item elementor-content-item \">\n\t\t\t\t\t<a class=\"elementor-cta__button elementor-button elementor-size-md\" href=\"#elementor-action%3Aaction%3Dpopup%3Aopen%26settings%3DeyJpZCI6MTUyOTUsInRvZ2dsZSI6ZmFsc2V9\">\n\t\t\t\t\t\tKontaktiere uns\t\t\t\t\t<\/a>\n\t\t\t\t\t<\/div>\n\t\t\t\t\t\t\t<\/div>\n\t\t\t\t\t\t<\/div>\n\t\t\t\t\t\t<\/div>\n\t\t\t\t<\/div>\n\t\t\t\t\t<\/div>\n\t\t<\/div>\n\t\t\t\t\t<\/div>\n\t\t<\/section>\n\t\t\t\t<\/div>\n\t\t","protected":false},"excerpt":{"rendered":"<p>https:\/\/www.nukon.com.tr\/wp-content\/uploads\/2022\/10\/Filmim-14-kopyasi.mp4 Automatische D\u00fcsenzentrierung in Faserlaserschneidmaschinen Die automatische D\u00fcsenzentrierung ist eine wichtige Technologie f\u00fcr Faserlaserschneidmaschinen und tr\u00e4gt ma\u00dfgeblich zu hoher Pr\u00e4zision und Effizienz beim Schneiden von Metallen und anderen harten Materialien bei. Diese Technologie tr\u00e4gt ma\u00dfgeblich zur Optimierung der Maschineneffizienz und zur Verbesserung der Schnittqualit\u00e4t bei. Die automatische D\u00fcsenzentrierung ist eine Technologie f\u00fcr Faserlaserschneidmaschinen, bei der [&hellip;]<\/p>\n","protected":false},"author":3,"featured_media":0,"parent":0,"menu_order":0,"comment_status":"closed","ping_status":"closed","template":"elementor_header_footer","meta":{"footnotes":""},"class_list":["post-23946","page","type-page","status-publish","hentry"],"_links":{"self":[{"href":"https:\/\/www.nukon.com.tr\/de\/wp-json\/wp\/v2\/pages\/23946","targetHints":{"allow":["GET"]}}],"collection":[{"href":"https:\/\/www.nukon.com.tr\/de\/wp-json\/wp\/v2\/pages"}],"about":[{"href":"https:\/\/www.nukon.com.tr\/de\/wp-json\/wp\/v2\/types\/page"}],"author":[{"embeddable":true,"href":"https:\/\/www.nukon.com.tr\/de\/wp-json\/wp\/v2\/users\/3"}],"replies":[{"embeddable":true,"href":"https:\/\/www.nukon.com.tr\/de\/wp-json\/wp\/v2\/comments?post=23946"}],"version-history":[{"count":7,"href":"https:\/\/www.nukon.com.tr\/de\/wp-json\/wp\/v2\/pages\/23946\/revisions"}],"predecessor-version":[{"id":24310,"href":"https:\/\/www.nukon.com.tr\/de\/wp-json\/wp\/v2\/pages\/23946\/revisions\/24310"}],"wp:attachment":[{"href":"https:\/\/www.nukon.com.tr\/de\/wp-json\/wp\/v2\/media?parent=23946"}],"curies":[{"name":"wp","href":"https:\/\/api.w.org\/{rel}","templated":true}]}}