{"id":23924,"date":"2023-10-19T15:40:15","date_gmt":"2023-10-19T12:40:15","guid":{"rendered":"https:\/\/nukon.ctemplate.com\/industry-4-0\/"},"modified":"2025-03-14T16:52:29","modified_gmt":"2025-03-14T13:52:29","slug":"industry-4-0","status":"publish","type":"page","link":"https:\/\/www.nukon.com.tr\/de\/industry-4-0\/","title":{"rendered":"INDUSTRY 4.0"},"content":{"rendered":"\t\t<div data-elementor-type=\"wp-page\" data-elementor-id=\"23924\" class=\"elementor elementor-23924 elementor-17142\" data-elementor-settings=\"{&quot;ha_cmc_init_switcher&quot;:&quot;no&quot;}\" data-elementor-post-type=\"page\">\n\t\t\t\t\t\t<section class=\"elementor-section elementor-top-section elementor-element elementor-element-ae549b9 elementor-section-height-min-height elementor-section-stretched elementor-section-boxed elementor-section-height-default elementor-section-items-middle\" data-id=\"ae549b9\" data-element_type=\"section\" data-e-type=\"section\" data-settings=\"{&quot;jet_parallax_layout_list&quot;:[],&quot;background_background&quot;:&quot;classic&quot;,&quot;stretch_section&quot;:&quot;section-stretched&quot;}\">\n\t\t\t\t\t\t<div class=\"elementor-container elementor-column-gap-no\">\n\t\t\t\t\t<div class=\"elementor-column elementor-col-100 elementor-top-column elementor-element elementor-element-1aebc40\" data-id=\"1aebc40\" data-element_type=\"column\" data-e-type=\"column\">\n\t\t\t<div class=\"elementor-widget-wrap elementor-element-populated\">\n\t\t\t\t\t\t<div class=\"elementor-element elementor-element-08455fe elementor-widget elementor-widget-image\" data-id=\"08455fe\" data-element_type=\"widget\" data-e-type=\"widget\" data-widget_type=\"image.default\">\n\t\t\t\t<div class=\"elementor-widget-container\">\n\t\t\t\t\t\t\t\t\t\t\t\t\t\t\t<img fetchpriority=\"high\" decoding=\"async\" width=\"2560\" height=\"987\" src=\"https:\/\/www.nukon.com.tr\/wp-content\/uploads\/2023\/10\/industry4.0-nukon-scaled.webp\" class=\"attachment-full size-full wp-image-23296\" alt=\"\" srcset=\"https:\/\/www.nukon.com.tr\/wp-content\/uploads\/2023\/10\/industry4.0-nukon-scaled.webp 2560w, https:\/\/www.nukon.com.tr\/wp-content\/uploads\/2023\/10\/industry4.0-nukon-300x116.webp 300w, https:\/\/www.nukon.com.tr\/wp-content\/uploads\/2023\/10\/industry4.0-nukon-1024x395.webp 1024w, https:\/\/www.nukon.com.tr\/wp-content\/uploads\/2023\/10\/industry4.0-nukon-768x296.webp 768w, https:\/\/www.nukon.com.tr\/wp-content\/uploads\/2023\/10\/industry4.0-nukon-1536x592.webp 1536w, https:\/\/www.nukon.com.tr\/wp-content\/uploads\/2023\/10\/industry4.0-nukon-2048x790.webp 2048w, https:\/\/www.nukon.com.tr\/wp-content\/uploads\/2023\/10\/industry4.0-nukon-18x7.webp 18w\" sizes=\"(max-width: 2560px) 100vw, 2560px\" title=\"\">\t\t\t\t\t\t\t\t\t\t\t\t\t\t\t<\/div>\n\t\t\t\t<\/div>\n\t\t\t\t\t<\/div>\n\t\t<\/div>\n\t\t\t\t\t<\/div>\n\t\t<\/section>\n\t\t\t\t<section class=\"elementor-section elementor-top-section elementor-element elementor-element-fc7c9ee elementor-section-boxed elementor-section-height-default elementor-section-height-default\" data-id=\"fc7c9ee\" data-element_type=\"section\" data-e-type=\"section\" data-settings=\"{&quot;background_background&quot;:&quot;classic&quot;,&quot;jet_parallax_layout_list&quot;:[]}\">\n\t\t\t\t\t\t<div class=\"elementor-container elementor-column-gap-default\">\n\t\t\t\t\t<div class=\"elementor-column elementor-col-100 elementor-top-column elementor-element elementor-element-24437a2\" data-id=\"24437a2\" data-element_type=\"column\" data-e-type=\"column\" data-settings=\"{&quot;background_background&quot;:&quot;classic&quot;}\">\n\t\t\t<div class=\"elementor-widget-wrap elementor-element-populated\">\n\t\t\t\t\t\t<div class=\"elementor-element elementor-element-acf4c9d elementor-invisible elementor-widget elementor-widget-heading\" data-id=\"acf4c9d\" data-element_type=\"widget\" data-e-type=\"widget\" data-settings=\"{&quot;_animation&quot;:&quot;fadeInDown&quot;}\" data-widget_type=\"heading.default\">\n\t\t\t\t<div class=\"elementor-widget-container\">\n\t\t\t\t\t<h2 class=\"elementor-heading-title elementor-size-default\">INDUSTRIE 4.0<\/h2>\t\t\t\t<\/div>\n\t\t\t\t<\/div>\n\t\t\t\t<div class=\"elementor-element elementor-element-0ce705c elementor-invisible elementor-widget elementor-widget-heading\" data-id=\"0ce705c\" data-element_type=\"widget\" data-e-type=\"widget\" data-settings=\"{&quot;_animation&quot;:&quot;fadeInDown&quot;}\" data-widget_type=\"heading.default\">\n\t\t\t\t<div class=\"elementor-widget-container\">\n\t\t\t\t\t<h2 class=\"elementor-heading-title elementor-size-default\">Der Aufstieg der digitalen Transformation in der Fertigung<\/h2>\t\t\t\t<\/div>\n\t\t\t\t<\/div>\n\t\t\t\t<div class=\"elementor-element elementor-element-bd93db4 elementor-invisible elementor-widget elementor-widget-icon-box\" data-id=\"bd93db4\" data-element_type=\"widget\" data-e-type=\"widget\" data-settings=\"{&quot;_animation&quot;:&quot;fadeInDown&quot;}\" data-widget_type=\"icon-box.default\">\n\t\t\t\t<div class=\"elementor-widget-container\">\n\t\t\t\t\t\t\t<div class=\"elementor-icon-box-wrapper\">\n\n\t\t\t\n\t\t\t\t\t\t<div class=\"elementor-icon-box-content\">\n\n\t\t\t\t\n\t\t\t\t\t\t\t\t\t<p class=\"elementor-icon-box-description\">\n\t\t\t\t\t\tIndustrie 4.0 ist ein Konzept, das sich auf die Integration intelligenter Technologien und die Digitalisierung moderner Fertigungsprozesse bezieht. Ziel dieser neuen industriellen Revolution ist es, die Effizienz der Produktionsprozesse zu steigern, einen Wettbewerbsvorteil zu erlangen und flexiblere Produktionsm\u00f6glichkeiten zu schaffen. Als Hersteller von Faserlaserschneidmaschinen beobachten wir genau die Chancen, die Industrie 4.0 bietet, und die Rolle der Faserlasertechnologie bei diesem Wandel.\n\nEine der Schl\u00fcsselkomponenten von Industrie 4.0 sind intelligente Fertigungssysteme, die die Leistung unserer Faserlaserschneidmaschinen steigern und gleichzeitig die betriebliche Effizienz verbessern. Die Datenanalyse- und Automatisierungsfunktionen unserer Maschinen machen Produktionsprozesse vorhersehbarer, minimieren Fehler und reduzieren Produktionsausfallzeiten erheblich.\nDie Integration unserer Faserlaserschneidmaschinen in Industrie 4.0 erm\u00f6glicht einen Datenfluss und eine Steuerung in Echtzeit und macht Produktionsprozesse effizienter und flexibler. Dies wiederum hilft uns, Produkte schneller und von h\u00f6herer Qualit\u00e4t zu liefern. Dar\u00fcber hinaus erm\u00f6glichen wir durch Fern\u00fcberwachungs- und Wartungsoptionen jederzeit eine Echtzeitverfolgung der Maschinenleistung.\n\nDer integrierte Charakter unserer Faserlaserschneidemaschinen mit Industrie 4.0 bietet Vorteile f\u00fcr die Umwelt wie eine h\u00f6here Produktionseffizienz, Energieeinsparungen und weniger Abfall in Herstellungsprozessen. Dies unterst\u00fctzt unsere Ziele einer nachhaltigen Produktion und tr\u00e4gt dazu bei, unseren CO2-Fu\u00dfabdruck zu reduzieren.\n\nUnser auf Industrie 4.0 ausgerichteter Ansatz in der Faserlaser-Schneidemaschinentechnologie erm\u00f6glicht es uns, unseren Kunden schnellere und flexiblere L\u00f6sungen anzubieten, unseren Wettbewerbsvorteil in der Branche zu st\u00e4rken und gleichzeitig die Produktionseffizienz und -qualit\u00e4t zu verbessern.\n\nIndem wir die digitale Transformation durch Industrie 4.0 annehmen, setzen wir einen neuen Standard in der Produktion von Faserlaserschneidemaschinen und der Kundenzufriedenheit. Wir werden weiterhin die Chancen von Industrie 4.0 f\u00fcr eine intelligentere, flexiblere und nachhaltigere Produktion nutzen.\u201c\t\t\t\t\t<\/p>\n\t\t\t\t\n\t\t\t<\/div>\n\t\t\t\n\t\t<\/div>\n\t\t\t\t\t\t<\/div>\n\t\t\t\t<\/div>\n\t\t\t\t\t<\/div>\n\t\t<\/div>\n\t\t\t\t\t<\/div>\n\t\t<\/section>\n\t\t\t\t<section class=\"jet-tricks-particles-section elementor-section elementor-top-section elementor-element elementor-element-0cab60c elementor-section-boxed elementor-section-height-default elementor-section-height-default\" data-id=\"0cab60c\" data-element_type=\"section\" data-e-type=\"section\" data-settings=\"{&quot;jet_parallax_layout_list&quot;:[],&quot;background_background&quot;:&quot;classic&quot;}\">\n\t\t\t\t\t\t<div class=\"elementor-container elementor-column-gap-default\">\n\t\t\t\t\t<div class=\"elementor-column elementor-col-100 elementor-top-column elementor-element elementor-element-2d18349\" data-id=\"2d18349\" data-element_type=\"column\" data-e-type=\"column\">\n\t\t\t<div class=\"elementor-widget-wrap elementor-element-populated\">\n\t\t\t\t\t\t<div class=\"elementor-element elementor-element-2248aa0 elementor-widget elementor-widget-heading\" data-id=\"2248aa0\" data-element_type=\"widget\" data-e-type=\"widget\" data-widget_type=\"heading.default\">\n\t\t\t\t<div class=\"elementor-widget-container\">\n\t\t\t\t\t<h3 class=\"elementor-heading-title elementor-size-default\">Interessieren Sie sich f\u00fcr ein Produkt?<\/h3>\t\t\t\t<\/div>\n\t\t\t\t<\/div>\n\t\t\t\t<div class=\"elementor-element elementor-element-b426277 elementor-cta--valign-middle elementor-cta--skin-classic elementor-animated-content elementor-widget elementor-widget-call-to-action\" data-id=\"b426277\" data-element_type=\"widget\" data-e-type=\"widget\" data-widget_type=\"call-to-action.default\">\n\t\t\t\t<div class=\"elementor-widget-container\">\n\t\t\t\t\t\t\t<div class=\"elementor-cta\">\n\t\t\t\t\t\t\t<div class=\"elementor-cta__content\">\n\t\t\t\t\t\t\t\t\t<div class=\"elementor-content-item elementor-cta__content-item elementor-icon-wrapper elementor-cta__icon elementor-view-default\">\n\t\t\t\t\t\t<div class=\"elementor-icon\">\n\t\t\t\t\t\t\t\t\t\t\t\t\t<\/div>\n\t\t\t\t\t<\/div>\n\t\t\t\t\n\t\t\t\t\n\t\t\t\t\n\t\t\t\t\t\t\t\t\t<div class=\"elementor-cta__button-wrapper elementor-cta__content-item elementor-content-item \">\n\t\t\t\t\t<a class=\"elementor-cta__button elementor-button elementor-size-md\" href=\"#elementor-action%3Aaction%3Dpopup%3Aopen%26settings%3DeyJpZCI6MTUyOTUsInRvZ2dsZSI6ZmFsc2V9\">\n\t\t\t\t\t\tKontaktiere uns\t\t\t\t\t<\/a>\n\t\t\t\t\t<\/div>\n\t\t\t\t\t\t\t<\/div>\n\t\t\t\t\t\t<\/div>\n\t\t\t\t\t\t<\/div>\n\t\t\t\t<\/div>\n\t\t\t\t\t<\/div>\n\t\t<\/div>\n\t\t\t\t\t<\/div>\n\t\t<\/section>\n\t\t\t\t<\/div>\n\t\t","protected":false},"excerpt":{"rendered":"<p>INDUSTRIE 4.0 Der Aufstieg der digitalen Transformation in der Fertigung Industrie 4.0 ist ein Konzept, das sich auf die Integration intelligenter Technologien und die Digitalisierung moderner Fertigungsprozesse bezieht. Ziel dieser neuen industriellen Revolution ist es, die Effizienz der Produktionsprozesse zu steigern, einen Wettbewerbsvorteil zu erlangen und flexiblere Produktionsm\u00f6glichkeiten zu schaffen. Als Hersteller von Faserlaserschneidmaschinen beobachten [&hellip;]<\/p>\n","protected":false},"author":3,"featured_media":0,"parent":0,"menu_order":0,"comment_status":"closed","ping_status":"closed","template":"","meta":{"footnotes":""},"class_list":["post-23924","page","type-page","status-publish","hentry"],"_links":{"self":[{"href":"https:\/\/www.nukon.com.tr\/de\/wp-json\/wp\/v2\/pages\/23924","targetHints":{"allow":["GET"]}}],"collection":[{"href":"https:\/\/www.nukon.com.tr\/de\/wp-json\/wp\/v2\/pages"}],"about":[{"href":"https:\/\/www.nukon.com.tr\/de\/wp-json\/wp\/v2\/types\/page"}],"author":[{"embeddable":true,"href":"https:\/\/www.nukon.com.tr\/de\/wp-json\/wp\/v2\/users\/3"}],"replies":[{"embeddable":true,"href":"https:\/\/www.nukon.com.tr\/de\/wp-json\/wp\/v2\/comments?post=23924"}],"version-history":[{"count":7,"href":"https:\/\/www.nukon.com.tr\/de\/wp-json\/wp\/v2\/pages\/23924\/revisions"}],"predecessor-version":[{"id":24280,"href":"https:\/\/www.nukon.com.tr\/de\/wp-json\/wp\/v2\/pages\/23924\/revisions\/24280"}],"wp:attachment":[{"href":"https:\/\/www.nukon.com.tr\/de\/wp-json\/wp\/v2\/media?parent=23924"}],"curies":[{"name":"wp","href":"https:\/\/api.w.org\/{rel}","templated":true}]}}