{"id":23910,"date":"2023-10-19T16:29:04","date_gmt":"2023-10-19T13:29:04","guid":{"rendered":"https:\/\/nukon.ctemplate.com\/automatic-nozzle-changer\/"},"modified":"2025-03-14T16:46:00","modified_gmt":"2025-03-14T13:46:00","slug":"automatic-nozzle-changer","status":"publish","type":"page","link":"https:\/\/www.nukon.com.tr\/de\/automatic-nozzle-changer\/","title":{"rendered":"AUTOMATIC NOZZLE CHANGER"},"content":{"rendered":"\t\t<div data-elementor-type=\"wp-page\" data-elementor-id=\"23910\" class=\"elementor elementor-23910 elementor-17237\" data-elementor-settings=\"{&quot;ha_cmc_init_switcher&quot;:&quot;no&quot;}\" data-elementor-post-type=\"page\">\n\t\t\t\t\t\t<section class=\"elementor-section elementor-top-section elementor-element elementor-element-ae549b9 elementor-section-boxed elementor-section-height-default elementor-section-height-default\" data-id=\"ae549b9\" data-element_type=\"section\" data-e-type=\"section\" data-settings=\"{&quot;jet_parallax_layout_list&quot;:[],&quot;background_background&quot;:&quot;classic&quot;}\">\n\t\t\t\t\t\t<div class=\"elementor-container elementor-column-gap-no\">\n\t\t\t\t\t<div class=\"elementor-column elementor-col-100 elementor-top-column elementor-element elementor-element-1aebc40\" data-id=\"1aebc40\" data-element_type=\"column\" data-e-type=\"column\">\n\t\t\t<div class=\"elementor-widget-wrap elementor-element-populated\">\n\t\t\t\t\t\t<div class=\"elementor-element elementor-element-b01f98d elementor-widget elementor-widget-image\" data-id=\"b01f98d\" data-element_type=\"widget\" data-e-type=\"widget\" data-widget_type=\"image.default\">\n\t\t\t\t<div class=\"elementor-widget-container\">\n\t\t\t\t\t\t\t\t\t\t\t\t\t\t\t<img fetchpriority=\"high\" decoding=\"async\" width=\"2560\" height=\"1440\" src=\"https:\/\/www.nukon.com.tr\/wp-content\/uploads\/2023\/10\/Nozzle-Changer-3-copy-min-scaled.webp\" class=\"attachment-full size-full wp-image-23284\" alt=\"\" srcset=\"https:\/\/www.nukon.com.tr\/wp-content\/uploads\/2023\/10\/Nozzle-Changer-3-copy-min-scaled.webp 2560w, https:\/\/www.nukon.com.tr\/wp-content\/uploads\/2023\/10\/Nozzle-Changer-3-copy-min-300x169.webp 300w, https:\/\/www.nukon.com.tr\/wp-content\/uploads\/2023\/10\/Nozzle-Changer-3-copy-min-1024x576.webp 1024w, https:\/\/www.nukon.com.tr\/wp-content\/uploads\/2023\/10\/Nozzle-Changer-3-copy-min-768x432.webp 768w, https:\/\/www.nukon.com.tr\/wp-content\/uploads\/2023\/10\/Nozzle-Changer-3-copy-min-1536x864.webp 1536w, https:\/\/www.nukon.com.tr\/wp-content\/uploads\/2023\/10\/Nozzle-Changer-3-copy-min-2048x1152.webp 2048w, https:\/\/www.nukon.com.tr\/wp-content\/uploads\/2023\/10\/Nozzle-Changer-3-copy-min-18x10.webp 18w\" sizes=\"(max-width: 2560px) 100vw, 2560px\" title=\"\">\t\t\t\t\t\t\t\t\t\t\t\t\t\t\t<\/div>\n\t\t\t\t<\/div>\n\t\t\t\t\t<\/div>\n\t\t<\/div>\n\t\t\t\t\t<\/div>\n\t\t<\/section>\n\t\t\t\t<section class=\"elementor-section elementor-top-section elementor-element elementor-element-c09a998 elementor-section-boxed elementor-section-height-default elementor-section-height-default\" data-id=\"c09a998\" data-element_type=\"section\" data-e-type=\"section\" data-settings=\"{&quot;jet_parallax_layout_list&quot;:[],&quot;background_background&quot;:&quot;classic&quot;}\">\n\t\t\t\t\t\t<div class=\"elementor-container elementor-column-gap-default\">\n\t\t\t\t\t<div class=\"elementor-column elementor-col-100 elementor-top-column elementor-element elementor-element-0f505b8\" data-id=\"0f505b8\" data-element_type=\"column\" data-e-type=\"column\" data-settings=\"{&quot;background_background&quot;:&quot;classic&quot;}\">\n\t\t\t<div class=\"elementor-widget-wrap elementor-element-populated\">\n\t\t\t\t\t\t<div class=\"elementor-element elementor-element-fd9c1ff elementor-widget elementor-widget-heading\" data-id=\"fd9c1ff\" data-element_type=\"widget\" data-e-type=\"widget\" data-widget_type=\"heading.default\">\n\t\t\t\t<div class=\"elementor-widget-container\">\n\t\t\t\t\t<h1 class=\"elementor-heading-title elementor-size-default\">AUTOMATISCHER D\u00dcSENWECHSLER<\/h1>\t\t\t\t<\/div>\n\t\t\t\t<\/div>\n\t\t\t\t<div class=\"elementor-element elementor-element-44e0e38 elementor-widget elementor-widget-text-editor\" data-id=\"44e0e38\" data-element_type=\"widget\" data-e-type=\"widget\" data-widget_type=\"text-editor.default\">\n\t\t\t\t<div class=\"elementor-widget-container\">\n\t\t\t\t\t\t\t\t\t<strong>D\u00fcsenaustausch, der die Schneidleistung und -pr\u00e4zision verbessert.<\/strong>\n\nRegelm\u00e4\u00dfiger D\u00fcsenwechsel ist nicht nur f\u00fcr die Steigerung der Maschineneffizienz, sondern auch f\u00fcr die Sicherstellung von Schnittqualit\u00e4t und -konsistenz unerl\u00e4sslich. Er verhindert eine verschlei\u00dfbedingte Verschlechterung der Schnittqualit\u00e4t. Dar\u00fcber hinaus erh\u00e4lt er die Sauberkeit und Pr\u00e4zision des Werkst\u00fccks, minimiert den Materialabfall und gew\u00e4hrleistet einen einwandfreien Schneidprozess. Mit ma\u00dfgeschneiderten D\u00fcsenoptionen f\u00fcr unterschiedliche Schneidanforderungen wird eine breite Palette an L\u00f6sungen f\u00fcr spezifische Anforderungen angeboten.\t\t\t\t\t\t\t\t<\/div>\n\t\t\t\t<\/div>\n\t\t\t\t\t<\/div>\n\t\t<\/div>\n\t\t\t\t\t<\/div>\n\t\t<\/section>\n\t\t\t\t<section class=\"jet-tricks-particles-section elementor-section elementor-top-section elementor-element elementor-element-0cab60c elementor-section-boxed elementor-section-height-default elementor-section-height-default\" data-id=\"0cab60c\" data-element_type=\"section\" data-e-type=\"section\" data-settings=\"{&quot;jet_parallax_layout_list&quot;:[],&quot;background_background&quot;:&quot;classic&quot;}\">\n\t\t\t\t\t\t<div class=\"elementor-container elementor-column-gap-default\">\n\t\t\t\t\t<div class=\"elementor-column elementor-col-100 elementor-top-column elementor-element elementor-element-2d18349\" data-id=\"2d18349\" data-element_type=\"column\" data-e-type=\"column\">\n\t\t\t<div class=\"elementor-widget-wrap elementor-element-populated\">\n\t\t\t\t\t\t<div class=\"elementor-element elementor-element-2248aa0 elementor-widget elementor-widget-heading\" data-id=\"2248aa0\" data-element_type=\"widget\" data-e-type=\"widget\" data-widget_type=\"heading.default\">\n\t\t\t\t<div class=\"elementor-widget-container\">\n\t\t\t\t\t<h3 class=\"elementor-heading-title elementor-size-default\">Interessieren Sie sich f\u00fcr ein Produkt?<\/h3>\t\t\t\t<\/div>\n\t\t\t\t<\/div>\n\t\t\t\t<div class=\"elementor-element elementor-element-b426277 elementor-cta--valign-middle elementor-cta--skin-classic elementor-animated-content elementor-widget elementor-widget-call-to-action\" data-id=\"b426277\" data-element_type=\"widget\" data-e-type=\"widget\" data-widget_type=\"call-to-action.default\">\n\t\t\t\t<div class=\"elementor-widget-container\">\n\t\t\t\t\t\t\t<div class=\"elementor-cta\">\n\t\t\t\t\t\t\t<div class=\"elementor-cta__content\">\n\t\t\t\t\t\t\t\t\t<div class=\"elementor-content-item elementor-cta__content-item elementor-icon-wrapper elementor-cta__icon elementor-view-default\">\n\t\t\t\t\t\t<div class=\"elementor-icon\">\n\t\t\t\t\t\t\t\t\t\t\t\t\t<\/div>\n\t\t\t\t\t<\/div>\n\t\t\t\t\n\t\t\t\t\n\t\t\t\t\n\t\t\t\t\t\t\t\t\t<div class=\"elementor-cta__button-wrapper elementor-cta__content-item elementor-content-item \">\n\t\t\t\t\t<a class=\"elementor-cta__button elementor-button elementor-size-md\" href=\"#elementor-action%3Aaction%3Dpopup%3Aopen%26settings%3DeyJpZCI6MTUyOTUsInRvZ2dsZSI6ZmFsc2V9\">\n\t\t\t\t\t\t Kontaktiere uns\t\t\t\t\t<\/a>\n\t\t\t\t\t<\/div>\n\t\t\t\t\t\t\t<\/div>\n\t\t\t\t\t\t<\/div>\n\t\t\t\t\t\t<\/div>\n\t\t\t\t<\/div>\n\t\t\t\t\t<\/div>\n\t\t<\/div>\n\t\t\t\t\t<\/div>\n\t\t<\/section>\n\t\t\t\t<\/div>\n\t\t","protected":false},"excerpt":{"rendered":"<p>AUTOMATISCHER D\u00dcSENWECHSLER D\u00fcsenaustausch, der die Schneidleistung und -pr\u00e4zision verbessert. Regelm\u00e4\u00dfiger D\u00fcsenwechsel ist nicht nur f\u00fcr die Steigerung der Maschineneffizienz, sondern auch f\u00fcr die Sicherstellung von Schnittqualit\u00e4t und -konsistenz unerl\u00e4sslich. Er verhindert eine verschlei\u00dfbedingte Verschlechterung der Schnittqualit\u00e4t. Dar\u00fcber hinaus erh\u00e4lt er die Sauberkeit und Pr\u00e4zision des Werkst\u00fccks, minimiert den Materialabfall und gew\u00e4hrleistet einen einwandfreien Schneidprozess. Mit [&hellip;]<\/p>\n","protected":false},"author":3,"featured_media":0,"parent":0,"menu_order":0,"comment_status":"closed","ping_status":"closed","template":"elementor_header_footer","meta":{"footnotes":""},"class_list":["post-23910","page","type-page","status-publish","hentry"],"_links":{"self":[{"href":"https:\/\/www.nukon.com.tr\/de\/wp-json\/wp\/v2\/pages\/23910","targetHints":{"allow":["GET"]}}],"collection":[{"href":"https:\/\/www.nukon.com.tr\/de\/wp-json\/wp\/v2\/pages"}],"about":[{"href":"https:\/\/www.nukon.com.tr\/de\/wp-json\/wp\/v2\/types\/page"}],"author":[{"embeddable":true,"href":"https:\/\/www.nukon.com.tr\/de\/wp-json\/wp\/v2\/users\/3"}],"replies":[{"embeddable":true,"href":"https:\/\/www.nukon.com.tr\/de\/wp-json\/wp\/v2\/comments?post=23910"}],"version-history":[{"count":7,"href":"https:\/\/www.nukon.com.tr\/de\/wp-json\/wp\/v2\/pages\/23910\/revisions"}],"predecessor-version":[{"id":24261,"href":"https:\/\/www.nukon.com.tr\/de\/wp-json\/wp\/v2\/pages\/23910\/revisions\/24261"}],"wp:attachment":[{"href":"https:\/\/www.nukon.com.tr\/de\/wp-json\/wp\/v2\/media?parent=23910"}],"curies":[{"name":"wp","href":"https:\/\/api.w.org\/{rel}","templated":true}]}}